{"id":12941,"date":"2020-09-30T03:32:42","date_gmt":"2020-09-30T08:32:42","guid":{"rendered":"https:\/\/defabrica.com.mx\/defabrica\/?post_type=product&#038;p=12941"},"modified":"2023-01-24T14:02:28","modified_gmt":"2023-01-24T20:02:28","slug":"mouse-inalambrico-logitech-m317-edicion-para-aficionados-al-futbol-de-mexico","status":"publish","type":"product","link":"https:\/\/defabrica.com.mx\/defabrica\/producto\/mouse-inalambrico-logitech-m317-edicion-para-aficionados-al-futbol-de-mexico\/","title":{"rendered":"Mouse inal\u00e1mbrico Logitech M317"},"content":{"rendered":"<p>Su orgullo con el \u00fanico mouse dise\u00f1ado para los verdaderos fan\u00e1ticos del f\u00fatbol de M\u00e9xico. Este c\u00f3modo mouse inal\u00e1mbrico, de Logitech Global Fan Collection, le permite mostrar su pasi\u00f3n por el juego mientras navega por la web, Facebook y correos electr\u00f3nicos con una velocidad y precisi\u00f3n incre\u00edbles.<\/p>\n<p>&nbsp;<\/p>\n<h3><strong>Caracteristicas<\/strong><\/h3>\n<ul>\n<li>El peque\u00f1o receptor unificador de Logitech conecta instant\u00e1neamente el mouse a su computadora, y hasta cinco teclados y mouse inal\u00e1mbricos m\u00e1s compatibles, usando un solo puerto USB. El receptor es tan peque\u00f1o que puede permanecer en su computadora port\u00e1til. La robusta conexi\u00f3n inal\u00e1mbrica de 2,4 GHz le brinda libertad inal\u00e1mbrica m\u00e1s la confiabilidad de una conexi\u00f3n por cable.<\/li>\n<li>Disfrute de una forma contorneada amigable con las manos, agarres de goma suave y una rueda de desplazamiento suave que mantiene su mano c\u00f3moda, incluso despu\u00e9s de largas horas de uso. Obtenga toda la comodidad y calidad que espera de Logitech, el l\u00edder mundial en ratones.<\/li>\n<li>Diga adi\u00f3s a la molestia de tener que cambiar siempre las pilas. Una sola bater\u00eda AAA preinstalada alimenta su mouse por hasta 12 meses *. Una pr\u00e1ctica luz indicadora tambi\u00e9n elimina las sorpresas al facilitar la visualizaci\u00f3n cuando la bater\u00eda se est\u00e1 agotando. (* La duraci\u00f3n de la bater\u00eda puede variar seg\u00fan el usuario y las condiciones inform\u00e1ticas).<\/li>\n<li>Seguimiento \u00f3ptico avanzado de Logitech: disfrute de la precisi\u00f3n de apuntar y hacer clic<\/li>\n<li>Receptor unificador: conexi\u00f3n inal\u00e1mbrica s\u00f3lida con un peque\u00f1o receptor USB que permanece en su computadora port\u00e1til<\/li>\n<li>Larga duraci\u00f3n de la bater\u00eda: hasta 12 meses de duraci\u00f3n de la bater\u00eda pr\u00e1cticamente elimina la necesidad de cambiar las bater\u00edas<\/li>\n<li>Amplia compatibilidad: funciona con computadoras Windows, Mac y Linux<\/li>\n<\/ul>\n","protected":false},"excerpt":{"rendered":"<p>Su orgullo con el \u00fanico mouse dise\u00f1ado para los verdaderos fan\u00e1ticos del f\u00fatbol de M\u00e9xico. Este c\u00f3modo mouse inal\u00e1mbrico, de Logitech Global Fan Collection, le permite mostrar su pasi\u00f3n por<\/p>\n","protected":false},"featured_media":12942,"comment_status":"open","ping_status":"closed","template":"","meta":{"_acf_changed":false,"_joinchat":[]},"product_brand":[],"product_cat":[240,245,250,249,406],"product_tag":[],"class_list":{"0":"post-12941","1":"product","2":"type-product","3":"status-publish","4":"has-post-thumbnail","6":"product_cat-computadoras","7":"product_cat-accesorios-computadoras","8":"product_cat-mouse-y-teclados","9":"product_cat-accesorios-para-laptops","10":"product_cat-todos-los-accesorios","12":"first","13":"instock","14":"sale","15":"shipping-taxable","16":"purchasable","17":"product-type-simple"},"acf":[],"_links":{"self":[{"href":"https:\/\/defabrica.com.mx\/defabrica\/wp-json\/wp\/v2\/product\/12941","targetHints":{"allow":["GET"]}}],"collection":[{"href":"https:\/\/defabrica.com.mx\/defabrica\/wp-json\/wp\/v2\/product"}],"about":[{"href":"https:\/\/defabrica.com.mx\/defabrica\/wp-json\/wp\/v2\/types\/product"}],"replies":[{"embeddable":true,"href":"https:\/\/defabrica.com.mx\/defabrica\/wp-json\/wp\/v2\/comments?post=12941"}],"wp:featuredmedia":[{"embeddable":true,"href":"https:\/\/defabrica.com.mx\/defabrica\/wp-json\/wp\/v2\/media\/12942"}],"wp:attachment":[{"href":"https:\/\/defabrica.com.mx\/defabrica\/wp-json\/wp\/v2\/media?parent=12941"}],"wp:term":[{"taxonomy":"product_brand","embeddable":true,"href":"https:\/\/defabrica.com.mx\/defabrica\/wp-json\/wp\/v2\/product_brand?post=12941"},{"taxonomy":"product_cat","embeddable":true,"href":"https:\/\/defabrica.com.mx\/defabrica\/wp-json\/wp\/v2\/product_cat?post=12941"},{"taxonomy":"product_tag","embeddable":true,"href":"https:\/\/defabrica.com.mx\/defabrica\/wp-json\/wp\/v2\/product_tag?post=12941"}],"curies":[{"name":"wp","href":"https:\/\/api.w.org\/{rel}","templated":true}]}}