{"id":12930,"date":"2020-09-30T03:15:36","date_gmt":"2020-09-30T08:15:36","guid":{"rendered":"https:\/\/defabrica.com.mx\/defabrica\/?post_type=product&#038;p=12930"},"modified":"2023-01-24T14:00:22","modified_gmt":"2023-01-24T20:00:22","slug":"raton-para-juegos-lenovo-legion-m200-rgb","status":"publish","type":"product","link":"https:\/\/defabrica.com.mx\/defabrica\/producto\/raton-para-juegos-lenovo-legion-m200-rgb\/","title":{"rendered":"Rat\u00f3n para juegos Lenovo Legion M200 RGB"},"content":{"rendered":"<p>El mouse para juegos Lenovo Legion M200 RGB est\u00e1 dise\u00f1ado para principiantes y jugadores de PC aficionados. Con un c\u00f3modo dise\u00f1o ambidiestro, es asequible en precio pero sin concesiones en funcionalidad y rendimiento. Legion M200 presenta un dise\u00f1o de 5 botones, hasta 2400 DPI con interruptor DPI de 4 niveles, luz de fondo circulante de 7 colores y un cable trenzado. Es f\u00e1cil de usar y configurar sin ning\u00fan software adicionalmente complicado.Lenovo Legion M200 RGB Gaming Mouse.<\/p>\n<p>&nbsp;<\/p>\n<p>&nbsp;<\/p>\n","protected":false},"excerpt":{"rendered":"<p>El mouse para juegos Lenovo Legion M200 RGB est\u00e1 dise\u00f1ado para principiantes y jugadores de PC aficionados. Con un c\u00f3modo dise\u00f1o ambidiestro, es asequible en precio pero sin concesiones en<\/p>\n","protected":false},"featured_media":12931,"comment_status":"open","ping_status":"closed","template":"","meta":{"_acf_changed":false,"_joinchat":[]},"product_brand":[],"product_cat":[240,245,250,249,406,277,282,441,280,434,435],"product_tag":[],"class_list":{"0":"post-12930","1":"product","2":"type-product","3":"status-publish","4":"has-post-thumbnail","6":"product_cat-computadoras","7":"product_cat-accesorios-computadoras","8":"product_cat-mouse-y-teclados","9":"product_cat-accesorios-para-laptops","10":"product_cat-todos-los-accesorios","11":"product_cat-zona-gamer","12":"product_cat-accesorios-gamers","13":"product_cat-todos-los-accesorios-gamer","14":"product_cat-pc-gaming","15":"product_cat-mouse-y-teclado-gamer","16":"product_cat-todos-los-accesorios-para-pc-gaming","18":"first","19":"instock","20":"sale","21":"shipping-taxable","22":"purchasable","23":"product-type-simple"},"acf":[],"_links":{"self":[{"href":"https:\/\/defabrica.com.mx\/defabrica\/wp-json\/wp\/v2\/product\/12930","targetHints":{"allow":["GET"]}}],"collection":[{"href":"https:\/\/defabrica.com.mx\/defabrica\/wp-json\/wp\/v2\/product"}],"about":[{"href":"https:\/\/defabrica.com.mx\/defabrica\/wp-json\/wp\/v2\/types\/product"}],"replies":[{"embeddable":true,"href":"https:\/\/defabrica.com.mx\/defabrica\/wp-json\/wp\/v2\/comments?post=12930"}],"wp:featuredmedia":[{"embeddable":true,"href":"https:\/\/defabrica.com.mx\/defabrica\/wp-json\/wp\/v2\/media\/12931"}],"wp:attachment":[{"href":"https:\/\/defabrica.com.mx\/defabrica\/wp-json\/wp\/v2\/media?parent=12930"}],"wp:term":[{"taxonomy":"product_brand","embeddable":true,"href":"https:\/\/defabrica.com.mx\/defabrica\/wp-json\/wp\/v2\/product_brand?post=12930"},{"taxonomy":"product_cat","embeddable":true,"href":"https:\/\/defabrica.com.mx\/defabrica\/wp-json\/wp\/v2\/product_cat?post=12930"},{"taxonomy":"product_tag","embeddable":true,"href":"https:\/\/defabrica.com.mx\/defabrica\/wp-json\/wp\/v2\/product_tag?post=12930"}],"curies":[{"name":"wp","href":"https:\/\/api.w.org\/{rel}","templated":true}]}}