{"id":12927,"date":"2020-09-30T03:06:42","date_gmt":"2020-09-30T08:06:42","guid":{"rendered":"https:\/\/defabrica.com.mx\/defabrica\/?post_type=product&#038;p=12927"},"modified":"2023-01-13T12:57:32","modified_gmt":"2023-01-13T18:57:32","slug":"adesso-teclado-luminoso-negro-amarillo","status":"publish","type":"product","link":"https:\/\/defabrica.com.mx\/defabrica\/producto\/adesso-teclado-luminoso-negro-amarillo\/","title":{"rendered":"Adesso &#8211; Teclado luminoso &#8211; Negro \/ Amarillo"},"content":{"rendered":"<p>Alivia la fatiga visual al trabajar con este teclado Adesso EasyTouch. Las teclas amarillas fluorescentes y el tipo de letra negro cuatro veces el tama\u00f1o de las letras tradicionales proporcionan un alto contraste y legibilidad. Los interruptores del teclado de membrana en este teclado Adesso EasyTouch son silenciosos y est\u00e1n dise\u00f1ados para un uso intensivo, y las teclas de acceso r\u00e1pido de un toque brindan acceso r\u00e1pido a sitios multimedia y en l\u00ednea.<\/p>\n<h3 class=\"heading-5 v-fw-regular feature-heading\">Caracteristicas<\/h3>\n<ul>\n<li><strong>108 keys<\/strong><br \/>\nOfrezca una experiencia de escritura c\u00f3moda.<\/li>\n<li><strong>Interfaz USB<\/strong><br \/>\nPermite una conexi\u00f3n simple a su computadora.<\/li>\n<li><strong>14 teclas de acceso r\u00e1pido de un toque<\/strong><br \/>\nPara acceder instant\u00e1neamente a Internet, correo electr\u00f3nico, reproductor multimedia, control de volumen y m\u00e1s.<\/li>\n<li><strong>Compatible con PC<\/strong><br \/>\nPara usar con su computadora actual.<\/li>\n<\/ul>\n<h3 class=\"heading-5 v-fw-regular\">Qu\u00e9 est\u00e1 incluido<\/h3>\n<ul class=\" bold\">\n<li class=\"bold v-fw-medium body-copy\">Teclado luminoso Adesso<\/li>\n<\/ul>\n","protected":false},"excerpt":{"rendered":"<p>Alivia la fatiga visual al trabajar con este teclado Adesso EasyTouch. Las teclas amarillas fluorescentes y el tipo de letra negro cuatro veces el tama\u00f1o de las letras tradicionales proporcionan<\/p>\n","protected":false},"featured_media":12928,"comment_status":"open","ping_status":"closed","template":"","meta":{"_acf_changed":false,"_joinchat":[]},"product_brand":[],"product_cat":[277,282,441,280,434,435],"product_tag":[],"class_list":{"0":"post-12927","1":"product","2":"type-product","3":"status-publish","4":"has-post-thumbnail","6":"product_cat-zona-gamer","7":"product_cat-accesorios-gamers","8":"product_cat-todos-los-accesorios-gamer","9":"product_cat-pc-gaming","10":"product_cat-mouse-y-teclado-gamer","11":"product_cat-todos-los-accesorios-para-pc-gaming","13":"first","14":"instock","15":"sale","16":"shipping-taxable","17":"purchasable","18":"product-type-simple"},"acf":[],"_links":{"self":[{"href":"https:\/\/defabrica.com.mx\/defabrica\/wp-json\/wp\/v2\/product\/12927","targetHints":{"allow":["GET"]}}],"collection":[{"href":"https:\/\/defabrica.com.mx\/defabrica\/wp-json\/wp\/v2\/product"}],"about":[{"href":"https:\/\/defabrica.com.mx\/defabrica\/wp-json\/wp\/v2\/types\/product"}],"replies":[{"embeddable":true,"href":"https:\/\/defabrica.com.mx\/defabrica\/wp-json\/wp\/v2\/comments?post=12927"}],"wp:featuredmedia":[{"embeddable":true,"href":"https:\/\/defabrica.com.mx\/defabrica\/wp-json\/wp\/v2\/media\/12928"}],"wp:attachment":[{"href":"https:\/\/defabrica.com.mx\/defabrica\/wp-json\/wp\/v2\/media?parent=12927"}],"wp:term":[{"taxonomy":"product_brand","embeddable":true,"href":"https:\/\/defabrica.com.mx\/defabrica\/wp-json\/wp\/v2\/product_brand?post=12927"},{"taxonomy":"product_cat","embeddable":true,"href":"https:\/\/defabrica.com.mx\/defabrica\/wp-json\/wp\/v2\/product_cat?post=12927"},{"taxonomy":"product_tag","embeddable":true,"href":"https:\/\/defabrica.com.mx\/defabrica\/wp-json\/wp\/v2\/product_tag?post=12927"}],"curies":[{"name":"wp","href":"https:\/\/api.w.org\/{rel}","templated":true}]}}