{"id":12918,"date":"2020-09-30T02:58:51","date_gmt":"2020-09-30T07:58:51","guid":{"rendered":"https:\/\/defabrica.com.mx\/defabrica\/?post_type=product&#038;p=12918"},"modified":"2023-01-24T13:59:17","modified_gmt":"2023-01-24T19:59:17","slug":"rii-combo-de-teclado-y-mouse-para-juegos-teclado-de-computadora-con-cable-usb-retroiluminado-con-arco-iris-led-104-teclas-diseno-resistente-a-derrames-juego-de-mouse-ergonomico-con-reposamunecas-pa","status":"publish","type":"product","link":"https:\/\/defabrica.com.mx\/defabrica\/producto\/rii-combo-de-teclado-y-mouse-para-juegos-teclado-de-computadora-con-cable-usb-retroiluminado-con-arco-iris-led-104-teclas-diseno-resistente-a-derrames-juego-de-mouse-ergonomico-con-reposamunecas-pa\/","title":{"rendered":"Rii combo de teclado y mouse para juegos, teclado de computadora con cable usb"},"content":{"rendered":"<p>\u00a1Este combo de teclado y mouse para juegos con retroiluminaci\u00f3n arco\u00edris rii rm400 viene completamente preparado para todos sus juegos y necesidades diarias!\u00a0con un mouse para juegos de 3 niveles preestablecidos que tiene 3 funciones de ppp diferentes de 1000, 1600 y 2000 ppp para que pueda ajustar y desplazarse f\u00e1cilmente o encontrar la cabeza que estamos buscando.<\/p>\n<p>&nbsp;<\/p>\n<h3 class=\"heading-5 v-fw-regular feature-heading\">Caracteristicas<\/h3>\n<ul>\n<li><strong>El teclado con cable viene con teclas de sensaci\u00f3n de interruptor mec\u00e1nico y una luz de fondo de arco iris de 7 colores para ayudarte a tocar por la noche. es plug and play, por lo que es compatible con casi todos los dispositivos que pueda imaginar, siempre que su dispositivo tenga un puerto USB o un convertidor USB.<\/strong><\/li>\n<li><strong>SKU: ADIB00T94ENKQ RM400 es un paquete que incluye un teclado y un mouse para juegos de PC de 104 teclas. Presione el Bloqueo de desplazamiento y el teclado mostrar\u00e1 7 colores, si no desea que se encienda el teclado, presione nuevamente el Bloqueo de desplazamiento y la retroiluminaci\u00f3n desaparecer\u00e1. El dise\u00f1o de la interfaz de la versi\u00f3n Lite, puede combinar perfectamente con su espacio de trabajo.<\/strong><\/li>\n<li><strong>Conexi\u00f3n USB Plug and Play<\/strong><\/li>\n<li><strong>7 opciones de luz de fondo de color (RGB)<\/strong><\/li>\n<li><strong>Rat\u00f3n ergon\u00f3mico para juegos con hasta 2000 DPI (3 niveles preestablecidos a 1000\/1600\/2000)<\/strong><\/li>\n<li><strong>Garant\u00eda de un a\u00f1o para asegurar su compra de valor.<\/strong><\/li>\n<li><strong>Compatible con el sistema operativo Windows y Mac OSX<\/strong><\/li>\n<li><strong>Este combo de teclado y mouse viene con<\/strong><\/li>\n<li><strong>1 teclado de sensaci\u00f3n mec\u00e1nica con retroiluminaci\u00f3n de arco iris de siete colores<\/strong><\/li>\n<li><strong>1 rat\u00f3n para juegos de tres ppp predefinidos<\/strong><\/li>\n<li><strong>1 folleto de instrucciones.<\/strong><\/li>\n<li><strong>1 a\u00f1o de garant\u00eda despu\u00e9s de la compra<\/strong><\/li>\n<\/ul>\n","protected":false},"excerpt":{"rendered":"<p>\u00a1Este combo de teclado y mouse para juegos con retroiluminaci\u00f3n arco\u00edris rii rm400 viene completamente preparado para todos sus juegos y necesidades diarias!\u00a0con un mouse para juegos de 3 niveles<\/p>\n","protected":false},"featured_media":12919,"comment_status":"open","ping_status":"closed","template":"","meta":{"_acf_changed":false,"_joinchat":[]},"product_brand":[],"product_cat":[240,245,250,249,406,277,282,441,280,434,435],"product_tag":[],"class_list":{"0":"post-12918","1":"product","2":"type-product","3":"status-publish","4":"has-post-thumbnail","6":"product_cat-computadoras","7":"product_cat-accesorios-computadoras","8":"product_cat-mouse-y-teclados","9":"product_cat-accesorios-para-laptops","10":"product_cat-todos-los-accesorios","11":"product_cat-zona-gamer","12":"product_cat-accesorios-gamers","13":"product_cat-todos-los-accesorios-gamer","14":"product_cat-pc-gaming","15":"product_cat-mouse-y-teclado-gamer","16":"product_cat-todos-los-accesorios-para-pc-gaming","18":"first","19":"instock","20":"sale","21":"shipping-taxable","22":"purchasable","23":"product-type-simple"},"acf":[],"_links":{"self":[{"href":"https:\/\/defabrica.com.mx\/defabrica\/wp-json\/wp\/v2\/product\/12918","targetHints":{"allow":["GET"]}}],"collection":[{"href":"https:\/\/defabrica.com.mx\/defabrica\/wp-json\/wp\/v2\/product"}],"about":[{"href":"https:\/\/defabrica.com.mx\/defabrica\/wp-json\/wp\/v2\/types\/product"}],"replies":[{"embeddable":true,"href":"https:\/\/defabrica.com.mx\/defabrica\/wp-json\/wp\/v2\/comments?post=12918"}],"wp:featuredmedia":[{"embeddable":true,"href":"https:\/\/defabrica.com.mx\/defabrica\/wp-json\/wp\/v2\/media\/12919"}],"wp:attachment":[{"href":"https:\/\/defabrica.com.mx\/defabrica\/wp-json\/wp\/v2\/media?parent=12918"}],"wp:term":[{"taxonomy":"product_brand","embeddable":true,"href":"https:\/\/defabrica.com.mx\/defabrica\/wp-json\/wp\/v2\/product_brand?post=12918"},{"taxonomy":"product_cat","embeddable":true,"href":"https:\/\/defabrica.com.mx\/defabrica\/wp-json\/wp\/v2\/product_cat?post=12918"},{"taxonomy":"product_tag","embeddable":true,"href":"https:\/\/defabrica.com.mx\/defabrica\/wp-json\/wp\/v2\/product_tag?post=12918"}],"curies":[{"name":"wp","href":"https:\/\/api.w.org\/{rel}","templated":true}]}}