{"id":12897,"date":"2020-09-29T22:57:46","date_gmt":"2020-09-30T03:57:46","guid":{"rendered":"https:\/\/defabrica.com.mx\/defabrica\/?post_type=product&#038;p=12897"},"modified":"2023-01-24T13:57:00","modified_gmt":"2023-01-24T19:57:00","slug":"raton-para-juegos-coolermaster-mm711-con-luz","status":"publish","type":"product","link":"https:\/\/defabrica.com.mx\/defabrica\/producto\/raton-para-juegos-coolermaster-mm711-con-luz\/","title":{"rendered":"Rat\u00f3n para juegos CoolerMaster MM711 con luz"},"content":{"rendered":"<p>El CoolerMaster MM711 Gaming Mouse es un mouse verdaderamente innovador que hace m\u00e1s con mucho menos.\u00a0Junto con todas las caracter\u00edsticas de nivel profesional que hacen que nuestros ratones para juegos sean mortales en combate, tambi\u00e9n hemos implementado un nuevo y sorprendente dise\u00f1o de carcasa de panal y un cable Ultraweave enga\u00f1osamente duradero para recortar el peso total del mouse a menos de 60 g.<\/p>\n<p>&nbsp;<\/p>\n<h3 class=\"heading-5 v-fw-regular feature-heading\">Caracteristicas<\/h3>\n<ul>\n<li>Nuevos pies hechos de PTFE duradero y de gran respuesta<\/li>\n<li>El resultado son movimientos m\u00e1s r\u00e1pidos, sesiones de juego m\u00e1s largas y menos dolor de mu\u00f1eca asociado con lesiones por esfuerzo repetitivo<\/li>\n<li>Dimensi\u00f3n: 4.587 \u00abL x 2.457\u00bb W x 1.508 \u00abH<\/li>\n<\/ul>\n","protected":false},"excerpt":{"rendered":"<p>El CoolerMaster MM711 Gaming Mouse es un mouse verdaderamente innovador que hace m\u00e1s con mucho menos.\u00a0Junto con todas las caracter\u00edsticas de nivel profesional que hacen que nuestros ratones para juegos<\/p>\n","protected":false},"featured_media":12898,"comment_status":"open","ping_status":"closed","template":"","meta":{"_acf_changed":false,"_joinchat":[]},"product_brand":[],"product_cat":[240,245,250,249,277,282,441,280,434,435],"product_tag":[],"class_list":{"0":"post-12897","1":"product","2":"type-product","3":"status-publish","4":"has-post-thumbnail","6":"product_cat-computadoras","7":"product_cat-accesorios-computadoras","8":"product_cat-mouse-y-teclados","9":"product_cat-accesorios-para-laptops","10":"product_cat-zona-gamer","11":"product_cat-accesorios-gamers","12":"product_cat-todos-los-accesorios-gamer","13":"product_cat-pc-gaming","14":"product_cat-mouse-y-teclado-gamer","15":"product_cat-todos-los-accesorios-para-pc-gaming","17":"first","18":"instock","19":"sale","20":"shipping-taxable","21":"purchasable","22":"product-type-simple"},"acf":[],"_links":{"self":[{"href":"https:\/\/defabrica.com.mx\/defabrica\/wp-json\/wp\/v2\/product\/12897","targetHints":{"allow":["GET"]}}],"collection":[{"href":"https:\/\/defabrica.com.mx\/defabrica\/wp-json\/wp\/v2\/product"}],"about":[{"href":"https:\/\/defabrica.com.mx\/defabrica\/wp-json\/wp\/v2\/types\/product"}],"replies":[{"embeddable":true,"href":"https:\/\/defabrica.com.mx\/defabrica\/wp-json\/wp\/v2\/comments?post=12897"}],"wp:featuredmedia":[{"embeddable":true,"href":"https:\/\/defabrica.com.mx\/defabrica\/wp-json\/wp\/v2\/media\/12898"}],"wp:attachment":[{"href":"https:\/\/defabrica.com.mx\/defabrica\/wp-json\/wp\/v2\/media?parent=12897"}],"wp:term":[{"taxonomy":"product_brand","embeddable":true,"href":"https:\/\/defabrica.com.mx\/defabrica\/wp-json\/wp\/v2\/product_brand?post=12897"},{"taxonomy":"product_cat","embeddable":true,"href":"https:\/\/defabrica.com.mx\/defabrica\/wp-json\/wp\/v2\/product_cat?post=12897"},{"taxonomy":"product_tag","embeddable":true,"href":"https:\/\/defabrica.com.mx\/defabrica\/wp-json\/wp\/v2\/product_tag?post=12897"}],"curies":[{"name":"wp","href":"https:\/\/api.w.org\/{rel}","templated":true}]}}