{"id":12890,"date":"2020-09-29T22:46:33","date_gmt":"2020-09-30T03:46:33","guid":{"rendered":"https:\/\/defabrica.com.mx\/defabrica\/?post_type=product&#038;p=12890"},"modified":"2023-01-24T13:55:51","modified_gmt":"2023-01-24T19:55:51","slug":"raton-para-juegos-utechsmart-venus-16400-dpi-raton-para-juegos-con-cable-rgb-mmo-programable-con-laser-de-alta-precision","status":"publish","type":"product","link":"https:\/\/defabrica.com.mx\/defabrica\/producto\/raton-para-juegos-utechsmart-venus-16400-dpi-raton-para-juegos-con-cable-rgb-mmo-programable-con-laser-de-alta-precision\/","title":{"rendered":"Rat\u00f3n para juegos, UtechSmart Venus 16400 DPI Rat\u00f3n para juegos con cable RGB MMO programable con l\u00e1ser de alta precisi\u00f3n"},"content":{"rendered":"<p>El mouse para juegos UtechSmart Venus MMO est\u00e1 equipado con un sensor l\u00e1ser de alta precisi\u00f3n de 16400DPI que cambia el equilibrio entre el teclado y el mouse con sus 19 botones optimizados para MMO, as\u00ed como 5 perfiles de memoria guardables y un juego de ajuste de peso de 8 piezas.<\/p>\n<p>&nbsp;<\/p>\n<h3 class=\"heading-5 v-fw-regular feature-heading\">Caracteristicas<\/h3>\n<ul>\n<li><strong>19 botones optimizados para MMO<\/strong><br \/>\nCombina los botones programables con los botones est\u00e1ndar izquierdo y derecho del mouse y todo suma hasta 19 botones con los que puedes castigar a tu competencia.<\/li>\n<li><strong>Software controlador programable<\/strong><br \/>\nEl software del controlador del mouse UtechSmart Venus MMO Gaming le permite organizar f\u00e1cilmente las combinaciones de teclas y las habilidades de los personajes para cualquier juego al permitirle reasignar y asignar macros por completo a los 19 botones.<\/li>\n<li><strong>Sensor l\u00e1ser de 16400 DPI<\/strong><br \/>\nRealice los movimientos correctos con configuraciones de hasta 5 DPI que lo llevar\u00e1n desde la orientaci\u00f3n con precisi\u00f3n de p\u00edxeles (50 DPI) hasta maniobras ultrarr\u00e1pidas (hasta 16400 DPI). Botones DPI + y DPI- de f\u00e1cil acceso en el centro del mouse UtechSmart Venus MMO Gaming. La luz de cinco colores le mostrar\u00e1 el cambio de DPI, \u00bfno puede recordar? La luz indicadora de DPI est\u00e1 disponible.<\/li>\n<li><strong>Ajuste de peso y equilibrio<\/strong><br \/>\n\u00bfTe gusta ligero o pesado? \u00bfQuiz\u00e1s cambias el peso para adaptarlo a tu juego? Sistema de peso personalizado para adaptarse<\/li>\n<\/ul>\n<p>&nbsp;<\/p>\n<h3><b>Contenidos del paquete<\/b><\/h3>\n<ul>\n<li>UtechSmart Venus MMO Gaming mouse<\/li>\n<li>Driver Disk<\/li>\n<li>Weight Tuning Cartridge<\/li>\n<li>Gu\u00eda de inicio r\u00e1pido<\/li>\n<li>Backup Durable Smooth TEFLON pies a su estilo de juego \u00fanico. Optimice el peso y el centro de equilibrio con hasta ocho pesas de 2,4 g para una sensaci\u00f3n personalizada y un mejor rendimiento.<\/li>\n<\/ul>\n","protected":false},"excerpt":{"rendered":"<p>El mouse para juegos UtechSmart Venus MMO est\u00e1 equipado con un sensor l\u00e1ser de alta precisi\u00f3n de 16400DPI que cambia el equilibrio entre el teclado y el mouse con sus<\/p>\n","protected":false},"featured_media":12891,"comment_status":"open","ping_status":"closed","template":"","meta":{"_acf_changed":false,"_joinchat":[]},"product_brand":[],"product_cat":[240,245,250,249,277,282,441,280,434,435],"product_tag":[],"class_list":{"0":"post-12890","1":"product","2":"type-product","3":"status-publish","4":"has-post-thumbnail","6":"product_cat-computadoras","7":"product_cat-accesorios-computadoras","8":"product_cat-mouse-y-teclados","9":"product_cat-accesorios-para-laptops","10":"product_cat-zona-gamer","11":"product_cat-accesorios-gamers","12":"product_cat-todos-los-accesorios-gamer","13":"product_cat-pc-gaming","14":"product_cat-mouse-y-teclado-gamer","15":"product_cat-todos-los-accesorios-para-pc-gaming","17":"first","18":"instock","19":"sale","20":"shipping-taxable","21":"purchasable","22":"product-type-simple"},"acf":[],"_links":{"self":[{"href":"https:\/\/defabrica.com.mx\/defabrica\/wp-json\/wp\/v2\/product\/12890","targetHints":{"allow":["GET"]}}],"collection":[{"href":"https:\/\/defabrica.com.mx\/defabrica\/wp-json\/wp\/v2\/product"}],"about":[{"href":"https:\/\/defabrica.com.mx\/defabrica\/wp-json\/wp\/v2\/types\/product"}],"replies":[{"embeddable":true,"href":"https:\/\/defabrica.com.mx\/defabrica\/wp-json\/wp\/v2\/comments?post=12890"}],"wp:featuredmedia":[{"embeddable":true,"href":"https:\/\/defabrica.com.mx\/defabrica\/wp-json\/wp\/v2\/media\/12891"}],"wp:attachment":[{"href":"https:\/\/defabrica.com.mx\/defabrica\/wp-json\/wp\/v2\/media?parent=12890"}],"wp:term":[{"taxonomy":"product_brand","embeddable":true,"href":"https:\/\/defabrica.com.mx\/defabrica\/wp-json\/wp\/v2\/product_brand?post=12890"},{"taxonomy":"product_cat","embeddable":true,"href":"https:\/\/defabrica.com.mx\/defabrica\/wp-json\/wp\/v2\/product_cat?post=12890"},{"taxonomy":"product_tag","embeddable":true,"href":"https:\/\/defabrica.com.mx\/defabrica\/wp-json\/wp\/v2\/product_tag?post=12890"}],"curies":[{"name":"wp","href":"https:\/\/api.w.org\/{rel}","templated":true}]}}