{"id":12864,"date":"2020-09-29T02:53:59","date_gmt":"2020-09-29T07:53:59","guid":{"rendered":"https:\/\/defabrica.com.mx\/defabrica\/?post_type=product&#038;p=12864"},"modified":"2023-01-24T13:35:03","modified_gmt":"2023-01-24T19:35:03","slug":"raton-inalambrico-logitech-m325c-doodle-collection-triple-cucharon","status":"publish","type":"product","link":"https:\/\/defabrica.com.mx\/defabrica\/producto\/raton-inalambrico-logitech-m325c-doodle-collection-triple-cucharon\/","title":{"rendered":"Rat\u00f3n inal\u00e1mbrico Logitech M325c Doodle Collection &#8211; Triple Cucharilla"},"content":{"rendered":"<p>Est\u00e1s sentado en clase.\u00a0Y luego, de repente, est\u00e1s navegando en una nave espacial a trav\u00e9s de nubes m\u00e1gicas, pasando por estrellas brillantes y una luna sonriente.\u00a0No se preocupe, es normal.\u00a0Has estado usando un mouse de la colecci\u00f3n Doodle.\u00a0Los ratones Doodle inal\u00e1mbricos te alejan de lo cotidiano.\u00a0Todo el camino a tu lugar feliz.<\/p>\n<p>&nbsp;<\/p>\n<h3 class=\"heading-5 v-fw-regular feature-heading\">Caracteristicas<\/h3>\n<ul>\n<li>Doodle Collection Los ratones funcionan en cualquier lugar que puedas so\u00f1ar. Imagine un mouse que funciona en Windows, Mac, Chrome OS y Linux.<\/li>\n<li>Los ratones Doodle son peque\u00f1os, port\u00e1tiles y muy sensibles con un enlace seguro entre el rat\u00f3n y el receptor a una distancia de hasta 10 m (33 pies).<\/li>\n<li>Tecnolog\u00eda de conectividad del dispositivo se\u00f1alador: inal\u00e1mbrico<\/li>\n<li>Tecnolog\u00eda inal\u00e1mbrica del dispositivo se\u00f1alador: radiofrecuencia<\/li>\n<li>Detecci\u00f3n de movimiento: \u00f3ptico<\/li>\n<li>Resoluci\u00f3n de movimiento: 1000 dpi<\/li>\n<li>N\u00famero total de botones: 5<\/li>\n<li>Tipo de desplazamiento: Rueda inclinada<\/li>\n<li>Dise\u00f1o \/ Patr\u00f3n \/ Textura Impresos: Triple Scoop<\/li>\n<li>Interfaz de host del dispositivo se\u00f1alador: USB<\/li>\n<\/ul>\n","protected":false},"excerpt":{"rendered":"<p>Est\u00e1s sentado en clase.\u00a0Y luego, de repente, est\u00e1s navegando en una nave espacial a trav\u00e9s de nubes m\u00e1gicas, pasando por estrellas brillantes y una luna sonriente.\u00a0No se preocupe, es normal.\u00a0Has<\/p>\n","protected":false},"featured_media":73379,"comment_status":"open","ping_status":"closed","template":"","meta":{"_acf_changed":false,"_joinchat":[]},"product_brand":[],"product_cat":[240,245,250],"product_tag":[],"class_list":{"0":"post-12864","1":"product","2":"type-product","3":"status-publish","4":"has-post-thumbnail","6":"product_cat-computadoras","7":"product_cat-accesorios-computadoras","8":"product_cat-mouse-y-teclados","10":"first","11":"instock","12":"sale","13":"shipping-taxable","14":"purchasable","15":"product-type-simple"},"acf":[],"_links":{"self":[{"href":"https:\/\/defabrica.com.mx\/defabrica\/wp-json\/wp\/v2\/product\/12864","targetHints":{"allow":["GET"]}}],"collection":[{"href":"https:\/\/defabrica.com.mx\/defabrica\/wp-json\/wp\/v2\/product"}],"about":[{"href":"https:\/\/defabrica.com.mx\/defabrica\/wp-json\/wp\/v2\/types\/product"}],"replies":[{"embeddable":true,"href":"https:\/\/defabrica.com.mx\/defabrica\/wp-json\/wp\/v2\/comments?post=12864"}],"wp:featuredmedia":[{"embeddable":true,"href":"https:\/\/defabrica.com.mx\/defabrica\/wp-json\/wp\/v2\/media\/73379"}],"wp:attachment":[{"href":"https:\/\/defabrica.com.mx\/defabrica\/wp-json\/wp\/v2\/media?parent=12864"}],"wp:term":[{"taxonomy":"product_brand","embeddable":true,"href":"https:\/\/defabrica.com.mx\/defabrica\/wp-json\/wp\/v2\/product_brand?post=12864"},{"taxonomy":"product_cat","embeddable":true,"href":"https:\/\/defabrica.com.mx\/defabrica\/wp-json\/wp\/v2\/product_cat?post=12864"},{"taxonomy":"product_tag","embeddable":true,"href":"https:\/\/defabrica.com.mx\/defabrica\/wp-json\/wp\/v2\/product_tag?post=12864"}],"curies":[{"name":"wp","href":"https:\/\/api.w.org\/{rel}","templated":true}]}}