{"id":12853,"date":"2020-09-29T02:37:00","date_gmt":"2020-09-29T07:37:00","guid":{"rendered":"https:\/\/defabrica.com.mx\/defabrica\/?post_type=product&#038;p=12853"},"modified":"2022-11-30T13:10:50","modified_gmt":"2022-11-30T19:10:50","slug":"raton-para-juegos-con-800-1200-1600-dpi-2400-ajustable-eeekit-ergonomic-usb-computer-mouse-rgb-gamer-laptop-de-escritorio-pc-gaming-mouse","status":"publish","type":"product","link":"https:\/\/defabrica.com.mx\/defabrica\/producto\/raton-para-juegos-con-800-1200-1600-dpi-2400-ajustable-eeekit-ergonomic-usb-computer-mouse-rgb-gamer-laptop-de-escritorio-pc-gaming-mouse\/","title":{"rendered":"Rat\u00f3n para juegos con 800, 1200, 1600, DPI 2400 ajustable"},"content":{"rendered":"<h3 class=\"heading-5 v-fw-regular feature-heading\">Caracteristicas<\/h3>\n<ul>\n<li><strong>Dise\u00f1o:<\/strong> El dise\u00f1o ergon\u00f3mico permite una experiencia de juego c\u00f3moda, sin sentirse cansado por jugar durante mucho tiempo.<\/li>\n<li><strong>Rendimiento para juegos:<\/strong> Efecto de iluminaci\u00f3n RGB de 16,8 millones de colores, botones sensibles, mouse para juegos de 2400 DPI con niveles predeterminados de 4 DPI disponibles de 800 a 2400 DPI. Aj\u00fastelo f\u00e1cilmente para adaptar instant\u00e1neamente la velocidad del mouse a diferentes escenarios de juego.<\/li>\n<li><strong>Port\u00e1til:<\/strong> el dise\u00f1o port\u00e1til y ligero hace que sea f\u00e1cil de transportar.<\/li>\n<li><strong>C\u00f3mo utilizar<\/strong>: Conectar y jugar, f\u00e1cil de usar.<\/li>\n<\/ul>\n","protected":false},"excerpt":{"rendered":"<p>Caracteristicas Dise\u00f1o: El dise\u00f1o ergon\u00f3mico permite una experiencia de juego c\u00f3moda, sin sentirse cansado por jugar durante mucho tiempo. Rendimiento para juegos: Efecto de iluminaci\u00f3n RGB de 16,8 millones de<\/p>\n","protected":false},"featured_media":12854,"comment_status":"open","ping_status":"closed","template":"","meta":{"_acf_changed":false,"_joinchat":[]},"product_brand":[],"product_cat":[240,245,250,249,277,282,441,280,434,435],"product_tag":[],"class_list":{"0":"post-12853","1":"product","2":"type-product","3":"status-publish","4":"has-post-thumbnail","6":"product_cat-computadoras","7":"product_cat-accesorios-computadoras","8":"product_cat-mouse-y-teclados","9":"product_cat-accesorios-para-laptops","10":"product_cat-zona-gamer","11":"product_cat-accesorios-gamers","12":"product_cat-todos-los-accesorios-gamer","13":"product_cat-pc-gaming","14":"product_cat-mouse-y-teclado-gamer","15":"product_cat-todos-los-accesorios-para-pc-gaming","17":"first","18":"instock","19":"sale","20":"shipping-taxable","21":"purchasable","22":"product-type-simple"},"acf":[],"_links":{"self":[{"href":"https:\/\/defabrica.com.mx\/defabrica\/wp-json\/wp\/v2\/product\/12853","targetHints":{"allow":["GET"]}}],"collection":[{"href":"https:\/\/defabrica.com.mx\/defabrica\/wp-json\/wp\/v2\/product"}],"about":[{"href":"https:\/\/defabrica.com.mx\/defabrica\/wp-json\/wp\/v2\/types\/product"}],"replies":[{"embeddable":true,"href":"https:\/\/defabrica.com.mx\/defabrica\/wp-json\/wp\/v2\/comments?post=12853"}],"wp:featuredmedia":[{"embeddable":true,"href":"https:\/\/defabrica.com.mx\/defabrica\/wp-json\/wp\/v2\/media\/12854"}],"wp:attachment":[{"href":"https:\/\/defabrica.com.mx\/defabrica\/wp-json\/wp\/v2\/media?parent=12853"}],"wp:term":[{"taxonomy":"product_brand","embeddable":true,"href":"https:\/\/defabrica.com.mx\/defabrica\/wp-json\/wp\/v2\/product_brand?post=12853"},{"taxonomy":"product_cat","embeddable":true,"href":"https:\/\/defabrica.com.mx\/defabrica\/wp-json\/wp\/v2\/product_cat?post=12853"},{"taxonomy":"product_tag","embeddable":true,"href":"https:\/\/defabrica.com.mx\/defabrica\/wp-json\/wp\/v2\/product_tag?post=12853"}],"curies":[{"name":"wp","href":"https:\/\/api.w.org\/{rel}","templated":true}]}}