{"id":12845,"date":"2020-09-29T02:25:59","date_gmt":"2020-09-29T07:25:59","guid":{"rendered":"https:\/\/defabrica.com.mx\/defabrica\/?post_type=product&#038;p=12845"},"modified":"2022-11-30T13:10:15","modified_gmt":"2022-11-30T19:10:15","slug":"hyperx-mouse-optico-para-juegos-pulsefire-fps-pro-con-cable-con-iluminacion-rgb-negro","status":"publish","type":"product","link":"https:\/\/defabrica.com.mx\/defabrica\/producto\/hyperx-mouse-optico-para-juegos-pulsefire-fps-pro-con-cable-con-iluminacion-rgb-negro\/","title":{"rendered":"HyperX &#8211; Mouse \u00f3ptico para juegos Pulsefire FPS Pro con cable con iluminaci\u00f3n RGB"},"content":{"rendered":"<p>Haz clic en tu camino hacia la victoria con este mouse para juegos HyperX Pulsefire FPS.\u00a0Est\u00e1 equipado con un sensor Pixart para clics precisos y precisos, y tiene seis botones que brindan retroalimentaci\u00f3n r\u00e1pida y patines de mouse extragrandes para un movimiento fluido.\u00a0Este mouse para juegos HyperX Pulsefire FPS de dise\u00f1o ergon\u00f3mico es c\u00f3modo y tiene un agarre antideslizante para sesiones largas e intensas.<\/p>\n<p>&nbsp;<\/p>\n<h3 class=\"heading-5 v-fw-regular feature-heading\">Caracteristicas<\/h3>\n<ul>\n<li><strong>El reconocido sensor Pixart 3389<\/strong><br \/>\nProporciona un seguimiento fluido y receptivo sin aceleraci\u00f3n de hardware para un rendimiento y precisi\u00f3n superiores.<\/li>\n<li><strong>Conexi\u00f3n por cable<\/strong><br \/>\nEste mouse se conecta a su computadora mediante un puerto USB.<\/li>\n<li><strong>6 botones programables<\/strong><br \/>\nPrograme cada bot\u00f3n a su gusto. Los 2 botones principales cuentan con interruptores Omron duraderos para una respuesta t\u00e1ctil n\u00edtida.<\/li>\n<li><strong>M\u00e1ximo de 16000 ppp<\/strong><br \/>\nTe permite encontrar la sensibilidad perfecta.<\/li>\n<li><strong>Dise\u00f1o c\u00f3modo y ergon\u00f3mico<\/strong><br \/>\nSe adapta a su mano con agarraderas laterales texturizadas para mantenerse seguro durante los movimientos r\u00e1pidos.<\/li>\n<li><strong>Compatible con la mayor\u00eda de versiones de Windows<\/strong><br \/>\nFunciona con la mayor\u00eda de las PC.<\/li>\n<\/ul>\n","protected":false},"excerpt":{"rendered":"<p>Haz clic en tu camino hacia la victoria con este mouse para juegos HyperX Pulsefire FPS.\u00a0Est\u00e1 equipado con un sensor Pixart para clics precisos y precisos, y tiene seis botones<\/p>\n","protected":false},"featured_media":12846,"comment_status":"open","ping_status":"closed","template":"","meta":{"_acf_changed":false,"_joinchat":[]},"product_brand":[],"product_cat":[240,245,250,249,277,282,441,280,434,435],"product_tag":[],"class_list":{"0":"post-12845","1":"product","2":"type-product","3":"status-publish","4":"has-post-thumbnail","6":"product_cat-computadoras","7":"product_cat-accesorios-computadoras","8":"product_cat-mouse-y-teclados","9":"product_cat-accesorios-para-laptops","10":"product_cat-zona-gamer","11":"product_cat-accesorios-gamers","12":"product_cat-todos-los-accesorios-gamer","13":"product_cat-pc-gaming","14":"product_cat-mouse-y-teclado-gamer","15":"product_cat-todos-los-accesorios-para-pc-gaming","17":"first","18":"instock","19":"sale","20":"shipping-taxable","21":"purchasable","22":"product-type-simple"},"acf":[],"_links":{"self":[{"href":"https:\/\/defabrica.com.mx\/defabrica\/wp-json\/wp\/v2\/product\/12845","targetHints":{"allow":["GET"]}}],"collection":[{"href":"https:\/\/defabrica.com.mx\/defabrica\/wp-json\/wp\/v2\/product"}],"about":[{"href":"https:\/\/defabrica.com.mx\/defabrica\/wp-json\/wp\/v2\/types\/product"}],"replies":[{"embeddable":true,"href":"https:\/\/defabrica.com.mx\/defabrica\/wp-json\/wp\/v2\/comments?post=12845"}],"wp:featuredmedia":[{"embeddable":true,"href":"https:\/\/defabrica.com.mx\/defabrica\/wp-json\/wp\/v2\/media\/12846"}],"wp:attachment":[{"href":"https:\/\/defabrica.com.mx\/defabrica\/wp-json\/wp\/v2\/media?parent=12845"}],"wp:term":[{"taxonomy":"product_brand","embeddable":true,"href":"https:\/\/defabrica.com.mx\/defabrica\/wp-json\/wp\/v2\/product_brand?post=12845"},{"taxonomy":"product_cat","embeddable":true,"href":"https:\/\/defabrica.com.mx\/defabrica\/wp-json\/wp\/v2\/product_cat?post=12845"},{"taxonomy":"product_tag","embeddable":true,"href":"https:\/\/defabrica.com.mx\/defabrica\/wp-json\/wp\/v2\/product_tag?post=12845"}],"curies":[{"name":"wp","href":"https:\/\/api.w.org\/{rel}","templated":true}]}}