{"id":12840,"date":"2020-09-29T02:12:09","date_gmt":"2020-09-29T07:12:09","guid":{"rendered":"https:\/\/defabrica.com.mx\/defabrica\/?post_type=product&#038;p=12840"},"modified":"2023-01-24T13:31:38","modified_gmt":"2023-01-24T19:31:38","slug":"mouse-optico-inalambrico-delgado-acer-negro","status":"publish","type":"product","link":"https:\/\/defabrica.com.mx\/defabrica\/producto\/mouse-optico-inalambrico-delgado-acer-negro\/","title":{"rendered":"Mouse \u00f3ptico inal\u00e1mbrico delgado Acer &#8211; negro"},"content":{"rendered":"<p>Simplemente conecte el receptor USB a la PC y este mouse inal\u00e1mbrico est\u00e1 listo para funcionar, lo que facilita el desplazamiento por la web, las b\u00fasquedas, las compras y la navegaci\u00f3n.<\/p>\n<p>&nbsp;<\/p>\n<h3 class=\"heading-5 v-fw-regular feature-heading\">Caracteristicas<\/h3>\n<ul>\n<li>Listo para lo que sea<\/li>\n<li>Rat\u00f3n \u00f3ptico ultradelgado Acer<\/li>\n<li>Negro<\/li>\n<li>Inal\u00e1mbrico<\/li>\n<li>Radiofrecuencia &#8211; 2,40 GHz<\/li>\n<li>USB 2.0<\/li>\n<li>1000 dpi<\/li>\n<\/ul>\n","protected":false},"excerpt":{"rendered":"<p>Simplemente conecte el receptor USB a la PC y este mouse inal\u00e1mbrico est\u00e1 listo para funcionar, lo que facilita el desplazamiento por la web, las b\u00fasquedas, las compras y la<\/p>\n","protected":false},"featured_media":12841,"comment_status":"open","ping_status":"closed","template":"","meta":{"_acf_changed":false,"_joinchat":[]},"product_brand":[],"product_cat":[240,245,250],"product_tag":[],"class_list":{"0":"post-12840","1":"product","2":"type-product","3":"status-publish","4":"has-post-thumbnail","6":"product_cat-computadoras","7":"product_cat-accesorios-computadoras","8":"product_cat-mouse-y-teclados","10":"first","11":"instock","12":"sale","13":"shipping-taxable","14":"purchasable","15":"product-type-simple"},"acf":[],"_links":{"self":[{"href":"https:\/\/defabrica.com.mx\/defabrica\/wp-json\/wp\/v2\/product\/12840","targetHints":{"allow":["GET"]}}],"collection":[{"href":"https:\/\/defabrica.com.mx\/defabrica\/wp-json\/wp\/v2\/product"}],"about":[{"href":"https:\/\/defabrica.com.mx\/defabrica\/wp-json\/wp\/v2\/types\/product"}],"replies":[{"embeddable":true,"href":"https:\/\/defabrica.com.mx\/defabrica\/wp-json\/wp\/v2\/comments?post=12840"}],"wp:featuredmedia":[{"embeddable":true,"href":"https:\/\/defabrica.com.mx\/defabrica\/wp-json\/wp\/v2\/media\/12841"}],"wp:attachment":[{"href":"https:\/\/defabrica.com.mx\/defabrica\/wp-json\/wp\/v2\/media?parent=12840"}],"wp:term":[{"taxonomy":"product_brand","embeddable":true,"href":"https:\/\/defabrica.com.mx\/defabrica\/wp-json\/wp\/v2\/product_brand?post=12840"},{"taxonomy":"product_cat","embeddable":true,"href":"https:\/\/defabrica.com.mx\/defabrica\/wp-json\/wp\/v2\/product_cat?post=12840"},{"taxonomy":"product_tag","embeddable":true,"href":"https:\/\/defabrica.com.mx\/defabrica\/wp-json\/wp\/v2\/product_tag?post=12840"}],"curies":[{"name":"wp","href":"https:\/\/api.w.org\/{rel}","templated":true}]}}