{"id":12825,"date":"2020-09-28T18:07:31","date_gmt":"2020-09-28T23:07:31","guid":{"rendered":"https:\/\/defabrica.com.mx\/defabrica\/?post_type=product&#038;p=12825"},"modified":"2023-01-24T13:27:33","modified_gmt":"2023-01-24T19:27:33","slug":"teclado-ultrafino-bluetooth-anker-blanco","status":"publish","type":"product","link":"https:\/\/defabrica.com.mx\/defabrica\/producto\/teclado-ultrafino-bluetooth-anker-blanco\/","title":{"rendered":"Teclado ultrafino Bluetooth Anker (blanco)"},"content":{"rendered":"<p>El teclado Bluetooth ultradelgado Anker de Anker es el compa\u00f1ero perfecto para su computadora port\u00e1til, tableta o tel\u00e9fono inteligente.<\/p>\n<p>&nbsp;<\/p>\n<h3 class=\"heading-5 v-fw-regular feature-heading\">Caracteristicas<\/h3>\n<ul>\n<li>La ventaja de Anker: \u00fanase a los m\u00e1s de 20 millones que cuentan con nuestra tecnolog\u00eda l\u00edder.<\/li>\n<li>Funciona con iOS, Android, Mac y Windows, con teclas de acceso directo para los cuatro sistemas.<\/li>\n<li>30% m\u00e1s peque\u00f1o que los teclados torpes tradicionales y tan ligero como una bola de billar (6,7 oz).<\/li>\n<li>Escriba en silencio y sin esfuerzo con teclas c\u00f3modas y discretas.<\/li>\n<li>Dura m\u00e1s de tres meses (basado en dos horas de uso por d\u00eda) con modo de ahorro de energ\u00eda y espacio para dos<\/li>\n<li>bater\u00edas AAA (no incluidas).<\/li>\n<\/ul>\n","protected":false},"excerpt":{"rendered":"<p>El teclado Bluetooth ultradelgado Anker de Anker es el compa\u00f1ero perfecto para su computadora port\u00e1til, tableta o tel\u00e9fono inteligente. &nbsp; Caracteristicas La ventaja de Anker: \u00fanase a los m\u00e1s de<\/p>\n","protected":false},"featured_media":12826,"comment_status":"open","ping_status":"closed","template":"","meta":{"_acf_changed":false,"_joinchat":[]},"product_brand":[],"product_cat":[240,245,250],"product_tag":[],"class_list":{"0":"post-12825","1":"product","2":"type-product","3":"status-publish","4":"has-post-thumbnail","6":"product_cat-computadoras","7":"product_cat-accesorios-computadoras","8":"product_cat-mouse-y-teclados","10":"first","11":"instock","12":"sale","13":"shipping-taxable","14":"purchasable","15":"product-type-simple"},"acf":[],"_links":{"self":[{"href":"https:\/\/defabrica.com.mx\/defabrica\/wp-json\/wp\/v2\/product\/12825","targetHints":{"allow":["GET"]}}],"collection":[{"href":"https:\/\/defabrica.com.mx\/defabrica\/wp-json\/wp\/v2\/product"}],"about":[{"href":"https:\/\/defabrica.com.mx\/defabrica\/wp-json\/wp\/v2\/types\/product"}],"replies":[{"embeddable":true,"href":"https:\/\/defabrica.com.mx\/defabrica\/wp-json\/wp\/v2\/comments?post=12825"}],"wp:featuredmedia":[{"embeddable":true,"href":"https:\/\/defabrica.com.mx\/defabrica\/wp-json\/wp\/v2\/media\/12826"}],"wp:attachment":[{"href":"https:\/\/defabrica.com.mx\/defabrica\/wp-json\/wp\/v2\/media?parent=12825"}],"wp:term":[{"taxonomy":"product_brand","embeddable":true,"href":"https:\/\/defabrica.com.mx\/defabrica\/wp-json\/wp\/v2\/product_brand?post=12825"},{"taxonomy":"product_cat","embeddable":true,"href":"https:\/\/defabrica.com.mx\/defabrica\/wp-json\/wp\/v2\/product_cat?post=12825"},{"taxonomy":"product_tag","embeddable":true,"href":"https:\/\/defabrica.com.mx\/defabrica\/wp-json\/wp\/v2\/product_tag?post=12825"}],"curies":[{"name":"wp","href":"https:\/\/api.w.org\/{rel}","templated":true}]}}