{"id":12667,"date":"2020-09-27T17:49:42","date_gmt":"2020-09-27T22:49:42","guid":{"rendered":"https:\/\/defabrica.com.mx\/defabrica\/?post_type=product&#038;p=12667"},"modified":"2023-01-24T13:25:01","modified_gmt":"2023-01-24T19:25:01","slug":"teclado-para-juegos-steelseries-apex-100","status":"publish","type":"product","link":"https:\/\/defabrica.com.mx\/defabrica\/producto\/teclado-para-juegos-steelseries-apex-100\/","title":{"rendered":"TECLADO PARA JUEGOS SteelSeries APEX 100"},"content":{"rendered":"<p>Dise\u00f1ado para jugadores, el teclado para juegos iluminado Apex 100 est\u00e1 equipado con interruptores de juego SteelSeries Quick Tension, retroiluminaci\u00f3n azul vibrante, durabilidad de 20 metros y opciones ilimitadas de personalizaci\u00f3n de software.\u00a0<strong>Informaci\u00f3n general<\/strong><\/p>\n<h3 class=\"heading-5 v-fw-regular feature-heading\">Caracteristicas<\/h3>\n<div class=\"feature-body-container\">\n<div class=\"features-list-container\">\n<div class=\"features-list all-features\">\n<div class=\"list-row\">\n<ul>\n<li><strong>Interruptores de tensi\u00f3n r\u00e1pidos<\/strong><\/li>\n<li>El Apex 100 cuenta con interruptores de tensi\u00f3n r\u00e1pida que est\u00e1n dise\u00f1ados para imitar el funcionamiento de un interruptor mec\u00e1nico. Cuando se presiona la tecla hasta la mitad, el dise\u00f1o de la membrana de tensi\u00f3n activa la tecla, lo que resulta en un registro m\u00e1s r\u00e1pido que impacta en gran medida los tiempos de reacci\u00f3n en el juego.<\/li>\n<li>20 Millones de clics garantizados<\/li>\n<li>Nuestros interruptores est\u00e1n dise\u00f1ados para ofrecer una precisi\u00f3n inigualable y una consistencia en la sensaci\u00f3n de las teclas, incluso despu\u00e9s de 20 millones de clics. El Apex 100 ofrece anti-ghosting avanzado que admite hasta 24 de las teclas m\u00e1s utilizadas en los juegos.<\/li>\n<li><strong>Especificaciones adicionales del producto<\/strong><br \/>\nEspecificaciones completas del producto: haga clic para ver<br \/>\n<strong>Teclado \/ Teclado<\/strong><br \/>\nTecnolog\u00eda de interruptor de llave: membrana<br \/>\nTecnolog\u00eda de conectividad de teclado \/ teclado: Cable<br \/>\nN\u00famero de llaves: 104<br \/>\n<strong>Interfaces \/ Puertos<\/strong><br \/>\nInterfaz de host del teclado \/ teclado: USB 3.0<br \/>\n<strong>Caracter\u00edsticas f\u00edsicas<\/strong><br \/>\nDe color negro<br \/>\nAltura del teclado \/ teclado: 1,57 \u00bb<br \/>\nAncho del teclado \/ teclado: 18,22 \u00bb<br \/>\nProfundidad del teclado \/ teclado: 6,10 \u00bb<br \/>\nPeso (aproximado): 2,42 lb<br \/>\n<strong>Diverso<\/strong><br \/>\nContenidos del paquete:<br \/>\nTeclado Apex 100<br \/>\nGu\u00eda de informaci\u00f3n del producto<br \/>\nPlataforma compatible: Windows<\/li>\n<\/ul>\n<\/div>\n<\/div>\n<\/div>\n<\/div>\n<p>&nbsp;<\/p>\n<p>&nbsp;<\/p>\n","protected":false},"excerpt":{"rendered":"<p>Dise\u00f1ado para jugadores, el teclado para juegos iluminado Apex 100 est\u00e1 equipado con interruptores de juego SteelSeries Quick Tension, retroiluminaci\u00f3n azul vibrante, durabilidad de 20 metros y opciones ilimitadas de<\/p>\n","protected":false},"featured_media":12669,"comment_status":"open","ping_status":"closed","template":"","meta":{"_acf_changed":false,"_joinchat":[]},"product_brand":[],"product_cat":[240,245,250,277,282,280,434],"product_tag":[],"class_list":{"0":"post-12667","1":"product","2":"type-product","3":"status-publish","4":"has-post-thumbnail","6":"product_cat-computadoras","7":"product_cat-accesorios-computadoras","8":"product_cat-mouse-y-teclados","9":"product_cat-zona-gamer","10":"product_cat-accesorios-gamers","11":"product_cat-pc-gaming","12":"product_cat-mouse-y-teclado-gamer","14":"first","15":"instock","16":"sale","17":"shipping-taxable","18":"purchasable","19":"product-type-simple"},"acf":[],"_links":{"self":[{"href":"https:\/\/defabrica.com.mx\/defabrica\/wp-json\/wp\/v2\/product\/12667","targetHints":{"allow":["GET"]}}],"collection":[{"href":"https:\/\/defabrica.com.mx\/defabrica\/wp-json\/wp\/v2\/product"}],"about":[{"href":"https:\/\/defabrica.com.mx\/defabrica\/wp-json\/wp\/v2\/types\/product"}],"replies":[{"embeddable":true,"href":"https:\/\/defabrica.com.mx\/defabrica\/wp-json\/wp\/v2\/comments?post=12667"}],"wp:featuredmedia":[{"embeddable":true,"href":"https:\/\/defabrica.com.mx\/defabrica\/wp-json\/wp\/v2\/media\/12669"}],"wp:attachment":[{"href":"https:\/\/defabrica.com.mx\/defabrica\/wp-json\/wp\/v2\/media?parent=12667"}],"wp:term":[{"taxonomy":"product_brand","embeddable":true,"href":"https:\/\/defabrica.com.mx\/defabrica\/wp-json\/wp\/v2\/product_brand?post=12667"},{"taxonomy":"product_cat","embeddable":true,"href":"https:\/\/defabrica.com.mx\/defabrica\/wp-json\/wp\/v2\/product_cat?post=12667"},{"taxonomy":"product_tag","embeddable":true,"href":"https:\/\/defabrica.com.mx\/defabrica\/wp-json\/wp\/v2\/product_tag?post=12667"}],"curies":[{"name":"wp","href":"https:\/\/api.w.org\/{rel}","templated":true}]}}