{"id":12623,"date":"2020-09-27T15:57:52","date_gmt":"2020-09-27T20:57:52","guid":{"rendered":"https:\/\/defabrica.com.mx\/defabrica\/?post_type=product&#038;p=12623"},"modified":"2023-01-24T15:34:19","modified_gmt":"2023-01-24T21:34:19","slug":"bareminerals-base-de-maquillaje-en-polvo-suelto-original-spf-15-10-medio-0-28-oz","status":"publish","type":"product","link":"https:\/\/defabrica.com.mx\/defabrica\/producto\/bareminerals-base-de-maquillaje-en-polvo-suelto-original-spf-15-10-medio-0-28-oz\/","title":{"rendered":"BareMinerals Base de maquillaje en polvo suelto original SPF 15, 10 medio, 0.28 oz"},"content":{"rendered":"<p>La base original en polvo suelto de BareMinerals es una base edificable de cobertura media formulada con cinco ingredientes minerales que le dan a su piel un acabado natural y radiante.\u00a0Esta base mineral minimiza la aparici\u00f3n de poros e imperfecciones, al tiempo que combate la piel grasa.\u00a0El polvo de larga duraci\u00f3n crea una tez impecable y se siente ingr\u00e1vido para una cobertura durante todo el d\u00eda que no se apelmaza.<\/p>\n<h3><strong>Caracteristicas<\/strong><\/h3>\n<ul>\n<li>Protecci\u00f3n solar a base de minerales<\/li>\n<li>Vegano, sin crueldad animal y sin gluten.<\/li>\n<li>Formulado con solo 5 ingredientes minerales limpios<\/li>\n<li>Libre de aceite mineral, sulfatos SLS y SLES, parabenos, formaldeh\u00eddo, agentes liberadores de formaldeh\u00eddo, ftalatos, palmitato de retinilo, oxibenzona, alquitr\u00e1n de hulla, hidroquinona, triclos\u00e1n, triclocarb\u00e1n y fragancia.<\/li>\n<\/ul>\n","protected":false},"excerpt":{"rendered":"<p>La base original en polvo suelto de BareMinerals es una base edificable de cobertura media formulada con cinco ingredientes minerales que le dan a su piel un acabado natural y<\/p>\n","protected":false},"featured_media":12632,"comment_status":"open","ping_status":"closed","template":"","meta":{"_acf_changed":false,"_joinchat":[]},"product_brand":[],"product_cat":[331,352,466,467],"product_tag":[],"class_list":{"0":"post-12623","1":"product","2":"type-product","3":"status-publish","4":"has-post-thumbnail","6":"product_cat-salud-y-belleza","7":"product_cat-ella","8":"product_cat-maquillaje","9":"product_cat-cara","11":"first","12":"instock","13":"sale","14":"shipping-taxable","15":"purchasable","16":"product-type-variable","17":"has-default-attributes"},"acf":[],"_links":{"self":[{"href":"https:\/\/defabrica.com.mx\/defabrica\/wp-json\/wp\/v2\/product\/12623","targetHints":{"allow":["GET"]}}],"collection":[{"href":"https:\/\/defabrica.com.mx\/defabrica\/wp-json\/wp\/v2\/product"}],"about":[{"href":"https:\/\/defabrica.com.mx\/defabrica\/wp-json\/wp\/v2\/types\/product"}],"replies":[{"embeddable":true,"href":"https:\/\/defabrica.com.mx\/defabrica\/wp-json\/wp\/v2\/comments?post=12623"}],"wp:featuredmedia":[{"embeddable":true,"href":"https:\/\/defabrica.com.mx\/defabrica\/wp-json\/wp\/v2\/media\/12632"}],"wp:attachment":[{"href":"https:\/\/defabrica.com.mx\/defabrica\/wp-json\/wp\/v2\/media?parent=12623"}],"wp:term":[{"taxonomy":"product_brand","embeddable":true,"href":"https:\/\/defabrica.com.mx\/defabrica\/wp-json\/wp\/v2\/product_brand?post=12623"},{"taxonomy":"product_cat","embeddable":true,"href":"https:\/\/defabrica.com.mx\/defabrica\/wp-json\/wp\/v2\/product_cat?post=12623"},{"taxonomy":"product_tag","embeddable":true,"href":"https:\/\/defabrica.com.mx\/defabrica\/wp-json\/wp\/v2\/product_tag?post=12623"}],"curies":[{"name":"wp","href":"https:\/\/api.w.org\/{rel}","templated":true}]}}