{"id":105474,"date":"2023-05-26T14:31:30","date_gmt":"2023-05-26T19:31:30","guid":{"rendered":"https:\/\/defabrica.com.mx\/defabrica\/?post_type=product&#038;p=105474"},"modified":"2023-05-26T14:31:30","modified_gmt":"2023-05-26T19:31:30","slug":"samsung-televisor-inteligente-tizen-qn900c-neo-qled-8k-de-65","status":"publish","type":"product","link":"https:\/\/defabrica.com.mx\/defabrica\/producto\/samsung-televisor-inteligente-tizen-qn900c-neo-qled-8k-de-65\/","title":{"rendered":"Samsung &#8211; Televisor inteligente Tizen QN900C Neo QLED 8K de 65&#8243;"},"content":{"rendered":"<div class=\"embedded-component-container lv product-description\">\n<div>\n<div id=\"shop-product-description-98118146\" class=\"_none\" data-version=\"1.3.58\">\n<div class=\"shop-product-description\">\n<section class=\"align-heading-left\" data-reactroot=\"\">\n<div class=\"long-description-container body-copy \">\n<div class=\"html-fragment\"><span>Experimente nuestro mejor de todos los tiempos.\u00a0Este pionero de los televisores Samsung no solo cuenta con incre\u00edbles especificaciones t\u00e9cnicas.\u00a0Tambi\u00e9n tiene estilo con un dise\u00f1o pr\u00e1cticamente sin marco que es tan inspirador e impresionante como la imagen misma.\u00a0El Neo QLED 8K de Samsung ofrece una calidad de imagen incomparable y un sonido alucinante.\u00a0El potente procesador transforma su contenido favorito en un sorprendente 8K, y los detalles m\u00e1s peque\u00f1os cobran vida con nuestra ic\u00f3nica tecnolog\u00eda Quantum Mini LED complementada con un sonido realista con Dolby Atmos, Object Tracking Sound Pro y Q-Symphony 3.0.<\/span><\/div>\n<\/div>\n<\/section>\n<\/div>\n<\/div>\n<\/div>\n<\/div>\n<div class=\"embedded-component-container lv is-not-embedded\">\n<h3><\/h3>\n<h3 class=\"product-info-heading heading-5 v-fw-regular w-md-1\/4 mb-150\"><strong>Caracter\u00edsticas<\/strong><\/h3>\n<ul>\n<li><strong>Pantalla infinita con Slim One Connect<\/strong><br \/>\nNo te contengas: escapa a esa pel\u00edcula, espect\u00e1culo o juego con una imagen de 8K de borde a borde que desaf\u00eda los l\u00edmites y redefine las expectativas. No experimente l\u00edmites ni distracciones con una caja oculta que mantiene sus cables fuera de la vista.<\/li>\n<li><strong>Quantum Matrix Pro con mini LED<\/strong><br \/>\nVe mundos dentro de mundos, con una precisi\u00f3n de 8K sin precedentes gracias a un universo de luces diminutas. Explora mil millones de colores y un contraste intenso con la tecnolog\u00eda de una red de Samsung Quantum Mini LED.<\/li>\n<li><strong>Procesador Cu\u00e1ntico Neural 8K<\/strong><br \/>\nMejora cada noche de cine y prep\u00e1rate para el futuro de la televisi\u00f3n 8K con nuestro prestigioso procesador orientado a los detalles.<\/li>\n<li><strong>Neo Quantum HDR 8K Pro<\/strong><br \/>\nRepensar\u00e1s lo que es real cuando veas el brillo de nuestros colores m\u00e1s all\u00e1 de la realidad, con la tecnolog\u00eda de Neo Quantum HDR 8K Pro. Sea testigo de una extraordinaria variedad de contrastes, que cobran vida con detalles de color deslumbrantes y precisos, sin importar lo que est\u00e9 viendo.<\/li>\n<li><strong>Esta ingeniosa tecnolog\u00eda brinda detalles n\u00edtidos, profundidad asombrosa, sombras y texturas que dan como resultado una experiencia de cine en casa mejor que la del cine, adem\u00e1s de mejorar el audio y el rendimiento total de la televisi\u00f3n.\u00b9<\/strong><\/li>\n<li><strong>Dolby Atmos y seguimiento de objetos Sound Pro<\/strong><br \/>\nNo solo escuches la acci\u00f3n. Si\u00e9ntelo con Dolby Atmos\u00ae integrado y Object Tracking Sound Pro. El audio 3D dram\u00e1tico llena la habitaci\u00f3n mientras AI Sound rastrea la acci\u00f3n en la pantalla con precisi\u00f3n milim\u00e9trica.<\/li>\n<li><strong>Q-Sinfon\u00eda 3.0<\/strong><br \/>\nAmplifica tu audio con el mejor d\u00fao de todos los tiempos: televisores Samsung combinados con una barra de sonido Samsung. Con Q-Symphony, los parlantes de su televisor emparejados con la barra de sonido Q-Series y S-Series funcionan como uno solo.<\/li>\n<li><strong>Juntos, pueden optimizar todos los canales para brindarle una experiencia de sonido magistralmente orquestada\u00b2<\/strong><\/li>\n<li><strong>Centro de juegos de Samsung<\/strong><br \/>\nTenemos Juego. Transmita sus juegos favoritos directamente desde su televisor. No requiere consola\u00b3<\/li>\n<li><strong>i-Glare con \u00e1ngulo de visi\u00f3n ultra<\/strong><br \/>\nElige un asiento, cualquier asiento. No hay uno malo en la casa gracias a la tecnolog\u00eda Anti-Glare con Ultra Viewing Angle. Obtendr\u00e1 una imagen de 8K consistente y detallada, en cualquier \u00e1ngulo, con cualquier luz, con colores pr\u00edstinos en toda la pantalla.<\/li>\n<li><strong>Motion Xcelerator Turbo Pro<\/strong><br \/>\nAg\u00e1rrate a tu asiento. Los juegos, pel\u00edculas y deportes de alta velocidad alcanzan el m\u00e1ximo rendimiento con mejoras de movimiento excepcionales.<\/li>\n<li><strong>Motion Xcelerator Turbo Pro crea im\u00e1genes 4K consistentemente n\u00edtidas a velocidades ultrarr\u00e1pidas de hasta 120 Hz, y Game Motion Plus sube hasta 144 Hz con contenido conectado a PC compatible.<\/strong><\/li>\n<li><strong>Volumen de color al 100 % con puntos cu\u00e1nticos<\/strong><br \/>\nDisfrute del color validado por expertos l\u00edderes en la industria en Pantone\u00ae, para que las im\u00e1genes en la pantalla se vean tan incre\u00edbles como en la vida real.<\/li>\n<\/ul>\n<\/div>\n","protected":false},"excerpt":{"rendered":"<p>Experimente nuestro mejor de todos los tiempos.\u00a0Este pionero de los televisores Samsung no solo cuenta con incre\u00edbles especificaciones t\u00e9cnicas.\u00a0Tambi\u00e9n tiene estilo con un dise\u00f1o pr\u00e1cticamente sin marco que es tan<\/p>\n","protected":false},"featured_media":105475,"comment_status":"open","ping_status":"closed","template":"","meta":{"_acf_changed":false,"_joinchat":[]},"product_brand":[],"product_cat":[336,937],"product_tag":[],"class_list":{"0":"post-105474","1":"product","2":"type-product","3":"status-publish","4":"has-post-thumbnail","6":"product_cat-hogar","7":"product_cat-pantallas","9":"first","10":"instock","11":"sale","12":"shipping-taxable","13":"purchasable","14":"product-type-simple"},"acf":[],"_links":{"self":[{"href":"https:\/\/defabrica.com.mx\/defabrica\/wp-json\/wp\/v2\/product\/105474","targetHints":{"allow":["GET"]}}],"collection":[{"href":"https:\/\/defabrica.com.mx\/defabrica\/wp-json\/wp\/v2\/product"}],"about":[{"href":"https:\/\/defabrica.com.mx\/defabrica\/wp-json\/wp\/v2\/types\/product"}],"replies":[{"embeddable":true,"href":"https:\/\/defabrica.com.mx\/defabrica\/wp-json\/wp\/v2\/comments?post=105474"}],"wp:featuredmedia":[{"embeddable":true,"href":"https:\/\/defabrica.com.mx\/defabrica\/wp-json\/wp\/v2\/media\/105475"}],"wp:attachment":[{"href":"https:\/\/defabrica.com.mx\/defabrica\/wp-json\/wp\/v2\/media?parent=105474"}],"wp:term":[{"taxonomy":"product_brand","embeddable":true,"href":"https:\/\/defabrica.com.mx\/defabrica\/wp-json\/wp\/v2\/product_brand?post=105474"},{"taxonomy":"product_cat","embeddable":true,"href":"https:\/\/defabrica.com.mx\/defabrica\/wp-json\/wp\/v2\/product_cat?post=105474"},{"taxonomy":"product_tag","embeddable":true,"href":"https:\/\/defabrica.com.mx\/defabrica\/wp-json\/wp\/v2\/product_tag?post=105474"}],"curies":[{"name":"wp","href":"https:\/\/api.w.org\/{rel}","templated":true}]}}