{"id":105468,"date":"2023-05-26T14:26:06","date_gmt":"2023-05-26T19:26:06","guid":{"rendered":"https:\/\/defabrica.com.mx\/defabrica\/?post_type=product&#038;p=105468"},"modified":"2023-05-26T14:26:06","modified_gmt":"2023-05-26T19:26:06","slug":"rexing-v33-3-canales-1440p1440p1440p-resolucion-dashcam-con-camara-delantera-trasera-y-de-cabina-gps-aplicacion-movil-monitor-de-estacionamiento-negro","status":"publish","type":"product","link":"https:\/\/defabrica.com.mx\/defabrica\/producto\/rexing-v33-3-canales-1440p1440p1440p-resolucion-dashcam-con-camara-delantera-trasera-y-de-cabina-gps-aplicacion-movil-monitor-de-estacionamiento-negro\/","title":{"rendered":"Rexing &#8211; V33 3 canales 1440p+1440p+1440p Resoluci\u00f3n Dashcam con c\u00e1mara delantera, trasera y de cabina, GPS, aplicaci\u00f3n m\u00f3vil, monitor de estacionamiento &#8211; Negro"},"content":{"rendered":"<p>Capture vistas panor\u00e1micas de su entorno mientras conduce con esta dashcam Rexing V33.\u00a0La c\u00e1mara de tablero de tres canales graba una resoluci\u00f3n de video de 2K simult\u00e1neamente desde la parte delantera, la cabina y la parte trasera del autom\u00f3vil.\u00a0El Rexing V33 tambi\u00e9n viene con Wi-Fi, control de voz y funciones ADAS.\u00a0Un registrador de GPS incorporado rastrea m\u00e9tricas importantes en caso de un incidente de manejo.\u00a0La dashcam V33 tambi\u00e9n utiliza un supercondensador resistente a la temperatura para mayor confiabilidad<\/p>\n<h3><\/h3>\n<h3 class=\"product-info-heading heading-5 v-fw-regular w-md-1\/4 mb-150\"><strong>Caracter\u00edsticas<\/strong><\/h3>\n<ul>\n<li><strong>grabaci\u00f3n de 3 canales<\/strong><br \/>\nGrabe todo en la parte delantera, trasera y dentro de su veh\u00edculo simult\u00e1neamente y tenga la opci\u00f3n de mostrar en qu\u00e9 vistas enfocarse a trav\u00e9s de la pantalla LCD.<\/li>\n<li><strong>Resoluci\u00f3n simult\u00e1nea de 2K<\/strong><br \/>\nGrabe en una impresionante resoluci\u00f3n 2K (1440p) simult\u00e1nea a trav\u00e9s de cada una de las c\u00e1maras delantera, de cabina y trasera.<\/li>\n<li><strong>conexi\u00f3n wifi<\/strong><br \/>\nVea, guarde y comparta las grabaciones de la c\u00e1mara del tablero directamente en su dispositivo m\u00f3vil usando la funci\u00f3n Wi-Fi de la c\u00e1mara del tablero.<\/li>\n<li><strong>Reporte de accidente<\/strong><br \/>\nCargue\/comparta instant\u00e1neamente por correo electr\u00f3nico o Youtube, cualquier video de accidente que tenga una fecha\/hora\/n\u00famero de matr\u00edcula incrustado en el video de la c\u00e1mara del tablero a su compa\u00f1\u00eda de seguros para resolver r\u00e1pidamente las reclamaciones.<\/li>\n<li><strong>GPS incorporado<\/strong><br \/>\nEl registrador GPS interno le permite agregar hora, fecha, marcas de ubicaci\u00f3n e informaci\u00f3n de velocidad a todas sus grabaciones sin necesidad de un accesorio adicional.<\/li>\n<li><strong>S\u00faper visi\u00f3n nocturna<\/strong><br \/>\nLas c\u00e1maras delantera y trasera tienen un sensor de visi\u00f3n nocturna, que es perfecto para condiciones de poca luz y garantiza im\u00e1genes de video impecables incluso en la oscuridad.<\/li>\n<li><strong>Modo de vigilancia<\/strong><br \/>\nInstale nuestro cable de cableado para activar la funci\u00f3n de modo de estacionamiento para detectar impactos o movimientos mientras su autom\u00f3vil est\u00e1 estacionado\/apagado y se enciende y graba autom\u00e1ticamente. Conecte el kit de cableado inteligente Rexing o el kit de cableado inteligente Rexing para activarlo. (Se vende por separado)<\/li>\n<li><strong>Modo de ahorro de energ\u00eda<\/strong><br \/>\nMientras su autom\u00f3vil est\u00e1 estacionado y apagado y el kit de cableado est\u00e1 instalado, la c\u00e1mara del tablero se dormir\u00e1 y apagar\u00e1 la pantalla, conservando la vida \u00fatil de la bater\u00eda de su autom\u00f3vil hasta que necesite activarse y grabar.<\/li>\n<li><strong>Grabaci\u00f3n en bucle<\/strong><br \/>\nCuando se alcanza el l\u00edmite de almacenamiento en la tarjeta de memoria, las nuevas grabaciones sobrescribir\u00e1n autom\u00e1ticamente las m\u00e1s antiguas.<\/li>\n<li><strong>Detecci\u00f3n de colisiones<\/strong><br \/>\nCuando el G-Sensor detecta una colisi\u00f3n, el video actual se bloquea, lo que garantiza que las im\u00e1genes importantes se mantengan protegidas.<\/li>\n<li><strong>Dise\u00f1o de firma actualizado<\/strong><br \/>\nCon una mejora en nuestro ic\u00f3nico dise\u00f1o de bajo perfil, mantenga su c\u00e1mara de tablero bien oculta y fuera de la vista.<\/li>\n<li><strong>Tecnolog\u00eda de amplio rango din\u00e1mico<\/strong><br \/>\nPermite que la c\u00e1mara funcione de manera \u00f3ptima en cualquier situaci\u00f3n de iluminaci\u00f3n ajustando la exposici\u00f3n para crear im\u00e1genes y secuencias equilibradas.<\/li>\n<li><strong>\u00c1ngulo de visi\u00f3n de 170\u00b0<\/strong><br \/>\nLos lentes Ultra-Wide Angel de las tres c\u00e1maras capturan vistas panor\u00e1micas del interior de la cabina, a d\u00f3nde vas, d\u00f3nde has estado.<\/li>\n<li><strong>Tarjeta Memroy de 64GB incluida<\/strong><br \/>\nComo valor agregado, disfrute de una tarjeta de memoria de 64 GB incluida, una de las tarjetas de tama\u00f1o perfecto que se adapta a la mayor\u00eda de las necesidades de manejo.<\/li>\n<\/ul>\n","protected":false},"excerpt":{"rendered":"<p>Capture vistas panor\u00e1micas de su entorno mientras conduce con esta dashcam Rexing V33.\u00a0La c\u00e1mara de tablero de tres canales graba una resoluci\u00f3n de video de 2K simult\u00e1neamente desde la parte<\/p>\n","protected":false},"featured_media":105469,"comment_status":"open","ping_status":"closed","template":"","meta":{"_acf_changed":false,"_joinchat":[]},"product_brand":[],"product_cat":[442,284,444],"product_tag":[],"class_list":{"0":"post-105468","1":"product","2":"type-product","3":"status-publish","4":"has-post-thumbnail","6":"product_cat-camaras","7":"product_cat-camaras-y-lentes","8":"product_cat-todas-las-camaras-y-lentes","10":"first","11":"instock","12":"sale","13":"shipping-taxable","14":"purchasable","15":"product-type-simple"},"acf":[],"_links":{"self":[{"href":"https:\/\/defabrica.com.mx\/defabrica\/wp-json\/wp\/v2\/product\/105468","targetHints":{"allow":["GET"]}}],"collection":[{"href":"https:\/\/defabrica.com.mx\/defabrica\/wp-json\/wp\/v2\/product"}],"about":[{"href":"https:\/\/defabrica.com.mx\/defabrica\/wp-json\/wp\/v2\/types\/product"}],"replies":[{"embeddable":true,"href":"https:\/\/defabrica.com.mx\/defabrica\/wp-json\/wp\/v2\/comments?post=105468"}],"wp:featuredmedia":[{"embeddable":true,"href":"https:\/\/defabrica.com.mx\/defabrica\/wp-json\/wp\/v2\/media\/105469"}],"wp:attachment":[{"href":"https:\/\/defabrica.com.mx\/defabrica\/wp-json\/wp\/v2\/media?parent=105468"}],"wp:term":[{"taxonomy":"product_brand","embeddable":true,"href":"https:\/\/defabrica.com.mx\/defabrica\/wp-json\/wp\/v2\/product_brand?post=105468"},{"taxonomy":"product_cat","embeddable":true,"href":"https:\/\/defabrica.com.mx\/defabrica\/wp-json\/wp\/v2\/product_cat?post=105468"},{"taxonomy":"product_tag","embeddable":true,"href":"https:\/\/defabrica.com.mx\/defabrica\/wp-json\/wp\/v2\/product_tag?post=105468"}],"curies":[{"name":"wp","href":"https:\/\/api.w.org\/{rel}","templated":true}]}}