{"id":105445,"date":"2023-05-17T16:13:59","date_gmt":"2023-05-17T21:13:59","guid":{"rendered":"https:\/\/defabrica.com.mx\/defabrica\/?post_type=product&#038;p=105445"},"modified":"2023-05-17T16:13:59","modified_gmt":"2023-05-17T21:13:59","slug":"samsung-2-1-cu-pie-microondas-para-instalar-sobre-la-cocina-con-sensor-de-coccion-acero-inoxidable","status":"publish","type":"product","link":"https:\/\/defabrica.com.mx\/defabrica\/producto\/samsung-2-1-cu-pie-microondas-para-instalar-sobre-la-cocina-con-sensor-de-coccion-acero-inoxidable\/","title":{"rendered":"Samsung &#8211; 2.1 cu. Pie. Microondas para instalar sobre la cocina con sensor de cocci\u00f3n &#8211; Acero inoxidable"},"content":{"rendered":"<p>Este microondas para colocar encima de la cocina de Samsung hace que preparar m\u00faltiples platos sea f\u00e1cil con su gran capacidad de 2.1 pies c\u00fabicos.\u00a0pies de capacidad, acomodando incluso sus platos m\u00e1s grandes.\u00a0El panel Glass Control brinda una apariencia integrada y uniforme, lo que garantiza que todos los elementos de dise\u00f1o combinen en su cocina.\u00a0La tecnolog\u00eda Sensor Cook ajusta autom\u00e1ticamente el tiempo de cocci\u00f3n para obtener resultados \u00f3ptimos.\u00a0Adem\u00e1s, el interior de cer\u00e1mica esmaltada proporciona un interior duradero, resistente a los rayones y f\u00e1cil de limpiar, lo que simplifica el mantenimiento diario.<\/p>\n<h3><\/h3>\n<h3 class=\"product-info-heading heading-5 v-fw-regular w-md-1\/4 mb-150\"><strong>Caracter\u00edsticas<\/strong><\/h3>\n<ul>\n<li><strong>2.1 cu. pies de gran capacidad<\/strong><br \/>\nSe adapta a una variedad de platos para que pueda preparar comidas grandes r\u00e1pidamente.<\/li>\n<li><strong>Controles t\u00e1ctiles de vidrio precisos<\/strong><br \/>\nGlass Touch proporciona controles precisos con un dise\u00f1o integrado y sin costuras.<\/li>\n<li><strong>Sensor de cocci\u00f3n<\/strong><br \/>\nAjusta autom\u00e1ticamente el tiempo de cocci\u00f3n para obtener resultados \u00f3ptimos.<\/li>\n<li><strong>Interior de cer\u00e1mica esmaltada.<\/strong><br \/>\nFacilita la eliminaci\u00f3n de grasa o aceite y protege contra los rayones del uso diario. Duradero, resistente a los ara\u00f1azos y f\u00e1cil de limpiar.<\/li>\n<li><strong>Luz de cocina LED<\/strong><br \/>\nM\u00e1s eficiente energ\u00e9ticamente y distribuye uniformemente una luz suave y brillante en la estufa.<\/li>\n<li><strong>Filtro limpio sencillo<\/strong><br \/>\nLa ubicaci\u00f3n conveniente y accesible es f\u00e1cil de expulsar y tiene recordatorios cuando es hora de limpiar.<\/li>\n<li><strong>Manija empotrada<\/strong><br \/>\nDise\u00f1o impecable, integrado y moderno que combina con cualquier cocina.<\/li>\n<li><strong>Alta ventilaci\u00f3n<\/strong><br \/>\nAlto poder de ventilaci\u00f3n de 400 CFM para eliminar olores.<\/li>\n<li><strong>Modo ecologico<\/strong><br \/>\nAhorra energ\u00eda y reduce la huella de carbono apagando la pantalla cuando no est\u00e1 en uso.<\/li>\n<li><strong>Poder de cocci\u00f3n<\/strong><br \/>\n1000W de potencia y 10 niveles de potencia diferentes para cocinar una variedad de alimentos.<\/li>\n<li><strong>Pantalla LED<\/strong><br \/>\nLa llamativa pantalla LED azul agrega claridad y estilo a su cocina.<\/li>\n<li><strong>Resistente a huellas dactilares<\/strong><br \/>\nExterior con revestimiento especial que garantiza que su microondas permanezca impecable incluso con el uso diario.<\/li>\n<\/ul>\n","protected":false},"excerpt":{"rendered":"<p>Este microondas para colocar encima de la cocina de Samsung hace que preparar m\u00faltiples platos sea f\u00e1cil con su gran capacidad de 2.1 pies c\u00fabicos.\u00a0pies de capacidad, acomodando incluso sus<\/p>\n","protected":false},"featured_media":105446,"comment_status":"open","ping_status":"closed","template":"","meta":{"_acf_changed":false,"_joinchat":[]},"product_brand":[],"product_cat":[336,337,951],"product_tag":[],"class_list":{"0":"post-105445","1":"product","2":"type-product","3":"status-publish","4":"has-post-thumbnail","6":"product_cat-hogar","7":"product_cat-cocina","8":"product_cat-microondas","10":"first","11":"instock","12":"sale","13":"shipping-taxable","14":"purchasable","15":"product-type-simple"},"acf":[],"_links":{"self":[{"href":"https:\/\/defabrica.com.mx\/defabrica\/wp-json\/wp\/v2\/product\/105445","targetHints":{"allow":["GET"]}}],"collection":[{"href":"https:\/\/defabrica.com.mx\/defabrica\/wp-json\/wp\/v2\/product"}],"about":[{"href":"https:\/\/defabrica.com.mx\/defabrica\/wp-json\/wp\/v2\/types\/product"}],"replies":[{"embeddable":true,"href":"https:\/\/defabrica.com.mx\/defabrica\/wp-json\/wp\/v2\/comments?post=105445"}],"wp:featuredmedia":[{"embeddable":true,"href":"https:\/\/defabrica.com.mx\/defabrica\/wp-json\/wp\/v2\/media\/105446"}],"wp:attachment":[{"href":"https:\/\/defabrica.com.mx\/defabrica\/wp-json\/wp\/v2\/media?parent=105445"}],"wp:term":[{"taxonomy":"product_brand","embeddable":true,"href":"https:\/\/defabrica.com.mx\/defabrica\/wp-json\/wp\/v2\/product_brand?post=105445"},{"taxonomy":"product_cat","embeddable":true,"href":"https:\/\/defabrica.com.mx\/defabrica\/wp-json\/wp\/v2\/product_cat?post=105445"},{"taxonomy":"product_tag","embeddable":true,"href":"https:\/\/defabrica.com.mx\/defabrica\/wp-json\/wp\/v2\/product_tag?post=105445"}],"curies":[{"name":"wp","href":"https:\/\/api.w.org\/{rel}","templated":true}]}}