{"id":105433,"date":"2023-05-17T13:14:25","date_gmt":"2023-05-17T18:14:25","guid":{"rendered":"https:\/\/defabrica.com.mx\/defabrica\/?post_type=product&#038;p=105433"},"modified":"2023-05-17T13:14:25","modified_gmt":"2023-05-17T18:14:25","slug":"insignia-497-pies-cuadrados-pie-purificador-de-aire-hepa-blanco","status":"publish","type":"product","link":"https:\/\/defabrica.com.mx\/defabrica\/producto\/insignia-497-pies-cuadrados-pie-purificador-de-aire-hepa-blanco\/","title":{"rendered":"Insignia\u2122 &#8211; 497 pies cuadrados Pie. Purificador de aire HEPA &#8211; Blanco"},"content":{"rendered":"<div class=\"embedded-component-container lv product-description\">\n<div>\n<div id=\"shop-product-description-25268057\" class=\"_none\" data-version=\"1.3.58\">\n<div class=\"shop-product-description\">\n<section class=\"align-heading-left\" data-reactroot=\"\">\n<div class=\"long-description-container body-copy \">\n<div class=\"html-fragment\"><span>Los desagradables efectos secundarios de las alergias no deber\u00edan seguirte a casa.\u00a0Mejore su respiraci\u00f3n y elimine los olores desagradables con Insignia NS-APLWH2 497 Sq.\u00a0Pie.\u00a0Purificador de aire HEPA.\u00a0Elimina al\u00e9rgenos, grandes irritantes, moho, polvo, caspa de mascotas, humo y polen con el filtro HEPA incluido.\u00a0El filtro de carb\u00f3n activo tambi\u00e9n elimina los olores, manteniendo su casa con un olor limpio y fresco.\u00a0Una pantalla LED facilita comprobar la calidad del aire de su hogar y cambiar la configuraci\u00f3n del purificador de aire, como la velocidad, el temporizador o el bloqueo para ni\u00f1os.\u00a0Es ideal para una habitaci\u00f3n grande de hasta 497 pies cuadrados. No deber\u00eda tener que luchar para respirar en la comodidad de su hogar.\u00a0Ayude a evitar brotes de alergias limpiando su aire hoy.<\/span><\/div>\n<\/div>\n<\/section>\n<\/div>\n<\/div>\n<\/div>\n<\/div>\n<div class=\"embedded-component-container lv is-not-embedded\">\n<h3><\/h3>\n<h3 class=\"product-info-heading heading-5 v-fw-regular w-md-1\/4 mb-150\"><strong>Caracter\u00edsticas<\/strong><\/h3>\n<ul>\n<li><strong>Limpia hasta 497 pies cuadrados.<\/strong><br \/>\nLimpia y refresca el aire de habitaciones grandes de hasta 497 pies cuadrados (46,1 metros cuadrados).<\/li>\n<li><strong>filtro HEPA<\/strong><br \/>\nUn filtro HEPA captura la contaminaci\u00f3n de part\u00edculas en el aire, incluidos al\u00e9rgenos, moho, polvo, caspa de mascotas, humo y polen.<\/li>\n<li><strong>Tasa de suministro de aire limpio<\/strong><br \/>\nCumple con las recomendaciones de AHAM para filtrar el humo del tabaco (321), el polvo (310) y el polen (329) en habitaciones de hasta 497 pies cuadrados, manteniendo su aire y su familia seguros.<\/li>\n<li><strong>Filtro de carb\u00f3n activo<\/strong><br \/>\nElimina los olores de productos qu\u00edmicos como el amon\u00edaco, el formaldeh\u00eddo y la nicotina.<\/li>\n<li><strong>Elimina irritantes<\/strong><br \/>\nEl prefiltro no lavable elimina los irritantes grandes como el cabello y la caspa.<\/li>\n<li><strong>Opciones de velocidad<\/strong><br \/>\nCuatro velocidades de ventilador, incluido el modo de suspensi\u00f3n, le permiten seleccionar la rapidez con la que se purifica el aire.<\/li>\n<li><strong>Pantalla LED<\/strong><br \/>\nLe muestra su nivel actual de calidad del aire y la vida \u00fatil del filtro.<\/li>\n<li><strong>Alarma de cambio de filtro<\/strong><br \/>\nLe permite saber cu\u00e1ndo el filtro NS-APLWH2 ha estado funcionando durante aproximadamente 2000 horas y debe reemplazarse.<\/li>\n<li><strong>Temporizador con apagado autom\u00e1tico<\/strong><br \/>\nHace funcionar el purificador durante un tiempo preestablecido (1, 2, 4, 8 o 12 horas) antes de apagarlo autom\u00e1ticamente.<\/li>\n<li><strong>Bloqueo infantil<\/strong><br \/>\nEvita cambios de configuraci\u00f3n accidentales.<\/li>\n<li><strong>Opciones de ubicaci\u00f3n flexibles<\/strong><br \/>\nEl cable de alimentaci\u00f3n de 6 pies (1,8 m) le brinda la flexibilidad que necesita.<\/li>\n<\/ul>\n<\/div>\n","protected":false},"excerpt":{"rendered":"<p>Los desagradables efectos secundarios de las alergias no deber\u00edan seguirte a casa.\u00a0Mejore su respiraci\u00f3n y elimine los olores desagradables con Insignia NS-APLWH2 497 Sq.\u00a0Pie.\u00a0Purificador de aire HEPA.\u00a0Elimina al\u00e9rgenos, grandes irritantes,<\/p>\n","protected":false},"featured_media":105435,"comment_status":"open","ping_status":"closed","template":"","meta":{"_acf_changed":false,"_joinchat":[]},"product_brand":[],"product_cat":[336,1156],"product_tag":[],"class_list":{"0":"post-105433","1":"product","2":"type-product","3":"status-publish","4":"has-post-thumbnail","6":"product_cat-hogar","7":"product_cat-aspiradoras-vaporizadores-y-cuidado-de-suelos","9":"first","10":"instock","11":"sale","12":"shipping-taxable","13":"purchasable","14":"product-type-simple"},"acf":[],"_links":{"self":[{"href":"https:\/\/defabrica.com.mx\/defabrica\/wp-json\/wp\/v2\/product\/105433","targetHints":{"allow":["GET"]}}],"collection":[{"href":"https:\/\/defabrica.com.mx\/defabrica\/wp-json\/wp\/v2\/product"}],"about":[{"href":"https:\/\/defabrica.com.mx\/defabrica\/wp-json\/wp\/v2\/types\/product"}],"replies":[{"embeddable":true,"href":"https:\/\/defabrica.com.mx\/defabrica\/wp-json\/wp\/v2\/comments?post=105433"}],"wp:featuredmedia":[{"embeddable":true,"href":"https:\/\/defabrica.com.mx\/defabrica\/wp-json\/wp\/v2\/media\/105435"}],"wp:attachment":[{"href":"https:\/\/defabrica.com.mx\/defabrica\/wp-json\/wp\/v2\/media?parent=105433"}],"wp:term":[{"taxonomy":"product_brand","embeddable":true,"href":"https:\/\/defabrica.com.mx\/defabrica\/wp-json\/wp\/v2\/product_brand?post=105433"},{"taxonomy":"product_cat","embeddable":true,"href":"https:\/\/defabrica.com.mx\/defabrica\/wp-json\/wp\/v2\/product_cat?post=105433"},{"taxonomy":"product_tag","embeddable":true,"href":"https:\/\/defabrica.com.mx\/defabrica\/wp-json\/wp\/v2\/product_tag?post=105433"}],"curies":[{"name":"wp","href":"https:\/\/api.w.org\/{rel}","templated":true}]}}