{"id":105427,"date":"2023-05-17T13:09:26","date_gmt":"2023-05-17T18:09:26","guid":{"rendered":"https:\/\/defabrica.com.mx\/defabrica\/?post_type=product&#038;p=105427"},"modified":"2023-05-17T13:09:26","modified_gmt":"2023-05-17T18:09:26","slug":"logitech-g-pro-auriculares-estereo-con-cable-para-colocar-sobre-las-orejas-para-juegos-para-meta-quest-2-negro","status":"publish","type":"product","link":"https:\/\/defabrica.com.mx\/defabrica\/producto\/logitech-g-pro-auriculares-estereo-con-cable-para-colocar-sobre-las-orejas-para-juegos-para-meta-quest-2-negro\/","title":{"rendered":"Logitech &#8211; G PRO Auriculares est\u00e9reo con cable para colocar sobre las orejas para juegos para Meta Quest 2 &#8211; Negro"},"content":{"rendered":"<div class=\"product-description\"><span>Mant\u00e9n tu cabeza en el juego con este auricular para juegos Logitech G PRO para Meta Quest 2. El acolchado de cuero sint\u00e9tico de espuma viscoel\u00e1stica suave ofrece un ajuste c\u00f3modo, mientras que la compatibilidad multiplataforma brinda una amplia facilidad de uso.\u00a0Este auricular para juegos Logitech G PRO cuenta con un micr\u00f3fono cardioide desmontable para conversaciones claras con compa\u00f1eros de equipo y una construcci\u00f3n duradera para un uso prolongado.<\/span><\/div>\n<div class=\"product-description-banners-lv\">\n<div class=\"product-description-banner\" data-track=\"description-html-asset:Designing a positive future.\">\n<h3><\/h3>\n<h3 class=\"product-info-heading heading-5 v-fw-regular w-md-1\/4 mb-150\"><strong>Caracter\u00edsticas<\/strong><\/h3>\n<ul>\n<li><strong>Compatible con Meta Quest 2<\/strong><br \/>\nDise\u00f1ado espec\u00edficamente para juegos de realidad virtual. Tambi\u00e9n funciona con Nintendo Switch, PlayStation 4, Windows y Xbox One.<\/li>\n<li><strong>Controladores de audio PRO-G de 50 mm<\/strong><br \/>\nCreado espec\u00edficamente para juegos, ofrece precisi\u00f3n en un amplio rango de frecuencias con respuesta de graves de alta fidelidad.<\/li>\n<li><strong>Micr\u00f3fono desmontable de 6 mm<\/strong><br \/>\nOfrece una amplia respuesta de frecuencia, baja relaci\u00f3n se\u00f1al\/ruido y alta sensibilidad. El filtro pop integrado y el parabrisas bloquean el ruido no deseado.<\/li>\n<li><strong>Conexi\u00f3n de baja latencia de 3,5 mm<\/strong><br \/>\nObtenga audio de alta calidad simplemente conectando la conexi\u00f3n AUX.<\/li>\n<li><strong>Dise\u00f1o sobre la oreja<\/strong><br \/>\nOfrece comodidad durante sesiones de juego prolongadas.<\/li>\n<li><strong>Diadema ajustable reforzada con acero con horquillas de aluminio<\/strong><br \/>\nAsegura durabilidad y se adapta a su cabeza para mayor comodidad.<\/li>\n<li><strong>Almohadillas de espuma viscoel\u00e1stica suave<\/strong><br \/>\nEnvuelto en cuero sint\u00e9tico de primera calidad, proporciona horas de comodidad auditiva y aislamiento pasivo del ruido.<\/li>\n<li><strong>Aislamiento de sonido<\/strong><br \/>\nPermite un ruido m\u00ednimo para un realismo \u00f3ptimo.<\/li>\n<li><strong>Control en l\u00ednea<\/strong><br \/>\nLe permite ajustar el volumen y silenciar el micr\u00f3fono.<\/li>\n<li><strong>Respuesta de frecuencia de auriculares de 20 Hz &#8211; 20 kHz<\/strong><br \/>\nGarantiza una reproducci\u00f3n fiel del sonido.<\/li>\n<li><strong>impedancia de 35 ohmios<\/strong><br \/>\nAyuda a conducir la energ\u00eda de manera eficiente.<\/li>\n<li><strong>Cable para computadora de 6.56&#8242;<\/strong><br \/>\nOfrece una amplia accesibilidad para que no est\u00e9 atado a su escritorio.<\/li>\n<li><strong>Divisor de PC incluido<\/strong><br \/>\nPermite separar las conexiones de micr\u00f3fono y auriculares.<\/li>\n<li><strong>M\u00e1s sostenible<\/strong><br \/>\nCarbono neutral certificado: el impacto de carbono del producto y el embalaje se ha reducido a cero.<\/li>\n<\/ul>\n<\/div>\n<\/div>\n","protected":false},"excerpt":{"rendered":"<p>Mant\u00e9n tu cabeza en el juego con este auricular para juegos Logitech G PRO para Meta Quest 2. El acolchado de cuero sint\u00e9tico de espuma viscoel\u00e1stica suave ofrece un ajuste<\/p>\n","protected":false},"featured_media":105428,"comment_status":"open","ping_status":"closed","template":"","meta":{"_acf_changed":false,"_joinchat":[]},"product_brand":[],"product_cat":[294,300,736],"product_tag":[],"class_list":{"0":"post-105427","1":"product","2":"type-product","3":"status-publish","4":"has-post-thumbnail","6":"product_cat-audio","7":"product_cat-audifonos","8":"product_cat-alambricos","10":"first","11":"instock","12":"sale","13":"shipping-taxable","14":"purchasable","15":"product-type-simple"},"acf":[],"_links":{"self":[{"href":"https:\/\/defabrica.com.mx\/defabrica\/wp-json\/wp\/v2\/product\/105427","targetHints":{"allow":["GET"]}}],"collection":[{"href":"https:\/\/defabrica.com.mx\/defabrica\/wp-json\/wp\/v2\/product"}],"about":[{"href":"https:\/\/defabrica.com.mx\/defabrica\/wp-json\/wp\/v2\/types\/product"}],"replies":[{"embeddable":true,"href":"https:\/\/defabrica.com.mx\/defabrica\/wp-json\/wp\/v2\/comments?post=105427"}],"wp:featuredmedia":[{"embeddable":true,"href":"https:\/\/defabrica.com.mx\/defabrica\/wp-json\/wp\/v2\/media\/105428"}],"wp:attachment":[{"href":"https:\/\/defabrica.com.mx\/defabrica\/wp-json\/wp\/v2\/media?parent=105427"}],"wp:term":[{"taxonomy":"product_brand","embeddable":true,"href":"https:\/\/defabrica.com.mx\/defabrica\/wp-json\/wp\/v2\/product_brand?post=105427"},{"taxonomy":"product_cat","embeddable":true,"href":"https:\/\/defabrica.com.mx\/defabrica\/wp-json\/wp\/v2\/product_cat?post=105427"},{"taxonomy":"product_tag","embeddable":true,"href":"https:\/\/defabrica.com.mx\/defabrica\/wp-json\/wp\/v2\/product_tag?post=105427"}],"curies":[{"name":"wp","href":"https:\/\/api.w.org\/{rel}","templated":true}]}}