{"id":105421,"date":"2023-05-17T13:05:24","date_gmt":"2023-05-17T18:05:24","guid":{"rendered":"https:\/\/defabrica.com.mx\/defabrica\/?post_type=product&#038;p=105421"},"modified":"2023-05-17T13:05:24","modified_gmt":"2023-05-17T18:05:24","slug":"samsung-galaxy-tab-s7-plus-12-4-128gb-con-s-pen-wi-fi-negro-mistico","status":"publish","type":"product","link":"https:\/\/defabrica.com.mx\/defabrica\/producto\/samsung-galaxy-tab-s7-plus-12-4-128gb-con-s-pen-wi-fi-negro-mistico\/","title":{"rendered":"Samsung &#8211; Galaxy Tab S7 Plus &#8211; 12.4\u201d &#8211; 128GB &#8211; Con S Pen &#8211; Wi-Fi &#8211; Negro M\u00edstico"},"content":{"rendered":"<div class=\"embedded-component-container lv product-description\">\n<div>\n<div id=\"shop-product-description-72924412\" class=\"_none\" data-version=\"1.3.58\">\n<div class=\"shop-product-description\">\n<section class=\"align-heading-left\" data-reactroot=\"\">\n<div class=\"long-description-container body-copy \">\n<div class=\"html-fragment\"><span>Con la potencia de una PC y la movilidad de una tableta, la Samsung Galaxy Tab S7+ Wi-Fi es tu arma secreta para hacer m\u00e1s cosas, est\u00e9s donde est\u00e9s.\u00a0Disfrute de las ventajas de un verdadero dispositivo 2 en 1, donde un teclado ampliado(1) y una memoria integrada de hasta 128 GB est\u00e1n respaldados por una bater\u00eda que dura toda la jornada laboral(2) para una m\u00e1xima portabilidad.\u00a0Con un S Pen redise\u00f1ado y con un retraso m\u00ednimo que le permite controlar una presentaci\u00f3n con el toque de un dedo y una pantalla ampliada de borde a borde(3) para una mejor transmisi\u00f3n, juegos y chats de video, el Galaxy Tab S7+ Wi-Fi simplifica vida, trabajo y juego.\u00a0**(1) El teclado se vende por separado.\u00a0**(2) La duraci\u00f3n de la bater\u00eda puede variar seg\u00fan el entorno de la red, los patrones de uso y otros factores.\u00a0**(3) La pantalla S7+ de 12,4\u201d es una pantalla sAMOLEDTM.<\/span><\/div>\n<\/div>\n<\/section>\n<\/div>\n<\/div>\n<\/div>\n<\/div>\n<div class=\"embedded-component-container lv is-not-embedded\">\n<h3><\/h3>\n<h3 class=\"product-info-heading heading-5 v-fw-regular w-md-1\/4 mb-150\"><strong>Caracter\u00edsticas<\/strong><\/h3>\n<ul>\n<li><strong>rendimiento de la computadora Portabilidad de la tableta.<\/strong><br \/>\nTransforme su tableta en una experiencia de PC con el modo DeX y el teclado opcional\u00b9 con trackpad ampliado.<\/li>\n<li><strong>Entretenimiento, actualizado<\/strong><br \/>\nExperimente la visualizaci\u00f3n cinematogr\u00e1fica en sus manos con pantallas m\u00e1s grandes de borde a borde, pantalla sAMOLEDTM\u00b2 y altavoces cu\u00e1druples sintonizados por AKG\u00ae con sonido envolvente Dolby Atmos.<\/li>\n<li><strong>S Pen redise\u00f1ado incluido.<\/strong><br \/>\nCon una latencia de l\u00e1piz mejorada de 9 ms, el S Pen redise\u00f1ado puede controlar presentaciones, tomar notas y marcar documentos sin esfuerzo.<\/li>\n<li><strong>Los juegos m\u00f3viles ahora son reales.<\/strong><br \/>\nMejore su juego en un nuevo patio de recreo premium con una pantalla profundamente atractiva y un controlador habilitado para Bluetooth.\u00b3<\/li>\n<li><strong>Carga r\u00e1pido. Energ\u00eda por horas<\/strong><br \/>\nPasa horas con una sola carga\u2074 y vuelve al 100 % con el puerto USB-C de carga r\u00e1pida.<\/li>\n<li><strong>Captura y conecta.<\/strong><br \/>\nImpresionante brillo y claridad con las c\u00e1maras trasera doble ancha de 13MP y ultra ancha de 5MP y frontal de 8MP.<\/li>\n<li><strong>Sincroniza y env\u00eda desde cualquier espacio<\/strong><br \/>\nSincroniza varios dispositivos y duplica tus tareas pendientes con Galaxy Tab S7 | WiFi S7+. \u00daselo como un punto de acceso, agregue una segunda pantalla inal\u00e1mbrica para su PC y cree contenido listo para compartir, todo a la vez.\u2075<\/li>\n<\/ul>\n<\/div>\n","protected":false},"excerpt":{"rendered":"<p>Con la potencia de una PC y la movilidad de una tableta, la Samsung Galaxy Tab S7+ Wi-Fi es tu arma secreta para hacer m\u00e1s cosas, est\u00e9s donde est\u00e9s.\u00a0Disfrute de<\/p>\n","protected":false},"featured_media":105422,"comment_status":"open","ping_status":"closed","template":"","meta":{"_acf_changed":false,"_joinchat":[]},"product_brand":[],"product_cat":[408,409,257],"product_tag":[],"class_list":{"0":"post-105421","1":"product","2":"type-product","3":"status-publish","4":"has-post-thumbnail","6":"product_cat-celulares-y-tablets","7":"product_cat-tablets-y-ipad","8":"product_cat-samsung-galaxy","10":"first","11":"instock","12":"sale","13":"shipping-taxable","14":"purchasable","15":"product-type-simple"},"acf":[],"_links":{"self":[{"href":"https:\/\/defabrica.com.mx\/defabrica\/wp-json\/wp\/v2\/product\/105421","targetHints":{"allow":["GET"]}}],"collection":[{"href":"https:\/\/defabrica.com.mx\/defabrica\/wp-json\/wp\/v2\/product"}],"about":[{"href":"https:\/\/defabrica.com.mx\/defabrica\/wp-json\/wp\/v2\/types\/product"}],"replies":[{"embeddable":true,"href":"https:\/\/defabrica.com.mx\/defabrica\/wp-json\/wp\/v2\/comments?post=105421"}],"wp:featuredmedia":[{"embeddable":true,"href":"https:\/\/defabrica.com.mx\/defabrica\/wp-json\/wp\/v2\/media\/105422"}],"wp:attachment":[{"href":"https:\/\/defabrica.com.mx\/defabrica\/wp-json\/wp\/v2\/media?parent=105421"}],"wp:term":[{"taxonomy":"product_brand","embeddable":true,"href":"https:\/\/defabrica.com.mx\/defabrica\/wp-json\/wp\/v2\/product_brand?post=105421"},{"taxonomy":"product_cat","embeddable":true,"href":"https:\/\/defabrica.com.mx\/defabrica\/wp-json\/wp\/v2\/product_cat?post=105421"},{"taxonomy":"product_tag","embeddable":true,"href":"https:\/\/defabrica.com.mx\/defabrica\/wp-json\/wp\/v2\/product_tag?post=105421"}],"curies":[{"name":"wp","href":"https:\/\/api.w.org\/{rel}","templated":true}]}}