{"id":105415,"date":"2023-05-17T13:00:40","date_gmt":"2023-05-17T18:00:40","guid":{"rendered":"https:\/\/defabrica.com.mx\/defabrica\/?post_type=product&#038;p=105415"},"modified":"2023-05-17T13:00:40","modified_gmt":"2023-05-17T18:00:40","slug":"insignia-26-lb-maquina-para-hacer-hielo-portatil-con-apagado-automatico-rojo","status":"publish","type":"product","link":"https:\/\/defabrica.com.mx\/defabrica\/producto\/insignia-26-lb-maquina-para-hacer-hielo-portatil-con-apagado-automatico-rojo\/","title":{"rendered":"Insignia\u2122 &#8211; 26 lb. M\u00e1quina para hacer hielo port\u00e1til con apagado autom\u00e1tico &#8211; Rojo"},"content":{"rendered":"<div class=\"embedded-component-container lv product-description\">\n<div>\n<div id=\"shop-product-description-86288661\" class=\"_none\" data-version=\"1.3.58\">\n<div class=\"shop-product-description\">\n<section class=\"align-heading-left\" data-reactroot=\"\">\n<div class=\"long-description-container body-copy \">\n<div class=\"html-fragment\"><span>Nunca se quedar\u00e1 sin hielo con el Insignia NS-IMP26RD2 de 26 lb.\u00a0M\u00e1quina de hielo port\u00e1til con apagado autom\u00e1tico.\u00a0Produciendo hasta 26 lbs.\u00a0de hielo por d\u00eda, esta m\u00e1quina de hielo almacena hasta 1.5 libras, suministrando todas las bebidas fr\u00edas en una gran reuni\u00f3n.\u00a0Crea hielo cada 6 a 13 minutos y tiene dos opciones de tama\u00f1o de cubo entre las que puede elegir, seg\u00fan la bebida que elija y el tama\u00f1o del vaso.\u00a0Tiene un tanque de agua grande de 2.1 cuartos que recicla el hielo derretido, por lo que puede rellenarlo con menos frecuencia.\u00a0Un panel de control electr\u00f3nico con luces indicadoras hace que esta m\u00e1quina de hielo port\u00e1til sea f\u00e1cil de operar.\u00a0Combina la m\u00e1quina de hielo con la decoraci\u00f3n de tu cocina o agrega un interesante toque de color rojo que atraer\u00e1 a todos tus invitados.\u00a0Convi\u00e9rtete en el mejor anfitri\u00f3n de la fiesta con una m\u00e1quina de hielo port\u00e1til que se mantiene al d\u00eda con las bebidas y las expectativas de tus invitados.<\/span><\/div>\n<\/div>\n<\/section>\n<\/div>\n<\/div>\n<\/div>\n<\/div>\n<div class=\"embedded-component-container lv is-not-embedded\">\n<h3><\/h3>\n<h3 class=\"product-info-heading heading-5 v-fw-regular w-md-1\/4 mb-150\"><strong>Caracter\u00edsticas<\/strong><\/h3>\n<ul>\n<li><strong>Dos tama\u00f1os de cubo<\/strong><br \/>\nDisfrute de peque\u00f1os .25 oz. cubitos de hielo y grandes .32 oz. cubitos de hielo para adaptarse a varios tama\u00f1os de vidrio.<\/li>\n<li><strong>Produce hasta 26 libras. (12 kg) de hielo por d\u00eda<\/strong><br \/>\nLe permite abastecerse para su pr\u00f3xima reuni\u00f3n.<\/li>\n<li><strong>Capacidad de almacenamiento de 0,7 kg (1,5 lb)<\/strong><br \/>\nTe da un mont\u00f3n de hielo para cualquier ocasi\u00f3n.<\/li>\n<li><strong>Apagado autom\u00e1tico<\/strong><br \/>\nAsegura que la producci\u00f3n de hielo se detenga cuando el dep\u00f3sito est\u00e1 lleno para evitar el desbordamiento.<\/li>\n<li><strong>Cesta extra\u00edble y cuchara para hielo.<\/strong><br \/>\nLe da f\u00e1cil acceso a su hielo.<\/li>\n<li><strong>Ciclo de producci\u00f3n r\u00e1pido<\/strong><br \/>\nCrea hielo cada 6 a 13 minutos para mantenerlo abastecido con hielo fresco.<\/li>\n<li><strong>Tanque de agua grande<\/strong><br \/>\nCapacidad para hasta 2,1 qt. (2 L) de agua.<\/li>\n<li><strong>Sistema de agua de auto-reciclado<\/strong><br \/>\nUtiliza autom\u00e1ticamente agua del hielo derretido para hacer hielo nuevo.<\/li>\n<li><strong>Panel de control electr\u00f3nico con luces indicadoras<\/strong><br \/>\nHace que usar esta m\u00e1quina de hielo sea simple y directo.<\/li>\n<li><strong>Dise\u00f1o rojo cereza<\/strong><br \/>\nLe da a tu cocina un toque de color.<\/li>\n<\/ul>\n<\/div>\n","protected":false},"excerpt":{"rendered":"<p>Nunca se quedar\u00e1 sin hielo con el Insignia NS-IMP26RD2 de 26 lb.\u00a0M\u00e1quina de hielo port\u00e1til con apagado autom\u00e1tico.\u00a0Produciendo hasta 26 lbs.\u00a0de hielo por d\u00eda, esta m\u00e1quina de hielo almacena hasta<\/p>\n","protected":false},"featured_media":105416,"comment_status":"open","ping_status":"closed","template":"","meta":{"_acf_changed":false,"_joinchat":[]},"product_brand":[],"product_cat":[336,1159],"product_tag":[],"class_list":{"0":"post-105415","1":"product","2":"type-product","3":"status-publish","4":"has-post-thumbnail","6":"product_cat-hogar","7":"product_cat-calefaccion-y-refrigeracion-ventiladores","9":"first","10":"instock","11":"sale","12":"shipping-taxable","13":"purchasable","14":"product-type-simple"},"acf":[],"_links":{"self":[{"href":"https:\/\/defabrica.com.mx\/defabrica\/wp-json\/wp\/v2\/product\/105415","targetHints":{"allow":["GET"]}}],"collection":[{"href":"https:\/\/defabrica.com.mx\/defabrica\/wp-json\/wp\/v2\/product"}],"about":[{"href":"https:\/\/defabrica.com.mx\/defabrica\/wp-json\/wp\/v2\/types\/product"}],"replies":[{"embeddable":true,"href":"https:\/\/defabrica.com.mx\/defabrica\/wp-json\/wp\/v2\/comments?post=105415"}],"wp:featuredmedia":[{"embeddable":true,"href":"https:\/\/defabrica.com.mx\/defabrica\/wp-json\/wp\/v2\/media\/105416"}],"wp:attachment":[{"href":"https:\/\/defabrica.com.mx\/defabrica\/wp-json\/wp\/v2\/media?parent=105415"}],"wp:term":[{"taxonomy":"product_brand","embeddable":true,"href":"https:\/\/defabrica.com.mx\/defabrica\/wp-json\/wp\/v2\/product_brand?post=105415"},{"taxonomy":"product_cat","embeddable":true,"href":"https:\/\/defabrica.com.mx\/defabrica\/wp-json\/wp\/v2\/product_cat?post=105415"},{"taxonomy":"product_tag","embeddable":true,"href":"https:\/\/defabrica.com.mx\/defabrica\/wp-json\/wp\/v2\/product_tag?post=105415"}],"curies":[{"name":"wp","href":"https:\/\/api.w.org\/{rel}","templated":true}]}}