{"id":105409,"date":"2023-05-17T12:54:12","date_gmt":"2023-05-17T17:54:12","guid":{"rendered":"https:\/\/defabrica.com.mx\/defabrica\/?post_type=product&#038;p=105409"},"modified":"2023-05-17T12:54:12","modified_gmt":"2023-05-17T17:54:12","slug":"bobsweep-robot-aspirador-y-trapeador-bob-pethair-plus-carbon","status":"publish","type":"product","link":"https:\/\/defabrica.com.mx\/defabrica\/producto\/bobsweep-robot-aspirador-y-trapeador-bob-pethair-plus-carbon\/","title":{"rendered":"bObsweep &#8211; Robot aspirador y trapeador Bob PetHair Plus &#8211; Carb\u00f3n"},"content":{"rendered":"<div class=\"embedded-component-container lv product-description\">\n<div>\n<div id=\"shop-product-description-34059395\" class=\"_none\" data-version=\"1.3.58\">\n<div class=\"shop-product-description\">\n<section class=\"align-heading-left\" data-reactroot=\"\">\n<div class=\"long-description-container body-copy \">\n<div class=\"html-fragment\">Bob PetHair Plus: El levantador de cargas pesadas.\u00a0Cobertizo sucede!\u00a0Y cuando lo hace, Bob PetHair Plus es tu mejor amigo.\u00a0Este Bob es nuestro limpiador de pisos m\u00e1s fuerte y brinda el mejor alivio para los due\u00f1os de mascotas que aman a sus mascotas, pero no su desorden.\u00a0Use blOck Plus, la \u00fanica barrera digital con dos paredes digitales perpendiculares, para mantener a Bob alejado de \u00e1reas no deseadas creando hasta dos barreras invisibles.<\/div>\n<\/div>\n<\/section>\n<\/div>\n<\/div>\n<\/div>\n<\/div>\n<div class=\"embedded-component-container lv is-not-embedded\">\n<h3><\/h3>\n<h3 class=\"product-info-heading heading-5 v-fw-regular w-md-1\/4 mb-150\"><strong>Caracter\u00edsticas<\/strong><\/h3>\n<ul>\n<li><strong>Limpia los desechos de tu perro o gato<\/strong><br \/>\nLa capacidad de limpieza de mascotas absorbe f\u00e1cilmente el pelaje y otros l\u00edos que conlleva tener una mascota.<\/li>\n<li><strong>Bater\u00eda recargable<\/strong><br \/>\nProporciona hasta 75 minutos de tiempo de ejecuci\u00f3n por carga completa.<\/li>\n<li><strong>Tecnolog\u00eda sin bolsa<\/strong><br \/>\nAhorra tiempo y energ\u00eda sin bolsas para comprar o reemplazar.<\/li>\n<li><strong>Filtro de triple capa<\/strong><br \/>\nAtrapa la suciedad, el polvo y otras part\u00edculas diminutas.<\/li>\n<li><strong>Acoplamiento y recarga autom\u00e1tica<\/strong><br \/>\nDespu\u00e9s de que sus pisos est\u00e9n limpios, el robot regresa a la estaci\u00f3n de acoplamiento para recargar combustible.<\/li>\n<li><strong>Cepillo lateral<\/strong><br \/>\nPermite una limpieza prolongada cerca de paredes y en \u00e1reas estrechas.<\/li>\n<li><strong>cepillo principal<\/strong><br \/>\nPromueve un rendimiento mejorado.<\/li>\n<li><strong>color gris<\/strong><br \/>\nA\u00f1ade un aspecto elegante y con estilo.<\/li>\n<\/ul>\n<\/div>\n","protected":false},"excerpt":{"rendered":"<p>Bob PetHair Plus: El levantador de cargas pesadas.\u00a0Cobertizo sucede!\u00a0Y cuando lo hace, Bob PetHair Plus es tu mejor amigo.\u00a0Este Bob es nuestro limpiador de pisos m\u00e1s fuerte y brinda el<\/p>\n","protected":false},"featured_media":105410,"comment_status":"open","ping_status":"closed","template":"","meta":{"_acf_changed":false,"_joinchat":[]},"product_brand":[],"product_cat":[336,1156],"product_tag":[],"class_list":{"0":"post-105409","1":"product","2":"type-product","3":"status-publish","4":"has-post-thumbnail","6":"product_cat-hogar","7":"product_cat-aspiradoras-vaporizadores-y-cuidado-de-suelos","9":"first","10":"instock","11":"sale","12":"shipping-taxable","13":"purchasable","14":"product-type-simple"},"acf":[],"_links":{"self":[{"href":"https:\/\/defabrica.com.mx\/defabrica\/wp-json\/wp\/v2\/product\/105409","targetHints":{"allow":["GET"]}}],"collection":[{"href":"https:\/\/defabrica.com.mx\/defabrica\/wp-json\/wp\/v2\/product"}],"about":[{"href":"https:\/\/defabrica.com.mx\/defabrica\/wp-json\/wp\/v2\/types\/product"}],"replies":[{"embeddable":true,"href":"https:\/\/defabrica.com.mx\/defabrica\/wp-json\/wp\/v2\/comments?post=105409"}],"wp:featuredmedia":[{"embeddable":true,"href":"https:\/\/defabrica.com.mx\/defabrica\/wp-json\/wp\/v2\/media\/105410"}],"wp:attachment":[{"href":"https:\/\/defabrica.com.mx\/defabrica\/wp-json\/wp\/v2\/media?parent=105409"}],"wp:term":[{"taxonomy":"product_brand","embeddable":true,"href":"https:\/\/defabrica.com.mx\/defabrica\/wp-json\/wp\/v2\/product_brand?post=105409"},{"taxonomy":"product_cat","embeddable":true,"href":"https:\/\/defabrica.com.mx\/defabrica\/wp-json\/wp\/v2\/product_cat?post=105409"},{"taxonomy":"product_tag","embeddable":true,"href":"https:\/\/defabrica.com.mx\/defabrica\/wp-json\/wp\/v2\/product_tag?post=105409"}],"curies":[{"name":"wp","href":"https:\/\/api.w.org\/{rel}","templated":true}]}}