{"id":105383,"date":"2023-05-16T17:11:32","date_gmt":"2023-05-16T22:11:32","guid":{"rendered":"https:\/\/defabrica.com.mx\/defabrica\/?post_type=product&#038;p=105383"},"modified":"2023-05-16T17:11:32","modified_gmt":"2023-05-16T22:11:32","slug":"niu-bqi-c3-pro-ebike-con-rango-operativo-maximo-de-hasta-90-millas-y-velocidad-maxima-de-28-mph-blanco","status":"publish","type":"product","link":"https:\/\/defabrica.com.mx\/defabrica\/producto\/niu-bqi-c3-pro-ebike-con-rango-operativo-maximo-de-hasta-90-millas-y-velocidad-maxima-de-28-mph-blanco\/","title":{"rendered":"NIU &#8211; BQi-C3 Pro eBike con rango operativo m\u00e1ximo de hasta 90 millas y velocidad m\u00e1xima de 28 MPH &#8211; Blanco"},"content":{"rendered":"<div class=\"embedded-component-container lv product-description\">\n<div>\n<div id=\"shop-product-description-22816235\" class=\"_none\" data-version=\"1.3.58\">\n<div class=\"shop-product-description\">\n<section class=\"align-heading-left\" data-reactroot=\"\">\n<div class=\"long-description-container body-copy \">\n<div class=\"html-fragment\"><span>NIU (NIU Technologies) (NASDAQ: NIU), fundada en 2014, es el proveedor l\u00edder mundial de soluciones de movilidad urbana inteligente.\u00a0El BQi-C3 Pro: Bater\u00edas gemelas, el doble de distancia.\u00a0El largo alcance de 90 millas del BQi-C3 Pro con bater\u00edas gemelas intercambiables es incomparable en este rango de precios.\u00a0Este exclusivo sistema de bater\u00eda dual brinda m\u00e1s alcance que nunca, con bater\u00edas livianas e intercambiables que son f\u00e1ciles de recargar y reemplazar, mientras que la asistencia de pedal y el acelerador lo impulsan a velocidades de hasta 28 mph.<\/span><\/div>\n<\/div>\n<\/section>\n<\/div>\n<\/div>\n<\/div>\n<\/div>\n<div class=\"embedded-component-container lv is-not-embedded\">\n<h3><\/h3>\n<h3 class=\"product-info-heading heading-5 v-fw-regular w-md-1\/4 mb-150\"><strong>Caracter\u00edsticas<\/strong><\/h3>\n<ul>\n<li><strong>Bater\u00edas gemelas, el doble de distancia<\/strong><br \/>\nCon una capacidad de 920 Wh, las bater\u00edas gemelas intercambiables del BQi-C3 Pro lo llevar\u00e1n hasta 90 millas, un rango que es incomparable a este precio.<\/li>\n<li><strong>Transmisi\u00f3n por correa de \u00faltima generaci\u00f3n<\/strong><br \/>\nEl BQi-C3 Pro viene equipado con una transmisi\u00f3n por correa de carbono Gates de \u00faltima generaci\u00f3n. Minimiza el mantenimiento y di adi\u00f3s a las manchas de grasa en tu ropa.<\/li>\n<li><strong>Velocidad m\u00e1xima de 28 MPH<\/strong><br \/>\nLlega m\u00e1s r\u00e1pido con velocidades de hasta 28 mph en modo de asistencia de pedal.<\/li>\n<li><strong>Dise\u00f1o limpio y seguro<\/strong><br \/>\nDise\u00f1ado pensando en toda la experiencia de conducci\u00f3n, el BQi-C3 Pro presenta l\u00edneas y colores limpios y simples con una colocaci\u00f3n cuidadosa de la bater\u00eda y un marco de paso profundo que es seguro y estable para ciclistas de todos los tama\u00f1os.<\/li>\n<li><strong>Seguridad primero<\/strong><br \/>\nDet\u00e9ngase de forma r\u00e1pida y segura con los frenos de disco delanteros y traseros, y use la luz Halo integrada y las luces traseras traseras para ver y mantenerse visible, incluso en la oscuridad de la noche.<\/li>\n<\/ul>\n<\/div>\n","protected":false},"excerpt":{"rendered":"<p>NIU (NIU Technologies) (NASDAQ: NIU), fundada en 2014, es el proveedor l\u00edder mundial de soluciones de movilidad urbana inteligente.\u00a0El BQi-C3 Pro: Bater\u00edas gemelas, el doble de distancia.\u00a0El largo alcance de<\/p>\n","protected":false},"featured_media":105384,"comment_status":"open","ping_status":"closed","template":"","meta":{"_acf_changed":false,"_joinchat":[]},"product_brand":[],"product_cat":[1482,1519,886,1097],"product_tag":[],"class_list":{"0":"post-105383","1":"product","2":"type-product","3":"status-publish","4":"has-post-thumbnail","6":"product_cat-bicis","7":"product_cat-ofertas-jugycol","8":"product_cat-juguetesycoleccionables","9":"product_cat-juguetes","11":"first","12":"instock","13":"sale","14":"shipping-taxable","15":"purchasable","16":"product-type-simple"},"acf":[],"_links":{"self":[{"href":"https:\/\/defabrica.com.mx\/defabrica\/wp-json\/wp\/v2\/product\/105383","targetHints":{"allow":["GET"]}}],"collection":[{"href":"https:\/\/defabrica.com.mx\/defabrica\/wp-json\/wp\/v2\/product"}],"about":[{"href":"https:\/\/defabrica.com.mx\/defabrica\/wp-json\/wp\/v2\/types\/product"}],"replies":[{"embeddable":true,"href":"https:\/\/defabrica.com.mx\/defabrica\/wp-json\/wp\/v2\/comments?post=105383"}],"wp:featuredmedia":[{"embeddable":true,"href":"https:\/\/defabrica.com.mx\/defabrica\/wp-json\/wp\/v2\/media\/105384"}],"wp:attachment":[{"href":"https:\/\/defabrica.com.mx\/defabrica\/wp-json\/wp\/v2\/media?parent=105383"}],"wp:term":[{"taxonomy":"product_brand","embeddable":true,"href":"https:\/\/defabrica.com.mx\/defabrica\/wp-json\/wp\/v2\/product_brand?post=105383"},{"taxonomy":"product_cat","embeddable":true,"href":"https:\/\/defabrica.com.mx\/defabrica\/wp-json\/wp\/v2\/product_cat?post=105383"},{"taxonomy":"product_tag","embeddable":true,"href":"https:\/\/defabrica.com.mx\/defabrica\/wp-json\/wp\/v2\/product_tag?post=105383"}],"curies":[{"name":"wp","href":"https:\/\/api.w.org\/{rel}","templated":true}]}}