{"id":105369,"date":"2023-05-15T00:13:56","date_gmt":"2023-05-15T05:13:56","guid":{"rendered":"https:\/\/defabrica.com.mx\/defabrica\/?post_type=product&#038;p=105369"},"modified":"2023-05-15T00:13:56","modified_gmt":"2023-05-15T05:13:56","slug":"digipower-120-luces-led-para-foto-y-video-con-adaptador-universal-para-montura-de-camara","status":"publish","type":"product","link":"https:\/\/defabrica.com.mx\/defabrica\/producto\/digipower-120-luces-led-para-foto-y-video-con-adaptador-universal-para-montura-de-camara\/","title":{"rendered":"Digipower &#8211; 120 luces LED para foto y video con adaptador universal para montura de c\u00e1mara"},"content":{"rendered":"<div class=\"embedded-component-container lv product-description\">\n<div>\n<div id=\"shop-product-description-24449834\" class=\"_none\" data-version=\"1.3.58\">\n<div class=\"shop-product-description\">\n<section class=\"align-heading-left\" data-reactroot=\"\">\n<div class=\"long-description-container body-copy \">\n<div class=\"html-fragment\"><span>Graba im\u00e1genes de alta calidad con esta luz de video LED Digipower en la c\u00e1mara.\u00a0La bater\u00eda recargable de 3000 mAh lo hace ideal para sesiones de fotos al aire libre, mientras que los tres modos de luz ofrecen iluminaci\u00f3n personalizada para videos y fotos perfectos.\u00a0Esta luz de video LED Digipower en la c\u00e1mara incluye un adaptador de zapata de c\u00e1mara para una configuraci\u00f3n simple con DSLR, videoc\u00e1maras y c\u00e1maras sin espejo.<\/span><\/div>\n<\/div>\n<\/section>\n<\/div>\n<\/div>\n<\/div>\n<\/div>\n<div class=\"embedded-component-container lv is-not-embedded\">\n<h3><\/h3>\n<h3 class=\"product-info-heading heading-5 v-fw-regular w-md-1\/4 mb-150\"><strong>Caracter\u00edsticas<\/strong><\/h3>\n<ul>\n<li><strong>Compatible con la mayor\u00eda de c\u00e1maras DSLR, sin espejo, de acci\u00f3n y videoc\u00e1maras<\/strong><br \/>\nPara usar con sus dispositivos de foto y video existentes.<\/li>\n<li><strong>Dial de nivel de brillo ajustable<\/strong><br \/>\nLe permite ajustar la salida de luz de 120 LED seg\u00fan sus necesidades.<\/li>\n<li><strong>LED multitemperatura (2700K-6500K)<\/strong><br \/>\nPermite tomar fotos o videos c\u00e1lidos o fr\u00edos f\u00e1cilmente.<\/li>\n<li><strong>Bater\u00eda recargable de iones de litio de 3000 mAh<\/strong><br \/>\nGarantiza un tiempo de funcionamiento prolongado.<\/li>\n<li><strong>Tres modos de luz<\/strong><br \/>\nOfrezca iluminaci\u00f3n personalizada para obtener resultados perfectos.<\/li>\n<\/ul>\n<\/div>\n","protected":false},"excerpt":{"rendered":"<p>Graba im\u00e1genes de alta calidad con esta luz de video LED Digipower en la c\u00e1mara.\u00a0La bater\u00eda recargable de 3000 mAh lo hace ideal para sesiones de fotos al aire libre,<\/p>\n","protected":false},"featured_media":105370,"comment_status":"open","ping_status":"closed","template":"","meta":{"_acf_changed":false,"_joinchat":[]},"product_brand":[],"product_cat":[442,450,454],"product_tag":[],"class_list":{"0":"post-105369","1":"product","2":"type-product","3":"status-publish","4":"has-post-thumbnail","6":"product_cat-camaras","7":"product_cat-accesorios-camaras","8":"product_cat-flashes-e-iluminacion","10":"first","11":"instock","12":"sale","13":"shipping-taxable","14":"purchasable","15":"product-type-simple"},"acf":[],"_links":{"self":[{"href":"https:\/\/defabrica.com.mx\/defabrica\/wp-json\/wp\/v2\/product\/105369","targetHints":{"allow":["GET"]}}],"collection":[{"href":"https:\/\/defabrica.com.mx\/defabrica\/wp-json\/wp\/v2\/product"}],"about":[{"href":"https:\/\/defabrica.com.mx\/defabrica\/wp-json\/wp\/v2\/types\/product"}],"replies":[{"embeddable":true,"href":"https:\/\/defabrica.com.mx\/defabrica\/wp-json\/wp\/v2\/comments?post=105369"}],"wp:featuredmedia":[{"embeddable":true,"href":"https:\/\/defabrica.com.mx\/defabrica\/wp-json\/wp\/v2\/media\/105370"}],"wp:attachment":[{"href":"https:\/\/defabrica.com.mx\/defabrica\/wp-json\/wp\/v2\/media?parent=105369"}],"wp:term":[{"taxonomy":"product_brand","embeddable":true,"href":"https:\/\/defabrica.com.mx\/defabrica\/wp-json\/wp\/v2\/product_brand?post=105369"},{"taxonomy":"product_cat","embeddable":true,"href":"https:\/\/defabrica.com.mx\/defabrica\/wp-json\/wp\/v2\/product_cat?post=105369"},{"taxonomy":"product_tag","embeddable":true,"href":"https:\/\/defabrica.com.mx\/defabrica\/wp-json\/wp\/v2\/product_tag?post=105369"}],"curies":[{"name":"wp","href":"https:\/\/api.w.org\/{rel}","templated":true}]}}