{"id":105357,"date":"2023-05-15T00:03:45","date_gmt":"2023-05-15T05:03:45","guid":{"rendered":"https:\/\/defabrica.com.mx\/defabrica\/?post_type=product&#038;p=105357"},"modified":"2023-05-15T00:03:45","modified_gmt":"2023-05-15T05:03:45","slug":"lockly-cerrojo-vision-elite-smart-lock-con-aplicacion-invitado-electronico-pantalla-tactil-negro-mate","status":"publish","type":"product","link":"https:\/\/defabrica.com.mx\/defabrica\/producto\/lockly-cerrojo-vision-elite-smart-lock-con-aplicacion-invitado-electronico-pantalla-tactil-negro-mate\/","title":{"rendered":"Lockly &#8211; Cerrojo Vision Elite Smart Lock con aplicaci\u00f3n\/invitado electr\u00f3nico\/pantalla t\u00e1ctil &#8211; negro mate"},"content":{"rendered":"<div class=\"embedded-component-container lv product-description\">\n<div>\n<div id=\"shop-product-description-35100857\" class=\"_none\" data-version=\"1.3.58\">\n<div class=\"shop-product-description\">\n<section class=\"align-heading-left\" data-reactroot=\"\">\n<div class=\"long-description-container body-copy \">\n<div class=\"html-fragment\"><span>El timbre con video integrado + cerradura inteligente Lockly Vision Elite Deadbolt Edition (PGD798NV) es la pr\u00f3xima incorporaci\u00f3n a su familia de productos para el hogar inteligente.\u00a0Sea inteligente con respecto a la seguridad del hogar y mantenga alejados a los invitados no invitados con este candado inteligente en un elegante acabado negro mate.\u00a0Vea qui\u00e9n est\u00e1 en la puerta de su casa y tenga conversaciones en tiempo real desde cualquier parte del mundo con cualquier persona en su puerta.\u00a0Un ajuste universal lo convierte en una f\u00e1cil instalaci\u00f3n de bricolaje.\u00a0Con un teclado digital y un sensor de huellas dactilares, esta cerradura inteligente te permite acceder a tu casa con un c\u00f3digo personal o una huella dactilar.\u00a0El monitoreo y control en tiempo real le permite saber si su puerta est\u00e1 abierta o cerrada a trav\u00e9s de la aplicaci\u00f3n de su tel\u00e9fono inteligente.\u00a0Lo mejor para su hogar, administraci\u00f3n de propiedades de alquiler de Airbnb y oficinas.<\/span><\/div>\n<\/div>\n<\/section>\n<\/div>\n<\/div>\n<\/div>\n<\/div>\n<div class=\"embedded-component-container lv is-not-embedded\">\n<h3><\/h3>\n<h3 class=\"product-info-heading heading-5 v-fw-regular w-md-1\/4 mb-150\"><strong>Caracter\u00edsticas<\/strong><\/h3>\n<ul>\n<li><strong>camara de video HD<\/strong><br \/>\nC\u00e1mara de video 1080P con corte IR incorporada en vivo que transmite en tiempo real y env\u00eda video HD a su tel\u00e9fono inteligente en un \u00e1ngulo vertical amplio.<\/li>\n<li><strong>Timbre con desbloqueo y audio<\/strong><br \/>\nReciba a los invitados con audio bidireccional. Ten conversaciones en tiempo real desde tu smartphone.<\/li>\n<li><strong>Tu dedo es tu llave<\/strong><br \/>\nEl sensor de huellas dactilares biom\u00e9trico 3D almacena hasta 99 huellas dactilares.<\/li>\n<li><strong>Teclado digital a prueba de pirateo<\/strong><br \/>\nLa pantalla t\u00e1ctil PIN Genie patentada evita que los c\u00f3digos se adivinen al mezclar aleatoriamente las ubicaciones de los n\u00fameros PIN.<\/li>\n<li><strong>Vision nocturna<\/strong><br \/>\nV\u00e9alo a una distancia de hasta 15 pies, con visi\u00f3n nocturna infrarroja adicional.<\/li>\n<li><strong>Sensor de movimiento<\/strong><br \/>\nDetecta movimiento de d\u00eda o de noche, env\u00eda alertas a su tel\u00e9fono inteligente o puede configurarse para grabar autom\u00e1ticamente cada vez que se detecta movimiento.<\/li>\n<li><strong>Control avanzado de aplicaciones m\u00f3viles<\/strong><br \/>\nDesbloquee, bloquee o verifique el estado de la puerta y acceda al historial a trav\u00e9s de la aplicaci\u00f3n de tel\u00e9fono inteligente Lockly.<\/li>\n<li><strong>Control de voz<\/strong><br \/>\nDesbloquee, bloquee o verifique el estado de la puerta usando su voz con hey google.<\/li>\n<li><strong>Bater\u00edas solares\/recargables<\/strong><br \/>\nEl panel solar integrado carga autom\u00e1ticamente las bater\u00edas de litio incorporadas y est\u00e1 equipado con una carga micro USB en los casos en que las condiciones clim\u00e1ticas no brindan la luz solar adecuada.<\/li>\n<li><strong>C\u00f3digos de acceso sin conexi\u00f3n<\/strong><br \/>\nEnv\u00ede acceso a personas en las que conf\u00eda emita c\u00f3digos de acceso sin conexi\u00f3n que no requieran que los usuarios descarguen una aplicaci\u00f3n o tengan Wi-Fi o conexi\u00f3n a Internet para usar.<\/li>\n<li><strong>Supervisi\u00f3n y estado en tiempo real<\/strong><br \/>\nSupervise el estado de la puerta abierta\/cerrada con alertas en tiempo real enviadas a su tel\u00e9fono inteligente.<\/li>\n<li><strong>Bloqueo autom\u00e1tico<\/strong><br \/>\nNunca se preocupe por olvidarse de cerrar la puerta con la funci\u00f3n de bloqueo autom\u00e1tico personalizable.<\/li>\n<li><strong>Concede acceso cuando no est\u00e9s en casa<\/strong><br \/>\nBloquee y desbloquee su puerta de forma remota desde cualquier lugar usando la aplicaci\u00f3n Lockly o Lockly\/OSTM.<\/li>\n<li><strong>modo de bienvenida<\/strong><br \/>\nDesbloqueo autom\u00e1tico mediante el modo de bienvenida que desactiva temporalmente el bloqueo autom\u00e1tico, manteniendo la puerta abierta durante un per\u00edodo de tiempo espec\u00edfico, lo que elimina la necesidad de ingresar c\u00f3digos de acceso, huellas dactilares o usar la aplicaci\u00f3n m\u00f3vil<\/li>\n<li><strong>Bater\u00eda externa de 9V<\/strong><br \/>\nHay disponible un terminal de respaldo de 9 V en la parte inferior de la cerradura para encender temporalmente la pantalla\/sensor de huellas dactilares con una bater\u00eda de 9 V en caso de un incidente aislado<\/li>\n<li><strong>Modo lluvia<\/strong><br \/>\nPara proteger la cerradura y prolongar la duraci\u00f3n de la bater\u00eda, Lockly entra autom\u00e1ticamente en modo lluvia cada vez que se detecta lluvia o agua en el teclado y\/o el sensor de huellas dactilares durante m\u00e1s de 45 segundos. Cuando el modo de lluvia est\u00e1 activado, el teclado y\/o el sensor de huellas dactilares no responder\u00e1n.<\/li>\n<li><strong>Modo brillo<\/strong><br \/>\nEl brillo del teclado de la pantalla t\u00e1ctil Lockly est\u00e1 dise\u00f1ado para un rendimiento \u00f3ptimo y duraci\u00f3n de la bater\u00eda. Sin embargo, algunos usuarios pueden necesitar ajustar el brillo para facilitarles el ingreso de c\u00f3digos de acceso.<\/li>\n<\/ul>\n<\/div>\n","protected":false},"excerpt":{"rendered":"<p>El timbre con video integrado + cerradura inteligente Lockly Vision Elite Deadbolt Edition (PGD798NV) es la pr\u00f3xima incorporaci\u00f3n a su familia de productos para el hogar inteligente.\u00a0Sea inteligente con respecto<\/p>\n","protected":false},"featured_media":105358,"comment_status":"open","ping_status":"closed","template":"","meta":{"_acf_changed":false,"_joinchat":[]},"product_brand":[],"product_cat":[336],"product_tag":[],"class_list":{"0":"post-105357","1":"product","2":"type-product","3":"status-publish","4":"has-post-thumbnail","6":"product_cat-hogar","8":"first","9":"instock","10":"sale","11":"shipping-taxable","12":"purchasable","13":"product-type-simple"},"acf":[],"_links":{"self":[{"href":"https:\/\/defabrica.com.mx\/defabrica\/wp-json\/wp\/v2\/product\/105357","targetHints":{"allow":["GET"]}}],"collection":[{"href":"https:\/\/defabrica.com.mx\/defabrica\/wp-json\/wp\/v2\/product"}],"about":[{"href":"https:\/\/defabrica.com.mx\/defabrica\/wp-json\/wp\/v2\/types\/product"}],"replies":[{"embeddable":true,"href":"https:\/\/defabrica.com.mx\/defabrica\/wp-json\/wp\/v2\/comments?post=105357"}],"wp:featuredmedia":[{"embeddable":true,"href":"https:\/\/defabrica.com.mx\/defabrica\/wp-json\/wp\/v2\/media\/105358"}],"wp:attachment":[{"href":"https:\/\/defabrica.com.mx\/defabrica\/wp-json\/wp\/v2\/media?parent=105357"}],"wp:term":[{"taxonomy":"product_brand","embeddable":true,"href":"https:\/\/defabrica.com.mx\/defabrica\/wp-json\/wp\/v2\/product_brand?post=105357"},{"taxonomy":"product_cat","embeddable":true,"href":"https:\/\/defabrica.com.mx\/defabrica\/wp-json\/wp\/v2\/product_cat?post=105357"},{"taxonomy":"product_tag","embeddable":true,"href":"https:\/\/defabrica.com.mx\/defabrica\/wp-json\/wp\/v2\/product_tag?post=105357"}],"curies":[{"name":"wp","href":"https:\/\/api.w.org\/{rel}","templated":true}]}}