{"id":105346,"date":"2023-05-14T23:51:14","date_gmt":"2023-05-15T04:51:14","guid":{"rendered":"https:\/\/defabrica.com.mx\/defabrica\/?post_type=product&#038;p=105346"},"modified":"2023-05-14T23:51:46","modified_gmt":"2023-05-15T04:51:46","slug":"wd-disco-duro-externo-portatil-usb-3-0-easystore-de-1-tb-negro","status":"publish","type":"product","link":"https:\/\/defabrica.com.mx\/defabrica\/producto\/wd-disco-duro-externo-portatil-usb-3-0-easystore-de-1-tb-negro\/","title":{"rendered":"WD &#8211; Disco duro externo port\u00e1til USB 3.0 Easystore de 1 TB &#8211; Negro"},"content":{"rendered":"<div class=\"product-description\">Lleve y conserve archivos importantes dondequiera que vaya con este disco duro port\u00e1til Western Digital easystore.\u00a0La capacidad de 1 TB ofrece un amplio espacio de almacenamiento para sus archivos, mientras que la interfaz USB garantiza la compatibilidad con una amplia gama de dispositivos.\u00a0Este disco duro externo Western Digital easystore tiene un perfil compacto para una mayor portabilidad, y el software WD Discovery incluido facilita la copia de seguridad de los datos.<\/div>\n<div class=\"product-description-banners-lv\">\n<div class=\"product-description-banner\" data-track=\"description-html-asset:Find the ideal drive for your needs.\">\n<h3><\/h3>\n<h3 class=\"product-info-heading heading-5 v-fw-regular w-md-1\/4 mb-150\"><strong>Caracter\u00edsticas<\/strong><\/h3>\n<ul>\n<li><strong>Interfaz USB 3.0<\/strong><br \/>\nOfrece una conexi\u00f3n f\u00e1cil de usar a los dispositivos. Compatible con versiones anteriores con USB 2.0 para una conexi\u00f3n simple a su computadora. Alimentado por USB.<\/li>\n<li><strong>Compatible con Mac y PC<\/strong><br \/>\nPara opciones de instalaci\u00f3n flexibles.<\/li>\n<li><strong>Capacidad de almacenamiento de 1 TB<\/strong><br \/>\nProporciona un amplio espacio para almacenar documentos, fotos, m\u00fasica y m\u00e1s.<\/li>\n<li><strong>Dise\u00f1o port\u00e1til<\/strong><br \/>\nLe permite llevar sus datos sobre la marcha.<\/li>\n<li><strong>Opciones de copia de seguridad autom\u00e1tica<\/strong><br \/>\nLe permite utilizar software compatible para realizar copias de seguridad de sus archivos en el servidor. Equipado con el software WD Backup. Simplemente descargue el software WD Backup, conecte su disco y configure su programaci\u00f3n por horas, d\u00edas o meses.<\/li>\n<li><strong>WD Drive Utilities\u2122<\/strong><br \/>\nLe permite configurar, administrar y diagnosticar su unidad.<\/li>\n<\/ul>\n<\/div>\n<\/div>\n","protected":false},"excerpt":{"rendered":"<p>Lleve y conserve archivos importantes dondequiera que vaya con este disco duro port\u00e1til Western Digital easystore.\u00a0La capacidad de 1 TB ofrece un amplio espacio de almacenamiento para sus archivos, mientras<\/p>\n","protected":false},"featured_media":105347,"comment_status":"open","ping_status":"closed","template":"","meta":{"_acf_changed":false,"_joinchat":[]},"product_brand":[],"product_cat":[240,395,396,403],"product_tag":[],"class_list":{"0":"post-105346","1":"product","2":"type-product","3":"status-publish","4":"has-post-thumbnail","6":"product_cat-computadoras","7":"product_cat-componentes","8":"product_cat-almacenamiento","9":"product_cat-todos-los-componentes","11":"first","12":"instock","13":"sale","14":"shipping-taxable","15":"purchasable","16":"product-type-simple"},"acf":[],"_links":{"self":[{"href":"https:\/\/defabrica.com.mx\/defabrica\/wp-json\/wp\/v2\/product\/105346","targetHints":{"allow":["GET"]}}],"collection":[{"href":"https:\/\/defabrica.com.mx\/defabrica\/wp-json\/wp\/v2\/product"}],"about":[{"href":"https:\/\/defabrica.com.mx\/defabrica\/wp-json\/wp\/v2\/types\/product"}],"replies":[{"embeddable":true,"href":"https:\/\/defabrica.com.mx\/defabrica\/wp-json\/wp\/v2\/comments?post=105346"}],"wp:featuredmedia":[{"embeddable":true,"href":"https:\/\/defabrica.com.mx\/defabrica\/wp-json\/wp\/v2\/media\/105347"}],"wp:attachment":[{"href":"https:\/\/defabrica.com.mx\/defabrica\/wp-json\/wp\/v2\/media?parent=105346"}],"wp:term":[{"taxonomy":"product_brand","embeddable":true,"href":"https:\/\/defabrica.com.mx\/defabrica\/wp-json\/wp\/v2\/product_brand?post=105346"},{"taxonomy":"product_cat","embeddable":true,"href":"https:\/\/defabrica.com.mx\/defabrica\/wp-json\/wp\/v2\/product_cat?post=105346"},{"taxonomy":"product_tag","embeddable":true,"href":"https:\/\/defabrica.com.mx\/defabrica\/wp-json\/wp\/v2\/product_tag?post=105346"}],"curies":[{"name":"wp","href":"https:\/\/api.w.org\/{rel}","templated":true}]}}