{"id":105295,"date":"2023-05-12T14:50:24","date_gmt":"2023-05-12T19:50:24","guid":{"rendered":"https:\/\/defabrica.com.mx\/defabrica\/?post_type=product&#038;p=105295"},"modified":"2023-05-12T14:50:24","modified_gmt":"2023-05-12T19:50:24","slug":"pit-boss-plancha-de-gas-de-2-quemadores-para-exteriores-ultimate-negro","status":"publish","type":"product","link":"https:\/\/defabrica.com.mx\/defabrica\/producto\/pit-boss-plancha-de-gas-de-2-quemadores-para-exteriores-ultimate-negro\/","title":{"rendered":"Pit Boss &#8211; Plancha de gas de 2 quemadores para exteriores Ultimate &#8211; Negro"},"content":{"rendered":"<div class=\"embedded-component-container lv product-description\">\n<div>\n<div id=\"shop-product-description-85011523\" class=\"_none\" data-version=\"1.3.58\">\n<div class=\"shop-product-description\">\n<section class=\"align-heading-left\" data-reactroot=\"\">\n<div class=\"long-description-container body-copy \">\n<div class=\"html-fragment\"><span>La innovaci\u00f3n se une a la versatilidad con Ultimate Griddle de Pit Boss Grills.\u00a0La plancha Pit Boss Ultimate de 2 quemadores Lift-Off combina a la perfecci\u00f3n potencia, portabilidad y precisi\u00f3n para crear una m\u00e1quina para asar a la parrilla \u00fanica en su tipo que ofrece un tama\u00f1o m\u00e1s grande.\u00a0m\u00e1s caliente\u00a0m\u00e1s pesado\u00a0experiencia de cocina al aire libre diferente a cualquier cosa en el mercado hoy en d\u00eda.<\/span><\/div>\n<\/div>\n<\/section>\n<\/div>\n<\/div>\n<\/div>\n<\/div>\n<div class=\"embedded-component-container lv is-not-embedded\">\n<h3><\/h3>\n<h3 class=\"product-info-heading heading-5 v-fw-regular w-md-1\/4 mb-150\"><strong>Caracter\u00edsticas<\/strong><\/h3>\n<ul>\n<li><strong>\u00e1rea total de cocci\u00f3n<\/strong><br \/>\n421 pies cuadrados Tama\u00f1o de la plancha: 23.13\u201d x 18.23\u201d<\/li>\n<li><strong>revestimiento de plancha<\/strong><br \/>\nEquipado con nuestra nueva superficie de cocci\u00f3n de cer\u00e1mica blindada antiadherente patentada. Permite una f\u00e1cil limpieza y protecci\u00f3n contra rasgu\u00f1os y \u00f3xido.<\/li>\n<li><strong>Completamente port\u00e1til<\/strong><br \/>\nThe Ultimate Griddle utiliza nuestra tecnolog\u00eda de f\u00e1cil despegue para un transporte simple a cualquier campamento o evento de seguimiento.<\/li>\n<li><strong>El producto m\u00e1s vers\u00e1til hasta la fecha<\/strong><br \/>\nEst\u00e9ticamente calificado para ser la pieza central de su arreglo de cocina en el patio trasero, al mismo tiempo que es lo suficientemente flexible como para salir a la carretera.<\/li>\n<li><strong>Gesti\u00f3n de grasa<\/strong><br \/>\nBandeja de acceso lateral<\/li>\n<li><strong>Estantes laterales<\/strong><br \/>\nEstantes laterales plegables con ganchos para herramientas<\/li>\n<li><strong>Parabrisas<\/strong><br \/>\nLa tapa se dobla como un parabrisas<\/li>\n<\/ul>\n<\/div>\n","protected":false},"excerpt":{"rendered":"<p>La innovaci\u00f3n se une a la versatilidad con Ultimate Griddle de Pit Boss Grills.\u00a0La plancha Pit Boss Ultimate de 2 quemadores Lift-Off combina a la perfecci\u00f3n potencia, portabilidad y precisi\u00f3n<\/p>\n","protected":false},"featured_media":105296,"comment_status":"open","ping_status":"closed","template":"","meta":{"_acf_changed":false,"_joinchat":[]},"product_brand":[],"product_cat":[336,337,946],"product_tag":[],"class_list":{"0":"post-105295","1":"product","2":"type-product","3":"status-publish","4":"has-post-thumbnail","6":"product_cat-hogar","7":"product_cat-cocina","8":"product_cat-parrillas-y-planchas-electricas","10":"first","11":"instock","12":"sale","13":"shipping-taxable","14":"purchasable","15":"product-type-simple"},"acf":[],"_links":{"self":[{"href":"https:\/\/defabrica.com.mx\/defabrica\/wp-json\/wp\/v2\/product\/105295","targetHints":{"allow":["GET"]}}],"collection":[{"href":"https:\/\/defabrica.com.mx\/defabrica\/wp-json\/wp\/v2\/product"}],"about":[{"href":"https:\/\/defabrica.com.mx\/defabrica\/wp-json\/wp\/v2\/types\/product"}],"replies":[{"embeddable":true,"href":"https:\/\/defabrica.com.mx\/defabrica\/wp-json\/wp\/v2\/comments?post=105295"}],"wp:featuredmedia":[{"embeddable":true,"href":"https:\/\/defabrica.com.mx\/defabrica\/wp-json\/wp\/v2\/media\/105296"}],"wp:attachment":[{"href":"https:\/\/defabrica.com.mx\/defabrica\/wp-json\/wp\/v2\/media?parent=105295"}],"wp:term":[{"taxonomy":"product_brand","embeddable":true,"href":"https:\/\/defabrica.com.mx\/defabrica\/wp-json\/wp\/v2\/product_brand?post=105295"},{"taxonomy":"product_cat","embeddable":true,"href":"https:\/\/defabrica.com.mx\/defabrica\/wp-json\/wp\/v2\/product_cat?post=105295"},{"taxonomy":"product_tag","embeddable":true,"href":"https:\/\/defabrica.com.mx\/defabrica\/wp-json\/wp\/v2\/product_tag?post=105295"}],"curies":[{"name":"wp","href":"https:\/\/api.w.org\/{rel}","templated":true}]}}