{"id":105289,"date":"2023-05-12T14:32:27","date_gmt":"2023-05-12T19:32:27","guid":{"rendered":"https:\/\/defabrica.com.mx\/defabrica\/?post_type=product&#038;p=105289"},"modified":"2023-05-12T14:32:27","modified_gmt":"2023-05-12T19:32:27","slug":"rexing-v1p-plus-4k-uhd-dash-camara-delantera-y-trasera-con-wi-fi-negro","status":"publish","type":"product","link":"https:\/\/defabrica.com.mx\/defabrica\/producto\/rexing-v1p-plus-4k-uhd-dash-camara-delantera-y-trasera-con-wi-fi-negro\/","title":{"rendered":"Rexing &#8211; V1P Plus 4K UHD Dash Camara delantera y trasera con Wi-Fi &#8211; Negro"},"content":{"rendered":"<div class=\"embedded-component-container lv product-description\">\n<div>\n<div id=\"shop-product-description-91838924\" class=\"_none\" data-version=\"1.3.58\">\n<div class=\"shop-product-description\">\n<section class=\"align-heading-left\" data-reactroot=\"\">\n<div class=\"long-description-container body-copy \">\n<div class=\"html-fragment\"><span>REXING V1P Plus, nuestra Dash Cam delantera y trasera insignia mejorada para tener impresionantes capacidades de grabaci\u00f3n frontal 4K 2160p y Full HD 1080p en la parte trasera.\u00a0Como una de nuestras dash cams mejor valoradas, tambi\u00e9n disfrute de una tarjeta SD de 32 GB incluida y tenga todo lo que necesita para salir a la carretera en un solo paquete.\u00a0El dise\u00f1o simple se adhiere a su parabrisas delantero en minutos y con una c\u00e1mara incluida que se conecta a la parte trasera y protege su espalda.\u00a0Otras caracter\u00edsticas notables incluyen micr\u00f3fono incorporado, altavoz, GPS opcional, visi\u00f3n nocturna mejorada, WiFi, aplicaci\u00f3n m\u00f3vil, grabaci\u00f3n en bucle, sensor G y monitor de estacionamiento.<\/span><\/div>\n<\/div>\n<\/section>\n<\/div>\n<\/div>\n<\/div>\n<\/div>\n<div class=\"embedded-component-container lv is-not-embedded\">\n<h3><\/h3>\n<h3 class=\"product-info-heading heading-5 v-fw-regular w-md-1\/4 mb-150\"><strong>Caracter\u00edsticas<\/strong><\/h3>\n<ul>\n<li><strong>resoluci\u00f3n 4K<\/strong><br \/>\nCaptura metraje 4K n\u00edtido en la parte delantera y 1080p en la parte trasera con amplio rango din\u00e1mico para funcionar de manera \u00f3ptima en cualquier situaci\u00f3n de iluminaci\u00f3n ajustando la exposici\u00f3n para crear im\u00e1genes y metraje equilibrados.<\/li>\n<li><strong>Grabaci\u00f3n de doble canal<\/strong><br \/>\nGrabe simult\u00e1neamente el camino por delante y por detr\u00e1s con una lente ultra gran angular para un rango de visibilidad m\u00e1ximo.<\/li>\n<li><strong>Modo de estacionamiento\/Modo de vigilancia<\/strong><br \/>\nInstale nuestro cable de cableado para activar la funci\u00f3n de modo de estacionamiento que detecta impacto o movimiento mientras su autom\u00f3vil est\u00e1 estacionado\/apagado y se enciende y graba autom\u00e1ticamente. (El kit de cableado inteligente o inteligente se vende por separado)<\/li>\n<li><strong>Modo de ahorro de energ\u00eda<\/strong><br \/>\nMientras su autom\u00f3vil est\u00e1 estacionado y apagado y el kit de cableado est\u00e1 instalado, la c\u00e1mara del tablero se dormir\u00e1 y apagar\u00e1 la pantalla, conservando la vida \u00fatil de la bater\u00eda de su autom\u00f3vil hasta que necesite activarse y grabar.<\/li>\n<li><strong>Detecci\u00f3n de colisi\u00f3n (sensor G)<\/strong><br \/>\nCuando el sensor de gravedad incorporado detecta una colisi\u00f3n, el video actual se bloquea, lo que garantiza que las im\u00e1genes importantes se mantengan protegidas. El video bloqueado se mantendr\u00e1 a salvo de ser sobrescrito.<\/li>\n<li><strong>Conexi\u00f3n WiFi<\/strong><br \/>\nVea, guarde y comparta las grabaciones de la c\u00e1mara del tablero de forma inal\u00e1mbrica en su dispositivo m\u00f3vil usando una interfaz de aplicaci\u00f3n.<\/li>\n<li><strong>Lentes ultra gran angular de 170\u00b0<\/strong><br \/>\nNunca te pierdas nada de lo que sucede en la carretera al cubrir amplias vistas de 170\u00b0 tanto en la parte delantera como trasera de tu veh\u00edculo a trav\u00e9s de lentes de vidrio de siete capas.<\/li>\n<li><strong>Pantalla LCD de alta definici\u00f3n de 2,4&#8243;<\/strong><br \/>\nVerifique sus \u00e1ngulos de grabaci\u00f3n y navegue a trav\u00e9s de las opciones\/configuraciones de la c\u00e1mara usando los botones de presi\u00f3n y la brillante pantalla LCD HD.<\/li>\n<li><strong>Visi\u00f3n nocturna mejorada<\/strong><br \/>\nNuestros sensores de alto rendimiento ofrecen y el amplio rango din\u00e1mico aumenta la calidad del video en escenarios con poca luz, perfecto para leer matr\u00edculas en la oscuridad.<\/li>\n<li><strong>Grabaci\u00f3n en bucle<\/strong><br \/>\nLas grabaciones se dividen en segmentos. Cuando se alcanza el l\u00edmite de almacenamiento en la tarjeta de memoria, las nuevas grabaciones sobrescribir\u00e1n autom\u00e1ticamente las grabaciones m\u00e1s antiguas, desbloqueadas y que no sean de emergencia.<\/li>\n<li><strong>Registrador GPS opcional<\/strong><br \/>\nTenga evidencia y vea con precisi\u00f3n el historial de manejo de sus viajes anteriores que muestra la fecha, la hora y la ubicaci\u00f3n de su veh\u00edculo a medida que viaj\u00f3 una vez que cargue las im\u00e1genes de la c\u00e1mara del tablero en nuestra aplicaci\u00f3n de registro GPS (con tecnolog\u00eda de Google Maps)<\/li>\n<li><strong>Resistencia a altas temperaturas<\/strong><br \/>\nLa energ\u00eda es entregada por un supercondensador, una alternativa premium a una bater\u00eda de iones de litio, que cuenta con una calidad mejorada de resistencia a la temperatura de hasta 176 \u00b0F y de hasta -20 \u00b0F.<\/li>\n<li><strong>Micr\u00f3fono y altavoz incorporados<\/strong><br \/>\nGrabe y capture no solo videos, sino tambi\u00e9n grabaciones de audio para reproducirlas instant\u00e1neamente a los oficiales de polic\u00eda, amigos y familiares.<\/li>\n<li><strong>Caracter\u00edsticas de seguridad y protecci\u00f3n<\/strong><br \/>\nLa protecci\u00f3n con contrase\u00f1a a trav\u00e9s de WiFi, el video de bloqueo autom\u00e1tico de emergencia a trav\u00e9s del sensor G incorporado, el modo de estacionamiento y el modo de vigilancia garantizan la protecci\u00f3n las 24 horas del d\u00eda, los 7 d\u00edas de la semana.<\/li>\n<li><strong>Tarjeta MicroSD de 32 GB incluida<\/strong><br \/>\nOfrece un funcionamiento c\u00f3modo y duradero.<\/li>\n<li><strong>Montaje adhesivo<\/strong><br \/>\nGarantiza un montaje sencillo y discreto.<\/li>\n<\/ul>\n<\/div>\n","protected":false},"excerpt":{"rendered":"<p>REXING V1P Plus, nuestra Dash Cam delantera y trasera insignia mejorada para tener impresionantes capacidades de grabaci\u00f3n frontal 4K 2160p y Full HD 1080p en la parte trasera.\u00a0Como una de<\/p>\n","protected":false},"featured_media":105290,"comment_status":"open","ping_status":"closed","template":"","meta":{"_acf_changed":false,"_joinchat":[]},"product_brand":[],"product_cat":[442,284,444],"product_tag":[],"class_list":{"0":"post-105289","1":"product","2":"type-product","3":"status-publish","4":"has-post-thumbnail","6":"product_cat-camaras","7":"product_cat-camaras-y-lentes","8":"product_cat-todas-las-camaras-y-lentes","10":"first","11":"instock","12":"sale","13":"shipping-taxable","14":"purchasable","15":"product-type-simple"},"acf":[],"_links":{"self":[{"href":"https:\/\/defabrica.com.mx\/defabrica\/wp-json\/wp\/v2\/product\/105289","targetHints":{"allow":["GET"]}}],"collection":[{"href":"https:\/\/defabrica.com.mx\/defabrica\/wp-json\/wp\/v2\/product"}],"about":[{"href":"https:\/\/defabrica.com.mx\/defabrica\/wp-json\/wp\/v2\/types\/product"}],"replies":[{"embeddable":true,"href":"https:\/\/defabrica.com.mx\/defabrica\/wp-json\/wp\/v2\/comments?post=105289"}],"wp:featuredmedia":[{"embeddable":true,"href":"https:\/\/defabrica.com.mx\/defabrica\/wp-json\/wp\/v2\/media\/105290"}],"wp:attachment":[{"href":"https:\/\/defabrica.com.mx\/defabrica\/wp-json\/wp\/v2\/media?parent=105289"}],"wp:term":[{"taxonomy":"product_brand","embeddable":true,"href":"https:\/\/defabrica.com.mx\/defabrica\/wp-json\/wp\/v2\/product_brand?post=105289"},{"taxonomy":"product_cat","embeddable":true,"href":"https:\/\/defabrica.com.mx\/defabrica\/wp-json\/wp\/v2\/product_cat?post=105289"},{"taxonomy":"product_tag","embeddable":true,"href":"https:\/\/defabrica.com.mx\/defabrica\/wp-json\/wp\/v2\/product_tag?post=105289"}],"curies":[{"name":"wp","href":"https:\/\/api.w.org\/{rel}","templated":true}]}}