{"id":105283,"date":"2023-05-12T14:26:13","date_gmt":"2023-05-12T19:26:13","guid":{"rendered":"https:\/\/defabrica.com.mx\/defabrica\/?post_type=product&#038;p=105283"},"modified":"2023-05-12T14:26:13","modified_gmt":"2023-05-12T19:26:13","slug":"hisense-l9g-laser-tv-proyector-de-alcance-ultracorto-de-triple-laser-con-pantalla-alr-de-100-4k-uhd","status":"publish","type":"product","link":"https:\/\/defabrica.com.mx\/defabrica\/producto\/hisense-l9g-laser-tv-proyector-de-alcance-ultracorto-de-triple-laser-con-pantalla-alr-de-100-4k-uhd\/","title":{"rendered":"Hisense &#8211; L9G Laser TV Proyector de alcance ultracorto de triple l\u00e1ser con pantalla ALR de 100&#8243;, 4K UHD"},"content":{"rendered":"<div class=\"product-description\"><span>Inspirado en un mundo de color incre\u00edble a una escala que hace que todo parezca nuevo.\u00a0El televisor de proyecci\u00f3n de tiro ultracorto 4K UHD de 3000 l\u00famenes cuenta con el motor de luz l\u00e1ser triple TriChroma para alcanzar el 107 % del espacio de color BT.2020.\u00a0Ese es el color que nunca has visto en un televisor.\u00a0Funciones premium como HDMI de alta velocidad Dolby Atmos\u00ae, HDR10\/HLG, modo de cineasta y una pantalla ALR perfectamente sincronizada hacen del L9G la mejor actualizaci\u00f3n de entretenimiento en el hogar.<\/span><\/div>\n<div class=\"product-description-banners-lv\">\n<div class=\"product-description-banner\" data-track=\"description-html-asset:Premium design centers.\">\n<h3><\/h3>\n<h3 class=\"product-info-heading heading-5 v-fw-regular w-md-1\/4 mb-150\"><strong>Caracter\u00edsticas<\/strong><\/h3>\n<ul>\n<li><strong>TriChroma Triple-L\u00e1ser (RGB)<\/strong><br \/>\nEl L9G utiliza l\u00e1seres rojo, verde y azul puros para producir el 107 % del espacio de color BT.2020, lo que significa que el color es m\u00e1s real que nunca.<\/li>\n<li><strong>Pantalla de rechazo de luz ambiental de 100&#8243;<\/strong><br \/>\nLa pantalla Ambient Light Rejecting (ALR) de 100 pulgadas incluida (un valor de $ 1200) produce una claridad de imagen incre\u00edble tanto en espacios oscuros como bien iluminados. Prep\u00e1rese para llevar la noche de cine en familia, su pr\u00f3ximo atrac\u00f3n de transmisi\u00f3n o jugar con los ni\u00f1os a un nivel completamente nuevo.<\/li>\n<li><strong>Sonido Dolby Atmos de 40 W<\/strong><br \/>\nCon sonido Dolby Atmos integrado de 40 W, L9G es una gran mejora en el escenario sonoro con respecto a los peque\u00f1os altavoces de tu \u00faltimo televisor. Para los verdaderos audi\u00f3filos, HDMI de alta velocidad con eARC permite el paso de audio de alta tasa de bits a su sistema de sonido envolvente.<\/li>\n<li><strong>Brillo de 3000 l\u00famenes<\/strong><br \/>\nCon un brillo de 3000 l\u00famenes, el L9G hace que el contenido cante. Disfruta de reflejos resplandecientes, colores vibrantes y negros voluminosos que hacen que tu contenido favorito sea una delicia para la vista.<\/li>\n<li><strong>4K UHD con HDR<\/strong><br \/>\n4K Ultra HD brinda m\u00e1s de 8 millones de p\u00edxeles para crear una claridad incre\u00edble en la imagen. El alto rango din\u00e1mico expande el color y el contraste para que pueda disfrutar de una imagen vibrante con una profundidad y detalles incre\u00edbles. Dolby Vision mejora HDR con mapeo din\u00e1mico de tonos en contenido compatible.<\/li>\n<li><strong>Vida \u00fatil de 25,000 horas<\/strong><br \/>\nLa tecnolog\u00eda de luz l\u00e1ser X-Fusion\u2122 brinda hasta 25 000 horas de entretenimiento sin p\u00e9rdida alguna en el rendimiento del l\u00e1ser. Y olv\u00eddese de los proyectores LED con su tonto tiempo de calentamiento: el L9G tiene luz l\u00e1ser de encendido instant\u00e1neo para configurar la imagen perfecta de inmediato.<\/li>\n<li><strong>Tecnolog\u00eda DLP de Texas Instruments<\/strong><br \/>\nL9G utiliza la misma tecnolog\u00eda de proyecci\u00f3n DLP utilizada en 9 de cada 10 salas de cine para crear detalles enfocados con l\u00e1ser. Con extrema claridad y profundidad de color, todo lo que ves parece reci\u00e9n salido del estudio de cine.<\/li>\n<li><strong>televisor android<\/strong><br \/>\nAndroid TV trae excelente contenido a la pantalla m\u00e1s grande de tu hogar. Instale aplicaciones de Google Play Store e inicie sesi\u00f3n en sus servicios de transmisi\u00f3n favoritos para disfrutar de entretenimiento sin l\u00edmites. Use Chromecast para duplicar su tel\u00e9fono o tableta directamente en el Laser TV.<\/li>\n<li><strong>Listo para el hogar inteligente<\/strong><br \/>\nWi-Fi integrado, Bluetooth, Asistente de Google, funciona con Alexa y certificaci\u00f3n Control4, el L9G se puede integrar con su ecosistema de hogar inteligente para crear automatizaciones al contenido de su coraz\u00f3n.<\/li>\n<li><strong>Seguridad ocular<\/strong><br \/>\nCon un sensor de proximidad para apagar el l\u00e1ser cuando algo se acerca demasiado, el L9G se toma muy en serio la seguridad de los ojos. Como beneficio adicional, es una gran caracter\u00edstica para disuadir a los ni\u00f1os peque\u00f1os de tocar la consola l\u00e1ser. Por supuesto, siempre puede desactivar Eye Safety.<\/li>\n<li><strong>Cineasta Moda<\/strong><br \/>\nEl modo de cineasta te da la opci\u00f3n de ajustar autom\u00e1ticamente la configuraci\u00f3n de la imagen para asegurarte de que est\u00e1s viendo el contenido exactamente como lo concibieron los cineastas. Calibraci\u00f3n de video con calidad de estudio con solo un par de clics del control remoto.<\/li>\n<li><strong>Modo de juego<\/strong><br \/>\nReduzca el retraso de entrada para que los juegos en el L9G se sientan ajustados y receptivos. No hay excusa para culpar al controlador o a su televisor, solo gud.<\/li>\n<li><strong>Listo para WiSA<\/strong><br \/>\nIntegre Laser TV con su sistema de sonido envolvente multicanal inal\u00e1mbrico: el L9G est\u00e1 preparado para WiSA.<\/li>\n<\/ul>\n<\/div>\n<\/div>\n","protected":false},"excerpt":{"rendered":"<p>Inspirado en un mundo de color incre\u00edble a una escala que hace que todo parezca nuevo.\u00a0El televisor de proyecci\u00f3n de tiro ultracorto 4K UHD de 3000 l\u00famenes cuenta con el<\/p>\n","protected":false},"featured_media":105284,"comment_status":"open","ping_status":"closed","template":"","meta":{"_acf_changed":false,"_joinchat":[]},"product_brand":[],"product_cat":[240,245,407,336,937],"product_tag":[],"class_list":{"0":"post-105283","1":"product","2":"type-product","3":"status-publish","4":"has-post-thumbnail","6":"product_cat-computadoras","7":"product_cat-accesorios-computadoras","8":"product_cat-proyectores","9":"product_cat-hogar","10":"product_cat-pantallas","12":"first","13":"instock","14":"sale","15":"shipping-taxable","16":"purchasable","17":"product-type-simple"},"acf":[],"_links":{"self":[{"href":"https:\/\/defabrica.com.mx\/defabrica\/wp-json\/wp\/v2\/product\/105283","targetHints":{"allow":["GET"]}}],"collection":[{"href":"https:\/\/defabrica.com.mx\/defabrica\/wp-json\/wp\/v2\/product"}],"about":[{"href":"https:\/\/defabrica.com.mx\/defabrica\/wp-json\/wp\/v2\/types\/product"}],"replies":[{"embeddable":true,"href":"https:\/\/defabrica.com.mx\/defabrica\/wp-json\/wp\/v2\/comments?post=105283"}],"wp:featuredmedia":[{"embeddable":true,"href":"https:\/\/defabrica.com.mx\/defabrica\/wp-json\/wp\/v2\/media\/105284"}],"wp:attachment":[{"href":"https:\/\/defabrica.com.mx\/defabrica\/wp-json\/wp\/v2\/media?parent=105283"}],"wp:term":[{"taxonomy":"product_brand","embeddable":true,"href":"https:\/\/defabrica.com.mx\/defabrica\/wp-json\/wp\/v2\/product_brand?post=105283"},{"taxonomy":"product_cat","embeddable":true,"href":"https:\/\/defabrica.com.mx\/defabrica\/wp-json\/wp\/v2\/product_cat?post=105283"},{"taxonomy":"product_tag","embeddable":true,"href":"https:\/\/defabrica.com.mx\/defabrica\/wp-json\/wp\/v2\/product_tag?post=105283"}],"curies":[{"name":"wp","href":"https:\/\/api.w.org\/{rel}","templated":true}]}}