{"id":105272,"date":"2023-05-11T14:49:07","date_gmt":"2023-05-11T19:49:07","guid":{"rendered":"https:\/\/defabrica.com.mx\/defabrica\/?post_type=product&#038;p=105272"},"modified":"2023-05-11T14:49:07","modified_gmt":"2023-05-11T19:49:07","slug":"kitchenaid-batidora-de-mano-de-5-velocidades-khm512wh-blanco","status":"publish","type":"product","link":"https:\/\/defabrica.com.mx\/defabrica\/producto\/kitchenaid-batidora-de-mano-de-5-velocidades-khm512wh-blanco\/","title":{"rendered":"KitchenAid &#8211; Batidora de mano de 5 velocidades KHM512WH &#8211; Blanco"},"content":{"rendered":"<div class=\"embedded-component-container lv product-description\">\n<div>\n<div id=\"shop-product-description-46442851\" class=\"_none\" data-version=\"1.3.58\">\n<div class=\"shop-product-description\">\n<section class=\"align-heading-left\" data-reactroot=\"\">\n<div class=\"long-description-container body-copy \">\n<div class=\"html-fragment\"><span>Prepare sus comidas favoritas con esta batidora manual de 5 velocidades KitchenAid KHM512WH, que cuenta con un motor de CC liviano pero potente y 2 accesorios Turbo Beater de acero inoxidable para mezclar a fondo masas, glaseados y m\u00e1s.<\/span><\/div>\n<\/div>\n<\/section>\n<\/div>\n<\/div>\n<\/div>\n<\/div>\n<div class=\"embedded-component-container lv is-not-embedded\">\n<h3><\/h3>\n<h3 class=\"product-info-heading heading-5 v-fw-regular w-md-1\/4 mb-150\"><strong>Caracter\u00edsticas<\/strong><\/h3>\n<ul>\n<li><strong>Control de velocidad mec\u00e1nico<\/strong><br \/>\nFacilita el ajuste de la velocidad del motor.<\/li>\n<li><strong>Motor de CC ligero<\/strong><br \/>\nProporciona mucha potencia para mezclar una variedad de alimentos.<\/li>\n<li><strong>5 velocidades de mezcla<\/strong><br \/>\nOfrece un control preciso durante el uso.<\/li>\n<li><strong>2 accesorios Turbo Beater de acero inoxidable<\/strong><br \/>\nConstruido sin postes centrales para promover una mezcla completa y una m\u00ednima acumulaci\u00f3n de masa. El dise\u00f1o apto para lavavajillas simplifica la limpieza.<\/li>\n<li><strong>Bot\u00f3n de expulsi\u00f3n del batidor<\/strong><br \/>\nFacilita la liberaci\u00f3n de los batidores cuando haya terminado de mezclar.<\/li>\n<\/ul>\n<\/div>\n","protected":false},"excerpt":{"rendered":"<p>Prepare sus comidas favoritas con esta batidora manual de 5 velocidades KitchenAid KHM512WH, que cuenta con un motor de CC liviano pero potente y 2 accesorios Turbo Beater de acero<\/p>\n","protected":false},"featured_media":105273,"comment_status":"open","ping_status":"closed","template":"","meta":{"_acf_changed":false,"_joinchat":[]},"product_brand":[],"product_cat":[336,337,986],"product_tag":[],"class_list":{"0":"post-105272","1":"product","2":"type-product","3":"status-publish","4":"has-post-thumbnail","6":"product_cat-hogar","7":"product_cat-cocina","8":"product_cat-batidoras","10":"first","11":"instock","12":"sale","13":"shipping-taxable","14":"purchasable","15":"product-type-simple"},"acf":[],"_links":{"self":[{"href":"https:\/\/defabrica.com.mx\/defabrica\/wp-json\/wp\/v2\/product\/105272","targetHints":{"allow":["GET"]}}],"collection":[{"href":"https:\/\/defabrica.com.mx\/defabrica\/wp-json\/wp\/v2\/product"}],"about":[{"href":"https:\/\/defabrica.com.mx\/defabrica\/wp-json\/wp\/v2\/types\/product"}],"replies":[{"embeddable":true,"href":"https:\/\/defabrica.com.mx\/defabrica\/wp-json\/wp\/v2\/comments?post=105272"}],"wp:featuredmedia":[{"embeddable":true,"href":"https:\/\/defabrica.com.mx\/defabrica\/wp-json\/wp\/v2\/media\/105273"}],"wp:attachment":[{"href":"https:\/\/defabrica.com.mx\/defabrica\/wp-json\/wp\/v2\/media?parent=105272"}],"wp:term":[{"taxonomy":"product_brand","embeddable":true,"href":"https:\/\/defabrica.com.mx\/defabrica\/wp-json\/wp\/v2\/product_brand?post=105272"},{"taxonomy":"product_cat","embeddable":true,"href":"https:\/\/defabrica.com.mx\/defabrica\/wp-json\/wp\/v2\/product_cat?post=105272"},{"taxonomy":"product_tag","embeddable":true,"href":"https:\/\/defabrica.com.mx\/defabrica\/wp-json\/wp\/v2\/product_tag?post=105272"}],"curies":[{"name":"wp","href":"https:\/\/api.w.org\/{rel}","templated":true}]}}