{"id":105243,"date":"2023-05-09T22:24:48","date_gmt":"2023-05-10T03:24:48","guid":{"rendered":"https:\/\/defabrica.com.mx\/defabrica\/?post_type=product&#038;p=105243"},"modified":"2023-05-09T22:24:48","modified_gmt":"2023-05-10T03:24:48","slug":"extractor-de-leche-electrico-doble-portatil-transparente","status":"publish","type":"product","link":"https:\/\/defabrica.com.mx\/defabrica\/producto\/extractor-de-leche-electrico-doble-portatil-transparente\/","title":{"rendered":"Extractor de leche el\u00e9ctrico doble port\u00e1til- Transparente"},"content":{"rendered":"<div class=\"embedded-component-container lv product-description\">\n<div>\n<div id=\"shop-product-description-84781932\" class=\"_none\" data-version=\"1.3.58\">\n<div class=\"shop-product-description\">\n<section class=\"align-heading-left\" data-reactroot=\"\">\n<div class=\"long-description-container body-copy \">\n<div class=\"html-fragment\"><span>Dise\u00f1ado con la capacidad m\u00e1s alta de cualquier bomba en sujetador, Willow Go prioriza la comodidad y la conveniencia.\u00a0Con succi\u00f3n de grado hospitalario y una calificaci\u00f3n de comodidad del 100 %, Willow Go bombea de manera silenciosa y discreta (sin tubos, botellas o motores externos colgando) para que pueda hacerlo todo sin sacrificar la eficiencia o la capacidad.\u00a0Tambi\u00e9n est\u00e1 conectado a la aplicaci\u00f3n, lo que facilita el control de sus bombas, conectarse con expertos para obtener orientaci\u00f3n personalizada y acceder a contenido respaldado por investigaciones con un toque.\u00a0Fuerza.\u00a0Conveniencia.\u00a0Control.\u00a0Es tu raz\u00f3n para cortar las cuerdas de una vez por todas.<\/span><\/div>\n<\/div>\n<\/section>\n<\/div>\n<\/div>\n<\/div>\n<\/div>\n<div class=\"embedded-component-container lv is-not-embedded\">\n<h3><\/h3>\n<h3 class=\"product-info-heading heading-5 v-fw-regular w-md-1\/4 mb-150\"><strong>Caracter\u00edsticas<\/strong><\/h3>\n<ul>\n<li><strong>Sin cable, manos libres:<\/strong><br \/>\ndise\u00f1o totalmente integrado en el sujetador, succi\u00f3n de grado hospitalario y modos personalizables que facilitan la extracci\u00f3n discreta y eficiente<\/li>\n<li><strong>Succi\u00f3n de grado hospitalario:<\/strong><br \/>\nHasta -280 mmHG, 2 modos de bombeo y 15 niveles de succi\u00f3n ajustable<\/li>\n<li><strong>Ultra silencioso y discreto:<\/strong><br \/>\nDise\u00f1o en camiseta para bombear donde sea, cuando sea con una bater\u00eda recargable que dura hasta 3 sesiones de bombeo<\/li>\n<li><strong>Capacidad flexible:<\/strong><br \/>\nLa capacidad de leche m\u00e1s alta de cualquier bomba port\u00e1til: elija entre un recipiente reutilizable de 5 oz o 7 oz (se vende por separado)<\/li>\n<li><strong>Aplicaci\u00f3n controlada:<\/strong><br \/>\nlo que facilita el control de sus bombas, iniciar, detener y cambiar la succi\u00f3n con un toque en la aplicaci\u00f3n Willow. La aplicaci\u00f3n Willow puede conectarse con expertos para obtener orientaci\u00f3n personalizada y acceder a contenido respaldado por investigaciones.<\/li>\n<li><strong>aplicaci\u00f3n conectada<\/strong><br \/>\nRealiza un seguimiento de tu sesi\u00f3n con la aplicaci\u00f3n Willow Go, compatible con iOS y Android.<\/li>\n<\/ul>\n<\/div>\n","protected":false},"excerpt":{"rendered":"<p>Dise\u00f1ado con la capacidad m\u00e1s alta de cualquier bomba en sujetador, Willow Go prioriza la comodidad y la conveniencia.\u00a0Con succi\u00f3n de grado hospitalario y una calificaci\u00f3n de comodidad del 100<\/p>\n","protected":false},"featured_media":105244,"comment_status":"open","ping_status":"closed","template":"","meta":{"_acf_changed":false,"_joinchat":[]},"product_brand":[],"product_cat":[336],"product_tag":[],"class_list":{"0":"post-105243","1":"product","2":"type-product","3":"status-publish","4":"has-post-thumbnail","6":"product_cat-hogar","8":"first","9":"instock","10":"sale","11":"shipping-taxable","12":"purchasable","13":"product-type-simple"},"acf":[],"_links":{"self":[{"href":"https:\/\/defabrica.com.mx\/defabrica\/wp-json\/wp\/v2\/product\/105243","targetHints":{"allow":["GET"]}}],"collection":[{"href":"https:\/\/defabrica.com.mx\/defabrica\/wp-json\/wp\/v2\/product"}],"about":[{"href":"https:\/\/defabrica.com.mx\/defabrica\/wp-json\/wp\/v2\/types\/product"}],"replies":[{"embeddable":true,"href":"https:\/\/defabrica.com.mx\/defabrica\/wp-json\/wp\/v2\/comments?post=105243"}],"wp:featuredmedia":[{"embeddable":true,"href":"https:\/\/defabrica.com.mx\/defabrica\/wp-json\/wp\/v2\/media\/105244"}],"wp:attachment":[{"href":"https:\/\/defabrica.com.mx\/defabrica\/wp-json\/wp\/v2\/media?parent=105243"}],"wp:term":[{"taxonomy":"product_brand","embeddable":true,"href":"https:\/\/defabrica.com.mx\/defabrica\/wp-json\/wp\/v2\/product_brand?post=105243"},{"taxonomy":"product_cat","embeddable":true,"href":"https:\/\/defabrica.com.mx\/defabrica\/wp-json\/wp\/v2\/product_cat?post=105243"},{"taxonomy":"product_tag","embeddable":true,"href":"https:\/\/defabrica.com.mx\/defabrica\/wp-json\/wp\/v2\/product_tag?post=105243"}],"curies":[{"name":"wp","href":"https:\/\/api.w.org\/{rel}","templated":true}]}}