{"id":105222,"date":"2023-05-09T22:00:26","date_gmt":"2023-05-10T03:00:26","guid":{"rendered":"https:\/\/defabrica.com.mx\/defabrica\/?post_type=product&#038;p=105222"},"modified":"2023-05-09T22:00:26","modified_gmt":"2023-05-10T03:00:26","slug":"marco-wifi-inteligente-1280x800-hd-ips-pantalla-tactil","status":"publish","type":"product","link":"https:\/\/defabrica.com.mx\/defabrica\/producto\/marco-wifi-inteligente-1280x800-hd-ips-pantalla-tactil\/","title":{"rendered":"Marco WiFi inteligente 1280&#215;800 HD IPS Pantalla t\u00e1ctil"},"content":{"rendered":"<ul class=\"a-unordered-list a-vertical a-spacing-mini\">\n<li class=\"a-spacing-mini\"><span class=\"a-list-item\"><span>[F\u00e1cil uso compartido de Wi-Fi]: Comparta instant\u00e1neamente momentos preciosos con el marco de fotos digital Wi-Fi de 10,1 pulgadas FULLJA a trav\u00e9s de la aplicaci\u00f3n \u00abVPhoto\u00bb o el correo electr\u00f3nico, lo que le permite enviar im\u00e1genes al marco de fotos electr\u00f3nico en segundos.\u00a0Con capacidad para hasta 30 miembros y m\u00faltiples remitentes, este marco de fotos Wi-Fi mantiene a todos conectados y disfrutan de recuerdos preciados juntos desde cualquier lugar.<\/span><\/span><\/li>\n<li class=\"a-spacing-mini\"><span class=\"a-list-item\"><span>[Pantalla t\u00e1ctil y almacenamiento de 16 GB]: equipado con pantalla t\u00e1ctil, pantalla HD de 1280 x 800 p\u00edxeles con un \u00e1ngulo de visi\u00f3n amplio de 170 grados, el marco de fotos digital FULLJA de 10 pulgadas ofrece 16 GB de memoria integrada para almacenamiento local.\u00a0El marco digital WiFi admite tarjetas TF (hasta 32 GB) y conexiones USB para ampliar las opciones de almacenamiento.<\/span><\/span><\/li>\n<li class=\"a-spacing-mini\"><span class=\"a-list-item\"><span>[Rotaci\u00f3n autom\u00e1tica y decoraci\u00f3n elegante para el hogar]: el marco de fotos electr\u00f3nico de 10,1 pulgadas ajusta autom\u00e1ticamente la orientaci\u00f3n de la imagen seg\u00fan la posici\u00f3n de la pantalla, ya sea en modo vertical u horizontal.\u00a0Este marco de fotos digital ofrece una elegante opci\u00f3n de decoraci\u00f3n del hogar para cualquier estilo, independiente o montado en la pared.<\/span><\/span><\/li>\n<li class=\"a-spacing-mini\"><span class=\"a-list-item\"><span>[Marco multifunci\u00f3n, todo en uno]: las caracter\u00edsticas del marco de fotos digital FULLJA de 10,1 pulgadas incluyen reproducci\u00f3n de fotos y videos, m\u00fasica, presentaciones de diapositivas con m\u00fasica de fondo, estaci\u00f3n meteorol\u00f3gica incorporada, alarma, reloj, calendario, sensor de movimiento, auto -rotaci\u00f3n y configuraci\u00f3n de encendido\/apagado autom\u00e1tico programado.<\/span><\/span><\/li>\n<\/ul>\n","protected":false},"excerpt":{"rendered":"<p>[F\u00e1cil uso compartido de Wi-Fi]: Comparta instant\u00e1neamente momentos preciosos con el marco de fotos digital Wi-Fi de 10,1 pulgadas FULLJA a trav\u00e9s de la aplicaci\u00f3n \u00abVPhoto\u00bb o el correo electr\u00f3nico,<\/p>\n","protected":false},"featured_media":105223,"comment_status":"open","ping_status":"closed","template":"","meta":{"_acf_changed":false,"_joinchat":[]},"product_brand":[],"product_cat":[336],"product_tag":[],"class_list":{"0":"post-105222","1":"product","2":"type-product","3":"status-publish","4":"has-post-thumbnail","6":"product_cat-hogar","8":"first","9":"instock","10":"sale","11":"shipping-taxable","12":"purchasable","13":"product-type-simple"},"acf":[],"_links":{"self":[{"href":"https:\/\/defabrica.com.mx\/defabrica\/wp-json\/wp\/v2\/product\/105222","targetHints":{"allow":["GET"]}}],"collection":[{"href":"https:\/\/defabrica.com.mx\/defabrica\/wp-json\/wp\/v2\/product"}],"about":[{"href":"https:\/\/defabrica.com.mx\/defabrica\/wp-json\/wp\/v2\/types\/product"}],"replies":[{"embeddable":true,"href":"https:\/\/defabrica.com.mx\/defabrica\/wp-json\/wp\/v2\/comments?post=105222"}],"wp:featuredmedia":[{"embeddable":true,"href":"https:\/\/defabrica.com.mx\/defabrica\/wp-json\/wp\/v2\/media\/105223"}],"wp:attachment":[{"href":"https:\/\/defabrica.com.mx\/defabrica\/wp-json\/wp\/v2\/media?parent=105222"}],"wp:term":[{"taxonomy":"product_brand","embeddable":true,"href":"https:\/\/defabrica.com.mx\/defabrica\/wp-json\/wp\/v2\/product_brand?post=105222"},{"taxonomy":"product_cat","embeddable":true,"href":"https:\/\/defabrica.com.mx\/defabrica\/wp-json\/wp\/v2\/product_cat?post=105222"},{"taxonomy":"product_tag","embeddable":true,"href":"https:\/\/defabrica.com.mx\/defabrica\/wp-json\/wp\/v2\/product_tag?post=105222"}],"curies":[{"name":"wp","href":"https:\/\/api.w.org\/{rel}","templated":true}]}}