{"id":105214,"date":"2023-04-29T17:15:08","date_gmt":"2023-04-29T22:15:08","guid":{"rendered":"https:\/\/defabrica.com.mx\/defabrica\/?post_type=product&#038;p=105214"},"modified":"2023-04-29T17:15:08","modified_gmt":"2023-04-29T22:15:08","slug":"greesum-juego-de-3-sillas-de-mimbre-para-patio","status":"publish","type":"product","link":"https:\/\/defabrica.com.mx\/defabrica\/producto\/greesum-juego-de-3-sillas-de-mimbre-para-patio\/","title":{"rendered":"Greesum Juego de 3 sillas de mimbre para patio"},"content":{"rendered":"<ul class=\"a-unordered-list a-vertical a-spacing-mini\">\n<li class=\"a-spacing-mini\"><span class=\"a-list-item\"><span>C\u00f3modo y conveniente: el rat\u00e1n resistente equipado con un coj\u00edn suave puede ofrecerle una experiencia de uso perfecta.\u00a0Y el rat\u00e1n es liviano, por lo que el peso total del conjunto tambi\u00e9n es liviano, puede moverlo f\u00e1cilmente a cualquier lugar adecuado.<\/span><\/span><\/li>\n<li class=\"a-spacing-mini\"><span class=\"a-list-item\"><span>Dise\u00f1o amigable: el coj\u00edn suave, el asiento espacioso, el marco de la silla fuerte y el material liviano construyen un dise\u00f1o f\u00e1cil de usar.\u00a0Est\u00e1 de moda por su aspecto y material ligero: rat\u00e1n.\u00a0Es c\u00f3modo debido a su coj\u00edn suave y respaldo adecuado.<\/span><\/span><\/li>\n<li class=\"a-spacing-mini\"><span class=\"a-list-item\"><span>Ampliamente utilizado: el art\u00edculo incluye 2 asientos individuales y una mesa de vidrio, puede usarlo para conversar con su familia en el jard\u00edn o ponerlo en el porche.\u00a0En definitiva, es adecuado para decorar el jard\u00edn y no ocupa mucho espacio.<\/span><\/span><\/li>\n<li class=\"a-spacing-mini\"><span class=\"a-list-item\"><span>Robusto y duradero: el juego de sillas adopta mimbre de rat\u00e1n de alta calidad que puede resistir todo tipo de clima porque el rat\u00e1n ha sido tratado con antioxidante y anticorrosi\u00f3n, estas razones aseguran una vida \u00fatil m\u00e1s larga.<\/span><\/span><\/li>\n<li class=\"a-spacing-mini\"><span class=\"a-list-item\"><span>Ensamble f\u00e1cilmente: las instrucciones de instalaci\u00f3n completas y el kit de herramientas completo pueden hacer que lo ensamble f\u00e1cilmente sin ninguna dificultad.<\/span><\/span><\/li>\n<\/ul>\n","protected":false},"excerpt":{"rendered":"<p>C\u00f3modo y conveniente: el rat\u00e1n resistente equipado con un coj\u00edn suave puede ofrecerle una experiencia de uso perfecta.\u00a0Y el rat\u00e1n es liviano, por lo que el peso total del conjunto<\/p>\n","protected":false},"featured_media":105215,"comment_status":"open","ping_status":"closed","template":"","meta":{"_acf_changed":false,"_joinchat":[]},"product_brand":[],"product_cat":[336,1216],"product_tag":[],"class_list":{"0":"post-105214","1":"product","2":"type-product","3":"status-publish","4":"has-post-thumbnail","6":"product_cat-hogar","7":"product_cat-muebles-y-jardin","9":"first","10":"instock","11":"sale","12":"shipping-taxable","13":"purchasable","14":"product-type-simple"},"acf":[],"_links":{"self":[{"href":"https:\/\/defabrica.com.mx\/defabrica\/wp-json\/wp\/v2\/product\/105214","targetHints":{"allow":["GET"]}}],"collection":[{"href":"https:\/\/defabrica.com.mx\/defabrica\/wp-json\/wp\/v2\/product"}],"about":[{"href":"https:\/\/defabrica.com.mx\/defabrica\/wp-json\/wp\/v2\/types\/product"}],"replies":[{"embeddable":true,"href":"https:\/\/defabrica.com.mx\/defabrica\/wp-json\/wp\/v2\/comments?post=105214"}],"wp:featuredmedia":[{"embeddable":true,"href":"https:\/\/defabrica.com.mx\/defabrica\/wp-json\/wp\/v2\/media\/105215"}],"wp:attachment":[{"href":"https:\/\/defabrica.com.mx\/defabrica\/wp-json\/wp\/v2\/media?parent=105214"}],"wp:term":[{"taxonomy":"product_brand","embeddable":true,"href":"https:\/\/defabrica.com.mx\/defabrica\/wp-json\/wp\/v2\/product_brand?post=105214"},{"taxonomy":"product_cat","embeddable":true,"href":"https:\/\/defabrica.com.mx\/defabrica\/wp-json\/wp\/v2\/product_cat?post=105214"},{"taxonomy":"product_tag","embeddable":true,"href":"https:\/\/defabrica.com.mx\/defabrica\/wp-json\/wp\/v2\/product_tag?post=105214"}],"curies":[{"name":"wp","href":"https:\/\/api.w.org\/{rel}","templated":true}]}}