{"id":105205,"date":"2023-04-29T17:05:10","date_gmt":"2023-04-29T22:05:10","guid":{"rendered":"https:\/\/defabrica.com.mx\/defabrica\/?post_type=product&#038;p=105205"},"modified":"2023-04-29T17:05:10","modified_gmt":"2023-04-29T22:05:10","slug":"funda-para-portatil-para-apple-macbook-pro-de-13-apple-macbook-air-de-13-pc-portatiles-y-tabletas-de-hasta-12-negro","status":"publish","type":"product","link":"https:\/\/defabrica.com.mx\/defabrica\/producto\/funda-para-portatil-para-apple-macbook-pro-de-13-apple-macbook-air-de-13-pc-portatiles-y-tabletas-de-hasta-12-negro\/","title":{"rendered":"Funda para port\u00e1til para Apple MacBook Pro de 13&#8243;, Apple MacBook Air de 13&#8243;, PC port\u00e1tiles y tabletas de hasta 12&#8243; &#8211; Negro"},"content":{"rendered":"<div class=\"embedded-component-container lv product-description\">\n<div>\n<div id=\"shop-product-description-74743528\" class=\"_none\" data-version=\"1.3.58\">\n<div class=\"shop-product-description\">\n<section class=\"align-heading-left\" data-reactroot=\"\">\n<div class=\"long-description-container body-copy \">\n<div class=\"html-fragment\"><span>Proteja su dispositivo con esta funda\/estuche Gauntlet de Thule.\u00a0Construido con materiales de poliuretano y luciendo un dise\u00f1o de concha, el Gauntlet protege su dispositivo mientras est\u00e1 en tr\u00e1nsito.\u00a0La protecci\u00f3n mejorada de esquinas y bordes evita da\u00f1os causados \u200b\u200bpor peque\u00f1os golpes e impactos, lo que lo hace ideal para cualquier viajero diario.\u00a0Los aventureros que llevan su tecnolog\u00eda dondequiera que vayan apreciar\u00e1n la facilidad de uso en el estuche que le permite trabajar sin sacar el dispositivo del estuche.\u00a0El acolchado interno garantiza la m\u00e1xima protecci\u00f3n para su computadora port\u00e1til o tableta.<\/span><\/div>\n<\/div>\n<\/section>\n<\/div>\n<\/div>\n<\/div>\n<\/div>\n<div class=\"embedded-component-container lv is-not-embedded\">\n<h3><\/h3>\n<h3 class=\"product-info-heading heading-5 v-fw-regular w-md-1\/4 mb-150\"><strong>Caracter\u00edsticas<\/strong><\/h3>\n<ul>\n<li><strong>Compatible con Apple MacBook Pros de 13&#8243;\/13,3&#8243;, Apple Macbook Airs de 13&#8243;\/13,3&#8243;, PC y tabletas de hasta 12&#8243;<\/strong><br \/>\nCompatible con Apple MacBook Pro de 13&#8243;\/13,3&#8243;, Apple MacBook Air de 13&#8243;\/13,3&#8243;, Chromebooks, Microsoft Surface, Samsung, LG, Lenovo, Asus y todas las PC de hasta 12&#8243;<\/li>\n<li><strong>Compatible con PC y tabletas<\/strong><br \/>\nCompatible con todas las marcas de PCs y Tablets hasta 12\u201d<\/li>\n<li><strong>Interior Acolchado<\/strong><br \/>\nEl acolchado interno garantiza la m\u00e1xima protecci\u00f3n para su computadora port\u00e1til o tableta.<\/li>\n<li><strong>Protecci\u00f3n de esquinas y bordes<\/strong><br \/>\nLa protecci\u00f3n mejorada de esquinas y bordes evita da\u00f1os causados \u200b\u200bpor peque\u00f1os golpes e impactos, lo que lo hace ideal para cualquier viajero diario.<\/li>\n<li><strong>Exterior r\u00edgido<\/strong><br \/>\nEl exterior r\u00edgido brinda protecci\u00f3n adicional a su dispositivo<\/li>\n<li><strong>Protecci\u00f3n contra ca\u00eddas de impacto<\/strong><br \/>\nProtecci\u00f3n contra da\u00f1os causados \u200b\u200bpor ca\u00eddas accidentales.<\/li>\n<li><strong>Material resistente de poliuretano.<\/strong><br \/>\nDise\u00f1ado para proteger el dispositivo con un exterior r\u00edgido y protecci\u00f3n mejorada de esquinas y bordes<\/li>\n<li><strong>Dise\u00f1o de concha<\/strong><br \/>\nTrabaje directamente fuera del estuche gracias al dise\u00f1o de concha. Simplemente coloque la funda de costado y use f\u00e1cilmente su computadora mientras est\u00e1 dentro de la funda para garantizar su protecci\u00f3n.<\/li>\n<li><strong>Dise\u00f1o resistente a los ara\u00f1azos<\/strong><br \/>\nProtege su dispositivo contra da\u00f1os accidentales.<\/li>\n<li><strong>Cierre con cremallera<\/strong><br \/>\nMantiene su computadora port\u00e1til segura dentro de la funda.<\/li>\n<\/ul>\n<\/div>\n","protected":false},"excerpt":{"rendered":"<p>Proteja su dispositivo con esta funda\/estuche Gauntlet de Thule.\u00a0Construido con materiales de poliuretano y luciendo un dise\u00f1o de concha, el Gauntlet protege su dispositivo mientras est\u00e1 en tr\u00e1nsito.\u00a0La protecci\u00f3n mejorada<\/p>\n","protected":false},"featured_media":105206,"comment_status":"open","ping_status":"closed","template":"","meta":{"_acf_changed":false,"_joinchat":[]},"product_brand":[],"product_cat":[408,411,417],"product_tag":[],"class_list":{"0":"post-105205","1":"product","2":"type-product","3":"status-publish","4":"has-post-thumbnail","6":"product_cat-celulares-y-tablets","7":"product_cat-accesorios-para-tablets","8":"product_cat-fundas-y-maletines","10":"first","11":"instock","12":"sale","13":"shipping-taxable","14":"purchasable","15":"product-type-simple"},"acf":[],"_links":{"self":[{"href":"https:\/\/defabrica.com.mx\/defabrica\/wp-json\/wp\/v2\/product\/105205","targetHints":{"allow":["GET"]}}],"collection":[{"href":"https:\/\/defabrica.com.mx\/defabrica\/wp-json\/wp\/v2\/product"}],"about":[{"href":"https:\/\/defabrica.com.mx\/defabrica\/wp-json\/wp\/v2\/types\/product"}],"replies":[{"embeddable":true,"href":"https:\/\/defabrica.com.mx\/defabrica\/wp-json\/wp\/v2\/comments?post=105205"}],"wp:featuredmedia":[{"embeddable":true,"href":"https:\/\/defabrica.com.mx\/defabrica\/wp-json\/wp\/v2\/media\/105206"}],"wp:attachment":[{"href":"https:\/\/defabrica.com.mx\/defabrica\/wp-json\/wp\/v2\/media?parent=105205"}],"wp:term":[{"taxonomy":"product_brand","embeddable":true,"href":"https:\/\/defabrica.com.mx\/defabrica\/wp-json\/wp\/v2\/product_brand?post=105205"},{"taxonomy":"product_cat","embeddable":true,"href":"https:\/\/defabrica.com.mx\/defabrica\/wp-json\/wp\/v2\/product_cat?post=105205"},{"taxonomy":"product_tag","embeddable":true,"href":"https:\/\/defabrica.com.mx\/defabrica\/wp-json\/wp\/v2\/product_tag?post=105205"}],"curies":[{"name":"wp","href":"https:\/\/api.w.org\/{rel}","templated":true}]}}