{"id":105193,"date":"2023-04-29T16:53:36","date_gmt":"2023-04-29T21:53:36","guid":{"rendered":"https:\/\/defabrica.com.mx\/defabrica\/?post_type=product&#038;p=105193"},"modified":"2023-04-29T16:53:36","modified_gmt":"2023-04-29T21:53:36","slug":"shark-ez-robot-vacuum-rv912s-con-base-de-vaciado-automatico-sin-bolsa-wi-fi-gris-oscuro","status":"publish","type":"product","link":"https:\/\/defabrica.com.mx\/defabrica\/producto\/shark-ez-robot-vacuum-rv912s-con-base-de-vaciado-automatico-sin-bolsa-wi-fi-gris-oscuro\/","title":{"rendered":"Shark &#8211; EZ Robot Vacuum RV912S con base de vaciado autom\u00e1tico, sin bolsa, Wi-Fi &#8211; Gris oscuro"},"content":{"rendered":"<div class=\"embedded-component-container lv product-description\">\n<div>\n<div id=\"shop-product-description-59285743\" class=\"_none\" data-version=\"1.3.58\">\n<div class=\"shop-product-description\">\n<section class=\"align-heading-left\" data-reactroot=\"\">\n<div class=\"long-description-container body-copy \">\n<div class=\"html-fragment\"><span>El Shark EZ Robot es su camino f\u00e1cil hacia una limpieza inteligente.\u00a0Combina la comodidad de una base de vaciado autom\u00e1tico con la potente succi\u00f3n Shark para una limpieza completa del hogar.\u00a0Despu\u00e9s de cada sesi\u00f3n de limpieza, su robot se vac\u00eda autom\u00e1ticamente en la base de vaciado autom\u00e1tico sin bolsa, que contiene la suciedad y los desechos de varias sesiones para que pueda olvidarse de pasar la aspiradora durante semanas.\u00a0Eso es f\u00e1cil.<\/span><\/div>\n<\/div>\n<\/section>\n<\/div>\n<\/div>\n<\/div>\n<\/div>\n<div class=\"embedded-component-container lv is-not-embedded\">\n<h3><\/h3>\n<h3 class=\"product-info-heading heading-5 v-fw-regular w-md-1\/4 mb-150\"><strong>Caracter\u00edsticas<\/strong><\/h3>\n<ul>\n<li><strong>Olv\u00eddate de pasar la aspiradora<\/strong><br \/>\nLa base de vaciado autom\u00e1tico sin bolsa contiene hasta 30 d\u00edas de suciedad y escombros.<\/li>\n<li><strong>incre\u00edble succi\u00f3n<\/strong><br \/>\nPoder de limpieza profunda para eliminar desechos grandes y peque\u00f1os y pelo de mascotas.<\/li>\n<li><strong>Limpieza Fila por Fila<\/strong><br \/>\nLimpia met\u00f3dicamente fila por fila, habitaci\u00f3n por habitaci\u00f3n para una cobertura completa.<\/li>\n<li><strong>Recargar y reanudar<\/strong><br \/>\nVuelve a la base, se recarga y puede continuar donde lo dej\u00f3.<\/li>\n<li><strong>Perfecto para mascotas.<\/strong><br \/>\nEl sistema de filtraci\u00f3n de m\u00faltiples etapas captura el polvo, la caspa y los al\u00e9rgenos.<\/li>\n<li><strong>Control de aplicaci\u00f3n\/voz<\/strong><br \/>\nComience a limpiar f\u00e1cilmente con el Asistente de Google, Alexa o un toque en la aplicaci\u00f3n.<\/li>\n<li><strong>Limpieza de superficies m\u00faltiples<\/strong><br \/>\nEl cepillo giratorio multisuperficie extrae la suciedad y los desechos de las alfombras y los pisos.<\/li>\n<li><strong>Manejar bordes y esquinas<\/strong><br \/>\nCon sus cepillos laterales giratorios dobles, ning\u00fan residuo est\u00e1 a salvo.<\/li>\n<\/ul>\n<\/div>\n","protected":false},"excerpt":{"rendered":"<p>El Shark EZ Robot es su camino f\u00e1cil hacia una limpieza inteligente.\u00a0Combina la comodidad de una base de vaciado autom\u00e1tico con la potente succi\u00f3n Shark para una limpieza completa del<\/p>\n","protected":false},"featured_media":105194,"comment_status":"open","ping_status":"closed","template":"","meta":{"_acf_changed":false,"_joinchat":[]},"product_brand":[],"product_cat":[336,1156],"product_tag":[],"class_list":{"0":"post-105193","1":"product","2":"type-product","3":"status-publish","4":"has-post-thumbnail","6":"product_cat-hogar","7":"product_cat-aspiradoras-vaporizadores-y-cuidado-de-suelos","9":"first","10":"instock","11":"sale","12":"shipping-taxable","13":"purchasable","14":"product-type-simple"},"acf":[],"_links":{"self":[{"href":"https:\/\/defabrica.com.mx\/defabrica\/wp-json\/wp\/v2\/product\/105193","targetHints":{"allow":["GET"]}}],"collection":[{"href":"https:\/\/defabrica.com.mx\/defabrica\/wp-json\/wp\/v2\/product"}],"about":[{"href":"https:\/\/defabrica.com.mx\/defabrica\/wp-json\/wp\/v2\/types\/product"}],"replies":[{"embeddable":true,"href":"https:\/\/defabrica.com.mx\/defabrica\/wp-json\/wp\/v2\/comments?post=105193"}],"wp:featuredmedia":[{"embeddable":true,"href":"https:\/\/defabrica.com.mx\/defabrica\/wp-json\/wp\/v2\/media\/105194"}],"wp:attachment":[{"href":"https:\/\/defabrica.com.mx\/defabrica\/wp-json\/wp\/v2\/media?parent=105193"}],"wp:term":[{"taxonomy":"product_brand","embeddable":true,"href":"https:\/\/defabrica.com.mx\/defabrica\/wp-json\/wp\/v2\/product_brand?post=105193"},{"taxonomy":"product_cat","embeddable":true,"href":"https:\/\/defabrica.com.mx\/defabrica\/wp-json\/wp\/v2\/product_cat?post=105193"},{"taxonomy":"product_tag","embeddable":true,"href":"https:\/\/defabrica.com.mx\/defabrica\/wp-json\/wp\/v2\/product_tag?post=105193"}],"curies":[{"name":"wp","href":"https:\/\/api.w.org\/{rel}","templated":true}]}}