{"id":105164,"date":"2023-04-12T14:26:07","date_gmt":"2023-04-12T19:26:07","guid":{"rendered":"https:\/\/defabrica.com.mx\/defabrica\/?post_type=product&#038;p=105164"},"modified":"2023-04-12T14:26:07","modified_gmt":"2023-04-12T19:26:07","slug":"blink-video-doorbell-modulo-de-sincronizacion-2","status":"publish","type":"product","link":"https:\/\/defabrica.com.mx\/defabrica\/producto\/blink-video-doorbell-modulo-de-sincronizacion-2\/","title":{"rendered":"Blink Video Doorbell + M\u00f3dulo de sincronizaci\u00f3n 2"},"content":{"rendered":"<div id=\"featurebullets_feature_div\" class=\"celwidget\" data-feature-name=\"featurebullets\" data-csa-c-type=\"widget\" data-csa-c-content-id=\"featurebullets\" data-csa-c-slot-id=\"featurebullets_feature_div\" data-csa-c-asin=\"B08SGC46M9\" data-csa-c-is-in-initial-active-row=\"false\" data-csa-c-id=\"upje7m-4js4m8-nbb8a4-4n6u21\" data-cel-widget=\"featurebullets_feature_div\">\n<div id=\"feature-bullets\" class=\"a-section a-spacing-medium a-spacing-top-small\">\n<ul class=\"a-unordered-list a-vertical a-spacing-mini\">\n<li><span class=\"a-list-item\"><span>Responda a su puerta en cualquier momento y en cualquier lugar desde su tel\u00e9fono inteligente con video HD de 1080p para el d\u00eda y la noche por infrarrojos y audio bidireccional.<\/span><\/span><\/li>\n<li><span class=\"a-list-item\"><span>Experimente hasta dos a\u00f1os de potente duraci\u00f3n de la bater\u00eda, alertas personalizadas, configuraciones de privacidad y m\u00e1s.<\/span><\/span><\/li>\n<li><span class=\"a-list-item\"><span>Elija guardar y compartir clips en la nube con una prueba gratuita de 30 d\u00edas del plan de suscripci\u00f3n de Blink o localmente con el m\u00f3dulo de sincronizaci\u00f3n 2 y la unidad USB incluidos (se venden por separado).<\/span><\/span><\/li>\n<li><span class=\"a-list-item\"><span>Dise\u00f1ado para cada hogar, vaya sin cables o con\u00e9ctese al cableado del timbre para hacer sonar tambi\u00e9n su timbre existente en el hogar.\u00a0Sin cableado, puede usar su c\u00e1mara Blink Mini (se vende por separado) como un timbre enchufable para interiores.<\/span><\/span><\/li>\n<li><span class=\"a-list-item\"><span>Prep\u00e1rese en minutos con las dos bater\u00edas de litio AA incluidas y luego con\u00e9ctese a wifi en la aplicaci\u00f3n.<\/span><\/span><\/li>\n<li><span class=\"a-list-item\"><span>Funciona con Alexa: acceda a la vista en vivo, conversaci\u00f3n bidireccional, reciba alertas de movimiento y timbre, active y desactive el timbre y m\u00e1s.<\/span><\/span><\/li>\n<li><span class=\"a-list-item\"><span>Incluye un Video Doorbell, un M\u00f3dulo de sincronizaci\u00f3n 2 y un kit de montaje (que incluye montaje en esquina, tornillos y anclajes).<\/span><\/span><\/li>\n<\/ul>\n<\/div>\n<\/div>\n<div id=\"provenanceCertifications_feature_div\" class=\"celwidget\" data-feature-name=\"provenanceCertifications\" data-csa-c-type=\"widget\" data-csa-c-content-id=\"provenanceCertifications\" data-csa-c-slot-id=\"provenanceCertifications_feature_div\" data-csa-c-asin=\"B08SGC46M9\" data-csa-c-is-in-initial-active-row=\"false\" data-csa-c-id=\"cfsvu8-9xx0w0-csnrnh-7fsdgt\" data-cel-widget=\"provenanceCertifications_feature_div\"><\/div>\n<div id=\"atfCenter11_feature_div\" class=\"celwidget\" data-feature-name=\"atfCenter11\" data-csa-c-type=\"widget\" data-csa-c-content-id=\"atfCenter11\" data-csa-c-slot-id=\"atfCenter11_feature_div\" data-csa-c-asin=\"B08SGC46M9\" data-csa-c-is-in-initial-active-row=\"false\" data-csa-c-id=\"ontjve-xf5mrw-b85uz7-z652l9\" data-cel-widget=\"atfCenter11_feature_div\"><\/div>\n<div id=\"atfCenter12_feature_div\" class=\"celwidget\" data-feature-name=\"atfCenter12\" data-csa-c-type=\"widget\" data-csa-c-content-id=\"atfCenter12\" data-csa-c-slot-id=\"atfCenter12_feature_div\" data-csa-c-asin=\"B08SGC46M9\" data-csa-c-is-in-initial-active-row=\"false\" data-csa-c-id=\"oxe674-3g7jh4-3nc8y6-q5f1aa\" data-cel-widget=\"atfCenter12_feature_div\"><\/div>\n<div id=\"amazon-devices-legal-only-no-merchandising_feature_div\" class=\"celwidget\" data-feature-name=\"amazon-devices-legal-only-no-merchandising\" data-csa-c-type=\"widget\" data-csa-c-content-id=\"amazon-devices-legal-only-no-merchandising\" data-csa-c-slot-id=\"amazon-devices-legal-only-no-merchandising_feature_div\" data-csa-c-asin=\"B08SGC46M9\" data-csa-c-is-in-initial-active-row=\"false\" data-csa-c-id=\"wspfat-4ivx5d-x5rd25-jbm2bo\" data-cel-widget=\"amazon-devices-legal-only-no-merchandising_feature_div\"><\/div>\n<div id=\"extendWhatYouOwn_feature_div\" class=\"celwidget\" data-feature-name=\"extendWhatYouOwn\" data-csa-c-type=\"widget\" data-csa-c-content-id=\"extendWhatYouOwn\" data-csa-c-slot-id=\"extendWhatYouOwn_feature_div\" data-csa-c-asin=\"B08SGC46M9\" data-csa-c-is-in-initial-active-row=\"false\" data-csa-c-id=\"q0n8e-gl6i9l-sap9yw-6oqm7\" data-cel-widget=\"extendWhatYouOwn_feature_div\"><\/div>\n<div id=\"atfCenter13_feature_div\" class=\"celwidget\" data-feature-name=\"atfCenter13\" data-csa-c-type=\"widget\" data-csa-c-content-id=\"atfCenter13\" data-csa-c-slot-id=\"atfCenter13_feature_div\" data-csa-c-asin=\"B08SGC46M9\" data-csa-c-is-in-initial-active-row=\"false\" data-csa-c-id=\"igbtf6-4uhz8-yg84n5-a3zxdc\" data-cel-widget=\"atfCenter13_feature_div\">\n<div id=\"content-grid-widget-v1.0\">\n<div id=\"\" class=\"content-grid-wrapper mako-v2\">\n<div class=\"content-grid-row-wrapper \" data-lazy-loading-background-image=\"\">\n<div class=\"a-row\">\n<div class=\"content-grid-col-wrapper override-column-spacing\">\n<div class=\"a-column a-span12 block-content block-type-text textalign-left\">\n<div class=\"content-grid-block\"><\/div>\n<\/div>\n<\/div>\n<\/div>\n<\/div>\n<\/div>\n<\/div>\n<\/div>\n","protected":false},"excerpt":{"rendered":"<p>Responda a su puerta en cualquier momento y en cualquier lugar desde su tel\u00e9fono inteligente con video HD de 1080p para el d\u00eda y la noche por infrarrojos y audio<\/p>\n","protected":false},"featured_media":105165,"comment_status":"open","ping_status":"closed","template":"","meta":{"_acf_changed":false,"_joinchat":[]},"product_brand":[],"product_cat":[442,284,444],"product_tag":[],"class_list":{"0":"post-105164","1":"product","2":"type-product","3":"status-publish","4":"has-post-thumbnail","6":"product_cat-camaras","7":"product_cat-camaras-y-lentes","8":"product_cat-todas-las-camaras-y-lentes","10":"first","11":"instock","12":"sale","13":"shipping-taxable","14":"purchasable","15":"product-type-simple"},"acf":[],"_links":{"self":[{"href":"https:\/\/defabrica.com.mx\/defabrica\/wp-json\/wp\/v2\/product\/105164","targetHints":{"allow":["GET"]}}],"collection":[{"href":"https:\/\/defabrica.com.mx\/defabrica\/wp-json\/wp\/v2\/product"}],"about":[{"href":"https:\/\/defabrica.com.mx\/defabrica\/wp-json\/wp\/v2\/types\/product"}],"replies":[{"embeddable":true,"href":"https:\/\/defabrica.com.mx\/defabrica\/wp-json\/wp\/v2\/comments?post=105164"}],"wp:featuredmedia":[{"embeddable":true,"href":"https:\/\/defabrica.com.mx\/defabrica\/wp-json\/wp\/v2\/media\/105165"}],"wp:attachment":[{"href":"https:\/\/defabrica.com.mx\/defabrica\/wp-json\/wp\/v2\/media?parent=105164"}],"wp:term":[{"taxonomy":"product_brand","embeddable":true,"href":"https:\/\/defabrica.com.mx\/defabrica\/wp-json\/wp\/v2\/product_brand?post=105164"},{"taxonomy":"product_cat","embeddable":true,"href":"https:\/\/defabrica.com.mx\/defabrica\/wp-json\/wp\/v2\/product_cat?post=105164"},{"taxonomy":"product_tag","embeddable":true,"href":"https:\/\/defabrica.com.mx\/defabrica\/wp-json\/wp\/v2\/product_tag?post=105164"}],"curies":[{"name":"wp","href":"https:\/\/api.w.org\/{rel}","templated":true}]}}