{"id":105147,"date":"2023-04-12T14:09:10","date_gmt":"2023-04-12T19:09:10","guid":{"rendered":"https:\/\/defabrica.com.mx\/defabrica\/?post_type=product&#038;p=105147"},"modified":"2023-04-12T14:09:10","modified_gmt":"2023-04-12T19:09:10","slug":"proyector-con-wifi-y-bluetooth-5g-wifi-nativo-1080p-10000l-4k-compatible","status":"publish","type":"product","link":"https:\/\/defabrica.com.mx\/defabrica\/producto\/proyector-con-wifi-y-bluetooth-5g-wifi-nativo-1080p-10000l-4k-compatible\/","title":{"rendered":"Proyector con WiFi y Bluetooth, 5G WiFi nativo 1080P 10000L 4K compatible"},"content":{"rendered":"<ul class=\"a-unordered-list a-vertical a-spacing-mini\">\n<li><span class=\"a-list-item\"><span>[Funci\u00f3n WiFi 5G y Bluetooth 5.1] Gracias a la funci\u00f3n WiFi de doble banda 5G y 2.4G, el proyector con WiFi y Bluetooth disfruta de una velocidad inal\u00e1mbrica m\u00e1s r\u00e1pida, un alcance m\u00e1s amplio y una transmisi\u00f3n m\u00e1s fluida que otros proyectores de banda \u00fanica 2.4G.\u00a0En 5 segundos se conecta con \u00e9xito.\u00a0Con la ayuda del chip Bluetooth 5.1, puede conectar el proyector con el altavoz Bluetooth para mejorar el sonido en una fiesta o entretenimiento al aire libre, ya que ofrece una velocidad r\u00e1pida y estable.<\/span><\/span><\/li>\n<li><span class=\"a-list-item\"><span>[Resoluci\u00f3n Full HD nativa de 1080P] Este proyector de pel\u00edculas proporciona im\u00e1genes HD v\u00edvidas y n\u00edtidas con una resoluci\u00f3n real de 1920&#215;1080 y una relaci\u00f3n de contraste de 10000:1.\u00a0Para que sea perfecto para ver pel\u00edculas, televisi\u00f3n, mostrar fotos y otras decoraciones, el proyector contiene una pantalla de tecnolog\u00eda de calibraci\u00f3n de color 3LCD 9500L.\u00a0Al proporcionar im\u00e1genes claras mientras protege los ojos, este proyector de TV adopta una lente de vidrio de 6 capas de alta refracci\u00f3n y una fuente de luz para el cuidado de los ojos de reflexi\u00f3n difusa.<\/span><\/span><\/li>\n<li><span class=\"a-list-item\"><span>[Funci\u00f3n de zoom y altavoces] Para que disfrute f\u00e1cilmente de la pantalla grande de 30 a 300 pulgadas, este proyector Bluetooth contiene una funci\u00f3n de zoom del 100 % al 50 %.\u00a0Sin altavoces externos, puede disfrutar de un excelente sonido est\u00e9reo con la ayuda de los altavoces est\u00e9reo duales de 3 W integrados con un sistema de sonido SRS.\u00a0Mientras ve videos, no tiene que preocuparse por usar en exceso el proyector 4k o quedarse dormido, ya que tiene un temporizador de apagado autom\u00e1tico.\u00a0Es seguro e inteligente.<\/span><\/span><\/li>\n<li><span class=\"a-list-item\"><span>[M\u00faltiples interfaces y compatibilidad] El proyector WiFi hace que los dispositivos electr\u00f3nicos de su hogar sean m\u00e1s din\u00e1micos y \u00fatiles y es compatible con iPhone, tel\u00e9fono Android, computadora port\u00e1til, PC, tableta, Xbox, TV Stick, Roku, Chromecast, DVD, dispositivo de juegos, unidad USB , altavoz externo, auricular, etc. ya que contiene m\u00faltiples puertos como USB, HDMI, VGA, audio, AV y puertos de tarjeta TF.<\/span><\/span><\/li>\n<li><span class=\"a-list-item\"><span>[Tama\u00f1o port\u00e1til ordenado y varios usos] Este proyector para exteriores pesa solo 3.63 lb, es port\u00e1til y se puede llevar a cualquier lugar como el patio, el jard\u00edn, el garaje, los veh\u00edculos recreativos, el campamento, etc. Una estaci\u00f3n de energ\u00eda port\u00e1til puede alimentar el proyector de video f\u00e1cilmente si usted est\u00e1 usarlo al aire libre (con una pantalla de 100 pulgadas en la caja).\u00a0Es ideal para clases en l\u00ednea, ejercicios de yoga y para ayudar a sastres y pintores a crear obras de arte.<\/span><\/span><\/li>\n<\/ul>\n","protected":false},"excerpt":{"rendered":"<p>[Funci\u00f3n WiFi 5G y Bluetooth 5.1] Gracias a la funci\u00f3n WiFi de doble banda 5G y 2.4G, el proyector con WiFi y Bluetooth disfruta de una velocidad inal\u00e1mbrica m\u00e1s r\u00e1pida,<\/p>\n","protected":false},"featured_media":105148,"comment_status":"open","ping_status":"closed","template":"","meta":{"_acf_changed":false,"_joinchat":[]},"product_brand":[],"product_cat":[277],"product_tag":[],"class_list":{"0":"post-105147","1":"product","2":"type-product","3":"status-publish","4":"has-post-thumbnail","6":"product_cat-zona-gamer","8":"first","9":"instock","10":"sale","11":"shipping-taxable","12":"purchasable","13":"product-type-simple"},"acf":[],"_links":{"self":[{"href":"https:\/\/defabrica.com.mx\/defabrica\/wp-json\/wp\/v2\/product\/105147","targetHints":{"allow":["GET"]}}],"collection":[{"href":"https:\/\/defabrica.com.mx\/defabrica\/wp-json\/wp\/v2\/product"}],"about":[{"href":"https:\/\/defabrica.com.mx\/defabrica\/wp-json\/wp\/v2\/types\/product"}],"replies":[{"embeddable":true,"href":"https:\/\/defabrica.com.mx\/defabrica\/wp-json\/wp\/v2\/comments?post=105147"}],"wp:featuredmedia":[{"embeddable":true,"href":"https:\/\/defabrica.com.mx\/defabrica\/wp-json\/wp\/v2\/media\/105148"}],"wp:attachment":[{"href":"https:\/\/defabrica.com.mx\/defabrica\/wp-json\/wp\/v2\/media?parent=105147"}],"wp:term":[{"taxonomy":"product_brand","embeddable":true,"href":"https:\/\/defabrica.com.mx\/defabrica\/wp-json\/wp\/v2\/product_brand?post=105147"},{"taxonomy":"product_cat","embeddable":true,"href":"https:\/\/defabrica.com.mx\/defabrica\/wp-json\/wp\/v2\/product_cat?post=105147"},{"taxonomy":"product_tag","embeddable":true,"href":"https:\/\/defabrica.com.mx\/defabrica\/wp-json\/wp\/v2\/product_tag?post=105147"}],"curies":[{"name":"wp","href":"https:\/\/api.w.org\/{rel}","templated":true}]}}