{"id":105035,"date":"2023-03-14T16:07:14","date_gmt":"2023-03-14T22:07:14","guid":{"rendered":"https:\/\/defabrica.com.mx\/defabrica\/?post_type=product&#038;p=105035"},"modified":"2023-03-14T16:07:14","modified_gmt":"2023-03-14T22:07:14","slug":"mueble-comoda-industrial-6-cajones-boulevard","status":"publish","type":"product","link":"https:\/\/defabrica.com.mx\/defabrica\/producto\/mueble-comoda-industrial-6-cajones-boulevard\/","title":{"rendered":"Mueble C\u00f3moda Industrial 6 Cajones Boulevard"},"content":{"rendered":"<p>Esta c\u00f3moda de madera cuenta con 6 cajones grandes perfectos para guardar todos los elementos esenciales de su guardarropa: blusas, mezclilla, pantalones deportivos y m\u00e1s. Los mangos elegantes y apenas visibles mejoran el dise\u00f1o minimalista sin dejar de ser funcionales. La gran superficie superior de esta c\u00f3moda con cajones le permite exhibir una l\u00e1mpara de acento, su colonia o perfume, o su planta favorita. Un marco de metal duradero con recubrimiento de polvo en negro, l\u00edneas duras y detalles en Vintage Oak hacen de esta c\u00f3moda de dormitorio un sue\u00f1o para los conocedores de muebles modernos de mediados de siglo.<\/p>\n<p>Listo para Armar, Fabricado en Paneles de Madera industrializada (MDP Y MDF) con acabados en melamina, para uso exclusivo de interiores.<br \/>\nLimpiar con pa\u00f1o seco, no usar solventes ni abrasivos<\/p>\n<p>\u201cREQUIERE EMSAMBLAJE POR PARTE DEL CLIENTE, INCLUYE MANUAL DE ARMADO Y TORNILLERIA NECESARIA, NO INCLUYE ACCESORIOS DE DECORACION.\u201d<br \/>\nL\u00ednea exclusiva de Muebles para armar (RTA), Fabricado en USA, ofrecen bienestar en el mueble de forma creativa, siempre en armon\u00eda con el consumidor y el medio ambiente, muebles de calidad con dise\u00f1o moderno.<\/p>\n","protected":false},"excerpt":{"rendered":"<p>Esta c\u00f3moda de madera cuenta con 6 cajones grandes perfectos para guardar todos los elementos esenciales de su guardarropa: blusas, mezclilla, pantalones deportivos y m\u00e1s. Los mangos elegantes y apenas<\/p>\n","protected":false},"featured_media":105036,"comment_status":"open","ping_status":"closed","template":"","meta":{"_acf_changed":false,"_joinchat":[]},"product_brand":[],"product_cat":[1823,1829,1824],"product_tag":[],"class_list":{"0":"post-105035","1":"product","2":"type-product","3":"status-publish","4":"has-post-thumbnail","6":"product_cat-muebles","7":"product_cat-muebles-almacenar","8":"product_cat-muebles-hogar","10":"first","11":"instock","12":"sale","13":"shipping-taxable","14":"purchasable","15":"product-type-simple"},"acf":[],"_links":{"self":[{"href":"https:\/\/defabrica.com.mx\/defabrica\/wp-json\/wp\/v2\/product\/105035","targetHints":{"allow":["GET"]}}],"collection":[{"href":"https:\/\/defabrica.com.mx\/defabrica\/wp-json\/wp\/v2\/product"}],"about":[{"href":"https:\/\/defabrica.com.mx\/defabrica\/wp-json\/wp\/v2\/types\/product"}],"replies":[{"embeddable":true,"href":"https:\/\/defabrica.com.mx\/defabrica\/wp-json\/wp\/v2\/comments?post=105035"}],"wp:featuredmedia":[{"embeddable":true,"href":"https:\/\/defabrica.com.mx\/defabrica\/wp-json\/wp\/v2\/media\/105036"}],"wp:attachment":[{"href":"https:\/\/defabrica.com.mx\/defabrica\/wp-json\/wp\/v2\/media?parent=105035"}],"wp:term":[{"taxonomy":"product_brand","embeddable":true,"href":"https:\/\/defabrica.com.mx\/defabrica\/wp-json\/wp\/v2\/product_brand?post=105035"},{"taxonomy":"product_cat","embeddable":true,"href":"https:\/\/defabrica.com.mx\/defabrica\/wp-json\/wp\/v2\/product_cat?post=105035"},{"taxonomy":"product_tag","embeddable":true,"href":"https:\/\/defabrica.com.mx\/defabrica\/wp-json\/wp\/v2\/product_tag?post=105035"}],"curies":[{"name":"wp","href":"https:\/\/api.w.org\/{rel}","templated":true}]}}