{"id":105030,"date":"2023-03-14T16:05:31","date_gmt":"2023-03-14T22:05:31","guid":{"rendered":"https:\/\/defabrica.com.mx\/defabrica\/?post_type=product&#038;p=105030"},"modified":"2023-03-14T16:05:31","modified_gmt":"2023-03-14T22:05:31","slug":"mueble-ropero-8-puertas-linea-munique","status":"publish","type":"product","link":"https:\/\/defabrica.com.mx\/defabrica\/producto\/mueble-ropero-8-puertas-linea-munique\/","title":{"rendered":"Mueble Ropero 8 Puertas Linea Munique"},"content":{"rendered":"<p><main id=\"root-app\" role=\"main\"><\/p>\n<div class=\"ui-vip-core\">\n<div class=\"ui-pdp-container ui-pdp-container--pdp shops-pdp-container\">\n<div id=\"ui-pdp-main-container\" class=\"ui-pdp-container__row ui-pdp-container__row--reverse ui-pdp--relative  pb-40\">\n<div class=\"ui-pdp-container__col col-2 ui-pdp-container--column-left pb-40 shops-pdp-container--column-left\">\n<div class=\"ui-pdp-container__col col-1 ui-vip-core-container--content-left\">\n<div id=\"description\" class=\"ui-pdp-container__row ui-pdp-container__row--description\">\n<div class=\"ui-pdp-description\">\n<p class=\"ui-pdp-description__content\">Ropero con 8 puertas, Color \u00c9bano , 2 cajones, 5 compartimientos amplios y 3 tubos para colgar prendas. Incluye manual paso a paso para ayudarlo en el proceso de ensamblaje.<\/p>\n<p>ofrecen bienestar en el mueble de forma creativa, flexible y rentable, siempre en armon\u00eda con el consumidor y el medio ambiente, muebles de calidad con dise\u00f1o moderno.<br \/>\nDale a tu hogar un toque especial con este Mueble de dise\u00f1o \u00fanico, Fabricado con panel de madera industrializada de 12 mm y acabado con Pintura UV y Laca Poliuretano.<br \/>\nMuebles f\u00e1ciles de armar que Combinan con su estilo y su manera de vivir.<br \/>\nLa limpieza debe realizarse con un pa\u00f1o suave o una franela seca para la retirada del polvo y una vez al mes una limpieza con el mismo tipo de pa\u00f1o suave, o franela, humedecido, sec\u00e1ndose enseguida para evitar la absorci\u00f3n y humedad.<\/p>\n<\/div>\n<\/div>\n<div class=\"ui-pdp-container__col col-3\"><\/div>\n<\/div>\n<\/div>\n<\/div>\n<\/div>\n<div><\/div>\n<\/div>\n<p><\/main><\/p>\n<div>\n<footer>\n<div class=\"fashion-nav-footer-contact\">\n<div class=\"fashion-nav-footer-contact__content header--custom-background\">\n<div class=\"nav-bounds nav-bounds--contact\">\n<div class=\"fashion-nav-footer__brand-col header--custom-text\"><\/div>\n<\/div>\n<\/div>\n<\/div>\n<\/footer>\n<\/div>\n","protected":false},"excerpt":{"rendered":"<p>Ropero con 8 puertas, Color \u00c9bano , 2 cajones, 5 compartimientos amplios y 3 tubos para colgar prendas. Incluye manual paso a paso para ayudarlo en el proceso de ensamblaje.<\/p>\n","protected":false},"featured_media":105031,"comment_status":"open","ping_status":"closed","template":"","meta":{"_acf_changed":false,"_joinchat":[]},"product_brand":[],"product_cat":[1823,1829,1824],"product_tag":[],"class_list":{"0":"post-105030","1":"product","2":"type-product","3":"status-publish","4":"has-post-thumbnail","6":"product_cat-muebles","7":"product_cat-muebles-almacenar","8":"product_cat-muebles-hogar","10":"first","11":"instock","12":"sale","13":"shipping-taxable","14":"purchasable","15":"product-type-simple"},"acf":[],"_links":{"self":[{"href":"https:\/\/defabrica.com.mx\/defabrica\/wp-json\/wp\/v2\/product\/105030","targetHints":{"allow":["GET"]}}],"collection":[{"href":"https:\/\/defabrica.com.mx\/defabrica\/wp-json\/wp\/v2\/product"}],"about":[{"href":"https:\/\/defabrica.com.mx\/defabrica\/wp-json\/wp\/v2\/types\/product"}],"replies":[{"embeddable":true,"href":"https:\/\/defabrica.com.mx\/defabrica\/wp-json\/wp\/v2\/comments?post=105030"}],"wp:featuredmedia":[{"embeddable":true,"href":"https:\/\/defabrica.com.mx\/defabrica\/wp-json\/wp\/v2\/media\/105031"}],"wp:attachment":[{"href":"https:\/\/defabrica.com.mx\/defabrica\/wp-json\/wp\/v2\/media?parent=105030"}],"wp:term":[{"taxonomy":"product_brand","embeddable":true,"href":"https:\/\/defabrica.com.mx\/defabrica\/wp-json\/wp\/v2\/product_brand?post=105030"},{"taxonomy":"product_cat","embeddable":true,"href":"https:\/\/defabrica.com.mx\/defabrica\/wp-json\/wp\/v2\/product_cat?post=105030"},{"taxonomy":"product_tag","embeddable":true,"href":"https:\/\/defabrica.com.mx\/defabrica\/wp-json\/wp\/v2\/product_tag?post=105030"}],"curies":[{"name":"wp","href":"https:\/\/api.w.org\/{rel}","templated":true}]}}