{"id":105015,"date":"2023-03-14T15:59:44","date_gmt":"2023-03-14T21:59:44","guid":{"rendered":"https:\/\/defabrica.com.mx\/defabrica\/?post_type=product&#038;p=105015"},"modified":"2023-03-14T15:59:44","modified_gmt":"2023-03-14T21:59:44","slug":"mueble-ropero-3-puertas-linea-prince","status":"publish","type":"product","link":"https:\/\/defabrica.com.mx\/defabrica\/producto\/mueble-ropero-3-puertas-linea-prince\/","title":{"rendered":"Mueble Ropero 3 Puertas Linea Prince"},"content":{"rendered":"<p>ofrecen bienestar en el mueble de forma creativa, flexible y rentable, siempre en armon\u00eda con el consumidor y el medio ambiente, muebles de calidad con dise\u00f1o moderno.<\/p>\n<p>Dale a tu hogar un toque especial con este Mueble de dise\u00f1o \u00fanico, Fabricado con panel de madera industrializada de 12 mm y acabado con Pintura UV y Laca Poliuretano<\/p>\n<p>Muebles que Combinan con su estilo y su manera de vivir. El armado es de dificultad medio debido al tipo de mueble y cantidad de piezas.<br \/>\nLa limpieza debe realizarse con un pa\u00f1o suave o una franela seca para la retirada del polvo y una vez al mes una limpieza con el mismo tipo de pa\u00f1o suave, o franela, humedecido, sec\u00e1ndose enseguida para evitar la absorci\u00f3n y humedad.<\/p>\n","protected":false},"excerpt":{"rendered":"<p>ofrecen bienestar en el mueble de forma creativa, flexible y rentable, siempre en armon\u00eda con el consumidor y el medio ambiente, muebles de calidad con dise\u00f1o moderno. Dale a tu<\/p>\n","protected":false},"featured_media":105016,"comment_status":"open","ping_status":"closed","template":"","meta":{"_acf_changed":false,"_joinchat":[]},"product_brand":[],"product_cat":[1823,1829,1824],"product_tag":[],"class_list":{"0":"post-105015","1":"product","2":"type-product","3":"status-publish","4":"has-post-thumbnail","6":"product_cat-muebles","7":"product_cat-muebles-almacenar","8":"product_cat-muebles-hogar","10":"first","11":"instock","12":"sale","13":"shipping-taxable","14":"purchasable","15":"product-type-simple"},"acf":[],"_links":{"self":[{"href":"https:\/\/defabrica.com.mx\/defabrica\/wp-json\/wp\/v2\/product\/105015","targetHints":{"allow":["GET"]}}],"collection":[{"href":"https:\/\/defabrica.com.mx\/defabrica\/wp-json\/wp\/v2\/product"}],"about":[{"href":"https:\/\/defabrica.com.mx\/defabrica\/wp-json\/wp\/v2\/types\/product"}],"replies":[{"embeddable":true,"href":"https:\/\/defabrica.com.mx\/defabrica\/wp-json\/wp\/v2\/comments?post=105015"}],"wp:featuredmedia":[{"embeddable":true,"href":"https:\/\/defabrica.com.mx\/defabrica\/wp-json\/wp\/v2\/media\/105016"}],"wp:attachment":[{"href":"https:\/\/defabrica.com.mx\/defabrica\/wp-json\/wp\/v2\/media?parent=105015"}],"wp:term":[{"taxonomy":"product_brand","embeddable":true,"href":"https:\/\/defabrica.com.mx\/defabrica\/wp-json\/wp\/v2\/product_brand?post=105015"},{"taxonomy":"product_cat","embeddable":true,"href":"https:\/\/defabrica.com.mx\/defabrica\/wp-json\/wp\/v2\/product_cat?post=105015"},{"taxonomy":"product_tag","embeddable":true,"href":"https:\/\/defabrica.com.mx\/defabrica\/wp-json\/wp\/v2\/product_tag?post=105015"}],"curies":[{"name":"wp","href":"https:\/\/api.w.org\/{rel}","templated":true}]}}