{"id":104981,"date":"2023-03-11T15:57:42","date_gmt":"2023-03-11T21:57:42","guid":{"rendered":"https:\/\/defabrica.com.mx\/defabrica\/?post_type=product&#038;p=104981"},"modified":"2023-03-11T15:57:42","modified_gmt":"2023-03-11T21:57:42","slug":"mueble-escritorio-ejecutivo-p-laptop","status":"publish","type":"product","link":"https:\/\/defabrica.com.mx\/defabrica\/producto\/mueble-escritorio-ejecutivo-p-laptop\/","title":{"rendered":"Mueble Escritorio Ejecutivo P\/laptop"},"content":{"rendered":"<p>Este escritorio de oficina en casa tiene una superficie y estantes resistentes de 1\u201d de grosor. Su espaciosa superficie superior le brinda espacio para todos los elementos esenciales de su escritorio, como su computadora port\u00e1til, pilas de carpetas, su colecci\u00f3n de cuadernos y una taza de caf\u00e9 caliente. Los estantes abiertos ofrecen un espacio conveniente para guardar carpetas y carpetas o exhibir la decoraci\u00f3n del hogar como plantas decorativas y fotos enmarcadas. Tiene un lugar para todas tus cosas. Este escritorio con estantes abiertos ofrece un montaje sencillo que no requiere herramientas. Tiene un acabado en todos los lados, por lo que se ver\u00e1 bien sin importar d\u00f3nde se encuentre en su hogar. Acabado en Sindoori Mango.<\/p>\n<p>Listo para Armar, Fabricado en Paneles de Madera industrializada (MDP Y MDF) con acabados en melamina, para uso exclusivo de interiores.<\/p>\n<p>Limpiar con pa\u00f1o seco, no usar solventes ni abrasivos<\/p>\n<p>\u201cREQUIERE EMSAMBLAJE POR PARTE DEL CLIENTE, INCLUYE MANUAL DE ARMADO Y TORNILLERIA NECESARIA, NO INCLUYE ACCESORIOS DE DECORACION.\u201d<\/p>\n","protected":false},"excerpt":{"rendered":"<p>Este escritorio de oficina en casa tiene una superficie y estantes resistentes de 1\u201d de grosor. Su espaciosa superficie superior le brinda espacio para todos los elementos esenciales de su<\/p>\n","protected":false},"featured_media":104983,"comment_status":"open","ping_status":"closed","template":"","meta":{"_acf_changed":false,"_joinchat":[]},"product_brand":[],"product_cat":[1827,1823,1824],"product_tag":[],"class_list":{"0":"post-104981","1":"product","2":"type-product","3":"status-publish","4":"has-post-thumbnail","6":"product_cat-escritorios","7":"product_cat-muebles","8":"product_cat-muebles-hogar","10":"first","11":"instock","12":"sale","13":"shipping-taxable","14":"purchasable","15":"product-type-simple"},"acf":[],"_links":{"self":[{"href":"https:\/\/defabrica.com.mx\/defabrica\/wp-json\/wp\/v2\/product\/104981","targetHints":{"allow":["GET"]}}],"collection":[{"href":"https:\/\/defabrica.com.mx\/defabrica\/wp-json\/wp\/v2\/product"}],"about":[{"href":"https:\/\/defabrica.com.mx\/defabrica\/wp-json\/wp\/v2\/types\/product"}],"replies":[{"embeddable":true,"href":"https:\/\/defabrica.com.mx\/defabrica\/wp-json\/wp\/v2\/comments?post=104981"}],"wp:featuredmedia":[{"embeddable":true,"href":"https:\/\/defabrica.com.mx\/defabrica\/wp-json\/wp\/v2\/media\/104983"}],"wp:attachment":[{"href":"https:\/\/defabrica.com.mx\/defabrica\/wp-json\/wp\/v2\/media?parent=104981"}],"wp:term":[{"taxonomy":"product_brand","embeddable":true,"href":"https:\/\/defabrica.com.mx\/defabrica\/wp-json\/wp\/v2\/product_brand?post=104981"},{"taxonomy":"product_cat","embeddable":true,"href":"https:\/\/defabrica.com.mx\/defabrica\/wp-json\/wp\/v2\/product_cat?post=104981"},{"taxonomy":"product_tag","embeddable":true,"href":"https:\/\/defabrica.com.mx\/defabrica\/wp-json\/wp\/v2\/product_tag?post=104981"}],"curies":[{"name":"wp","href":"https:\/\/api.w.org\/{rel}","templated":true}]}}