{"id":104966,"date":"2023-03-11T15:52:23","date_gmt":"2023-03-11T21:52:23","guid":{"rendered":"https:\/\/defabrica.com.mx\/defabrica\/?post_type=product&#038;p=104966"},"modified":"2023-03-11T15:52:23","modified_gmt":"2023-03-11T21:52:23","slug":"mueble-escritorio-p-computadora-en-l-beginnings","status":"publish","type":"product","link":"https:\/\/defabrica.com.mx\/defabrica\/producto\/mueble-escritorio-p-computadora-en-l-beginnings\/","title":{"rendered":"Mueble Escritorio P\/computadora En L Beginnings"},"content":{"rendered":"<p>Este escritorio de oficina en casa ofrece una superficie superior espaciosa que le brinda el espacio que necesita para art\u00edculos como su computadora port\u00e1til, carpetas de trabajo y blocs de notas. Incluso tiene mucho espacio para art\u00edculos de decoraci\u00f3n del hogar como una l\u00e1mpara de mesa y fotos enmarcadas. El caj\u00f3n de archivos inferior con diapositivas de extensi\u00f3n completa puede contener archivos colgantes de tama\u00f1o carta para aumentar las opciones de organizaci\u00f3n. El estante abierto le proporciona espacio de almacenamiento adicional para otros suministros de oficina esenciales y f\u00e1ciles de encontrar. Este peque\u00f1o escritorio de oficina tiene un acabado en todos los lados, por lo que se ver\u00e1 genial desde cualquier \u00e1ngulo.<\/p>\n<p>Listo para Armar, Fabricado en Paneles de Madera industrializada (MDP Y MDF) con acabados en melamina, para uso exclusivo de interiores.<\/p>\n<p>Limpiar con pa\u00f1o seco, no usar solventes ni abrasivos<\/p>\n<p>\u201cREQUIERE EMSAMBLAJE POR PARTE DEL CLIENTE, INCLUYE MANUAL DE ARMADO Y TORNILLERIA NECESARIA, NO INCLUYE ACCESORIOS DE DECORACION.\u201d<\/p>\n","protected":false},"excerpt":{"rendered":"<p>Este escritorio de oficina en casa ofrece una superficie superior espaciosa que le brinda el espacio que necesita para art\u00edculos como su computadora port\u00e1til, carpetas de trabajo y blocs de<\/p>\n","protected":false},"featured_media":104967,"comment_status":"open","ping_status":"closed","template":"","meta":{"_acf_changed":false,"_joinchat":[]},"product_brand":[],"product_cat":[1827,1823,1824],"product_tag":[],"class_list":{"0":"post-104966","1":"product","2":"type-product","3":"status-publish","4":"has-post-thumbnail","6":"product_cat-escritorios","7":"product_cat-muebles","8":"product_cat-muebles-hogar","10":"first","11":"instock","12":"sale","13":"shipping-taxable","14":"purchasable","15":"product-type-simple"},"acf":[],"_links":{"self":[{"href":"https:\/\/defabrica.com.mx\/defabrica\/wp-json\/wp\/v2\/product\/104966","targetHints":{"allow":["GET"]}}],"collection":[{"href":"https:\/\/defabrica.com.mx\/defabrica\/wp-json\/wp\/v2\/product"}],"about":[{"href":"https:\/\/defabrica.com.mx\/defabrica\/wp-json\/wp\/v2\/types\/product"}],"replies":[{"embeddable":true,"href":"https:\/\/defabrica.com.mx\/defabrica\/wp-json\/wp\/v2\/comments?post=104966"}],"wp:featuredmedia":[{"embeddable":true,"href":"https:\/\/defabrica.com.mx\/defabrica\/wp-json\/wp\/v2\/media\/104967"}],"wp:attachment":[{"href":"https:\/\/defabrica.com.mx\/defabrica\/wp-json\/wp\/v2\/media?parent=104966"}],"wp:term":[{"taxonomy":"product_brand","embeddable":true,"href":"https:\/\/defabrica.com.mx\/defabrica\/wp-json\/wp\/v2\/product_brand?post=104966"},{"taxonomy":"product_cat","embeddable":true,"href":"https:\/\/defabrica.com.mx\/defabrica\/wp-json\/wp\/v2\/product_cat?post=104966"},{"taxonomy":"product_tag","embeddable":true,"href":"https:\/\/defabrica.com.mx\/defabrica\/wp-json\/wp\/v2\/product_tag?post=104966"}],"curies":[{"name":"wp","href":"https:\/\/api.w.org\/{rel}","templated":true}]}}