{"id":104954,"date":"2023-03-11T15:48:40","date_gmt":"2023-03-11T21:48:40","guid":{"rendered":"https:\/\/defabrica.com.mx\/defabrica\/?post_type=product&#038;p=104954"},"modified":"2023-03-11T15:48:40","modified_gmt":"2023-03-11T21:48:40","slug":"mueble-escritorio-con-cajones","status":"publish","type":"product","link":"https:\/\/defabrica.com.mx\/defabrica\/producto\/mueble-escritorio-con-cajones\/","title":{"rendered":"Mueble Escritorio Con Cajones"},"content":{"rendered":"<p>Mueble para Armar Importado RTA (Ready to Assemble).<br \/>\nRequiere ensamblado.<\/p>\n<p>Incluye todos los tornillos, herrajes e instructivo en espa\u00f1ol.<br \/>\nNo incluye los art\u00edculos de decoraci\u00f3n ni los accesorios.<\/p>\n","protected":false},"excerpt":{"rendered":"<p>Mueble para Armar Importado RTA (Ready to Assemble). Requiere ensamblado. Incluye todos los tornillos, herrajes e instructivo en espa\u00f1ol. No incluye los art\u00edculos de decoraci\u00f3n ni los accesorios.<\/p>\n","protected":false},"featured_media":104955,"comment_status":"open","ping_status":"closed","template":"","meta":{"_acf_changed":false,"_joinchat":[]},"product_brand":[],"product_cat":[1827,1823,1824],"product_tag":[],"class_list":{"0":"post-104954","1":"product","2":"type-product","3":"status-publish","4":"has-post-thumbnail","6":"product_cat-escritorios","7":"product_cat-muebles","8":"product_cat-muebles-hogar","10":"first","11":"instock","12":"sale","13":"shipping-taxable","14":"purchasable","15":"product-type-simple"},"acf":[],"_links":{"self":[{"href":"https:\/\/defabrica.com.mx\/defabrica\/wp-json\/wp\/v2\/product\/104954","targetHints":{"allow":["GET"]}}],"collection":[{"href":"https:\/\/defabrica.com.mx\/defabrica\/wp-json\/wp\/v2\/product"}],"about":[{"href":"https:\/\/defabrica.com.mx\/defabrica\/wp-json\/wp\/v2\/types\/product"}],"replies":[{"embeddable":true,"href":"https:\/\/defabrica.com.mx\/defabrica\/wp-json\/wp\/v2\/comments?post=104954"}],"wp:featuredmedia":[{"embeddable":true,"href":"https:\/\/defabrica.com.mx\/defabrica\/wp-json\/wp\/v2\/media\/104955"}],"wp:attachment":[{"href":"https:\/\/defabrica.com.mx\/defabrica\/wp-json\/wp\/v2\/media?parent=104954"}],"wp:term":[{"taxonomy":"product_brand","embeddable":true,"href":"https:\/\/defabrica.com.mx\/defabrica\/wp-json\/wp\/v2\/product_brand?post=104954"},{"taxonomy":"product_cat","embeddable":true,"href":"https:\/\/defabrica.com.mx\/defabrica\/wp-json\/wp\/v2\/product_cat?post=104954"},{"taxonomy":"product_tag","embeddable":true,"href":"https:\/\/defabrica.com.mx\/defabrica\/wp-json\/wp\/v2\/product_tag?post=104954"}],"curies":[{"name":"wp","href":"https:\/\/api.w.org\/{rel}","templated":true}]}}