{"id":104943,"date":"2023-03-11T15:42:20","date_gmt":"2023-03-11T21:42:20","guid":{"rendered":"https:\/\/defabrica.com.mx\/defabrica\/?post_type=product&#038;p=104943"},"modified":"2023-03-11T15:42:21","modified_gmt":"2023-03-11T21:42:21","slug":"mueble-escritorio-artesano-estilo-industrial","status":"publish","type":"product","link":"https:\/\/defabrica.com.mx\/defabrica\/producto\/mueble-escritorio-artesano-estilo-industrial\/","title":{"rendered":"Mueble Escritorio Artesano Estilo Industrial"},"content":{"rendered":"<p><main id=\"root-app\" role=\"main\"><\/p>\n<div class=\"ui-vip-core\">\n<div class=\"ui-pdp-container ui-pdp-container--pdp shops-pdp-container\">\n<div id=\"ui-pdp-main-container\" class=\"ui-pdp-container__row ui-pdp-container__row--reverse ui-pdp--relative  pb-40\">\n<div class=\"ui-pdp-container__col col-2 ui-pdp-container--column-left pb-40 shops-pdp-container--column-left\">\n<div class=\"ui-pdp-container__col col-1 ui-vip-core-container--content-left\">\n<div id=\"description\" class=\"ui-pdp-container__row ui-pdp-container__row--description\">\n<div class=\"ui-pdp-description\">\n<p class=\"ui-pdp-description__content\">Mueble para Armar Marca Artesano Modelo 27873-VNDescripci\u00f3nEscritorio estilo industrial. Tapa maderada com revestimiento estilo rustico. Estructura metalica hecha de tubo de acero redondo con 15mm de diametro, revestimiento en pintura epoxi. Las patas poseen zapata plastica de protecci\u00f3n.<br \/>\nListo para Armar, Fabricado en Paneles de Madera industrializada (MDP Y MDF)Limpiar con pa\u00f1o seco, no usar solventes ni abrasivos\u201cREQUIERE EMSAMBLAJE POR PARTE DEL CLIENTE, INCLUYE MANUAL DE ARMADO Y TORNILLERIA NECESARIA, NO INCLUYE ACCESORIOS DE DECORACION.\u201d<br \/>\nL\u00ednea exclusiva de Muebles para armar (RTA), ofrecen bienestar en el mueble de forma creativa, siempre en armon\u00eda con el consumidor y el medio ambiente, muebles de calidad con dise\u00f1o moderno.<\/p>\n<\/div>\n<\/div>\n<div class=\"ui-pdp-container__col col-3\"><\/div>\n<\/div>\n<\/div>\n<\/div>\n<\/div>\n<div><\/div>\n<\/div>\n<p><\/main><\/p>\n<div>\n<footer>\n<div class=\"fashion-nav-footer-contact\">\n<div class=\"fashion-nav-footer-contact__content header--custom-background\">\n<div class=\"nav-bounds nav-bounds--contact\">\n<div class=\"fashion-nav-footer__brand-col header--custom-text\"><\/div>\n<\/div>\n<\/div>\n<\/div>\n<\/footer>\n<\/div>\n","protected":false},"excerpt":{"rendered":"<p>Mueble para Armar Marca Artesano Modelo 27873-VNDescripci\u00f3nEscritorio estilo industrial. Tapa maderada com revestimiento estilo rustico. Estructura metalica hecha de tubo de acero redondo con 15mm de diametro, revestimiento en pintura<\/p>\n","protected":false},"featured_media":104946,"comment_status":"open","ping_status":"closed","template":"","meta":{"_acf_changed":false,"_joinchat":[]},"product_brand":[],"product_cat":[1827,1823,1824],"product_tag":[],"class_list":{"0":"post-104943","1":"product","2":"type-product","3":"status-publish","4":"has-post-thumbnail","6":"product_cat-escritorios","7":"product_cat-muebles","8":"product_cat-muebles-hogar","10":"first","11":"instock","12":"sale","13":"shipping-taxable","14":"purchasable","15":"product-type-simple"},"acf":[],"_links":{"self":[{"href":"https:\/\/defabrica.com.mx\/defabrica\/wp-json\/wp\/v2\/product\/104943","targetHints":{"allow":["GET"]}}],"collection":[{"href":"https:\/\/defabrica.com.mx\/defabrica\/wp-json\/wp\/v2\/product"}],"about":[{"href":"https:\/\/defabrica.com.mx\/defabrica\/wp-json\/wp\/v2\/types\/product"}],"replies":[{"embeddable":true,"href":"https:\/\/defabrica.com.mx\/defabrica\/wp-json\/wp\/v2\/comments?post=104943"}],"wp:featuredmedia":[{"embeddable":true,"href":"https:\/\/defabrica.com.mx\/defabrica\/wp-json\/wp\/v2\/media\/104946"}],"wp:attachment":[{"href":"https:\/\/defabrica.com.mx\/defabrica\/wp-json\/wp\/v2\/media?parent=104943"}],"wp:term":[{"taxonomy":"product_brand","embeddable":true,"href":"https:\/\/defabrica.com.mx\/defabrica\/wp-json\/wp\/v2\/product_brand?post=104943"},{"taxonomy":"product_cat","embeddable":true,"href":"https:\/\/defabrica.com.mx\/defabrica\/wp-json\/wp\/v2\/product_cat?post=104943"},{"taxonomy":"product_tag","embeddable":true,"href":"https:\/\/defabrica.com.mx\/defabrica\/wp-json\/wp\/v2\/product_tag?post=104943"}],"curies":[{"name":"wp","href":"https:\/\/api.w.org\/{rel}","templated":true}]}}