{"id":104931,"date":"2023-03-11T15:37:41","date_gmt":"2023-03-11T21:37:41","guid":{"rendered":"https:\/\/defabrica.com.mx\/defabrica\/?post_type=product&#038;p=104931"},"modified":"2023-03-11T15:37:41","modified_gmt":"2023-03-11T21:37:41","slug":"mueble-escritorio-para-pc-sauder-color-gris-cafe","status":"publish","type":"product","link":"https:\/\/defabrica.com.mx\/defabrica\/producto\/mueble-escritorio-para-pc-sauder-color-gris-cafe\/","title":{"rendered":"Mueble Escritorio Para Pc Sauder Color Gris\/cafe"},"content":{"rendered":"<p>Este escritorio de dise\u00f1o simple ofrece una superficie superior espaciosa que le brinda todo el espacio que necesita para sus elementos esenciales de escritorio, como su computadora port\u00e1til, una colecci\u00f3n de blocs de notas, su taza de caf\u00e9 e incluso una l\u00e1mpara decorativa encantadora. Tambi\u00e9n cuenta con dos estantes abiertos grandes que son ideales para el almacenamiento de f\u00e1cil acceso de art\u00edculos como carpetas de trabajo, libros, contenedores de organizaci\u00f3n e incluso un poco de decoraci\u00f3n para el hogar. Tiene un acabado en todos los lados para una ubicaci\u00f3n vers\u00e1til en cualquier habitaci\u00f3n de su hogar, en la oficina de su hogar o en la sala de estar. Agrega un hermoso estilo y dise\u00f1o sin importar d\u00f3nde se encuentre.<\/p>\n<p>Listo para Armar, Fabricado en Paneles de Madera industrializada (MDP Y MDF) con acabados en melamina, para uso exclusivo de interiores.<br \/>\nLimpiar con pa\u00f1o seco, no usar solventes ni abrasivos<\/p>\n<p>\u201cREQUIERE EMSAMBLAJE POR PARTE DEL CLIENTE, INCLUYE MANUAL DE ARMADO Y TORNILLERIA NECESARIA, NO INCLUYE ACCESORIOS DE DECORACION.\u201d<\/p>\n","protected":false},"excerpt":{"rendered":"<p>Este escritorio de dise\u00f1o simple ofrece una superficie superior espaciosa que le brinda todo el espacio que necesita para sus elementos esenciales de escritorio, como su computadora port\u00e1til, una colecci\u00f3n<\/p>\n","protected":false},"featured_media":104933,"comment_status":"open","ping_status":"closed","template":"","meta":{"_acf_changed":false,"_joinchat":[]},"product_brand":[],"product_cat":[1827,1823,1824],"product_tag":[],"class_list":{"0":"post-104931","1":"product","2":"type-product","3":"status-publish","4":"has-post-thumbnail","6":"product_cat-escritorios","7":"product_cat-muebles","8":"product_cat-muebles-hogar","10":"first","11":"instock","12":"sale","13":"shipping-taxable","14":"purchasable","15":"product-type-simple"},"acf":[],"_links":{"self":[{"href":"https:\/\/defabrica.com.mx\/defabrica\/wp-json\/wp\/v2\/product\/104931","targetHints":{"allow":["GET"]}}],"collection":[{"href":"https:\/\/defabrica.com.mx\/defabrica\/wp-json\/wp\/v2\/product"}],"about":[{"href":"https:\/\/defabrica.com.mx\/defabrica\/wp-json\/wp\/v2\/types\/product"}],"replies":[{"embeddable":true,"href":"https:\/\/defabrica.com.mx\/defabrica\/wp-json\/wp\/v2\/comments?post=104931"}],"wp:featuredmedia":[{"embeddable":true,"href":"https:\/\/defabrica.com.mx\/defabrica\/wp-json\/wp\/v2\/media\/104933"}],"wp:attachment":[{"href":"https:\/\/defabrica.com.mx\/defabrica\/wp-json\/wp\/v2\/media?parent=104931"}],"wp:term":[{"taxonomy":"product_brand","embeddable":true,"href":"https:\/\/defabrica.com.mx\/defabrica\/wp-json\/wp\/v2\/product_brand?post=104931"},{"taxonomy":"product_cat","embeddable":true,"href":"https:\/\/defabrica.com.mx\/defabrica\/wp-json\/wp\/v2\/product_cat?post=104931"},{"taxonomy":"product_tag","embeddable":true,"href":"https:\/\/defabrica.com.mx\/defabrica\/wp-json\/wp\/v2\/product_tag?post=104931"}],"curies":[{"name":"wp","href":"https:\/\/api.w.org\/{rel}","templated":true}]}}