{"id":104905,"date":"2023-03-11T15:15:39","date_gmt":"2023-03-11T21:15:39","guid":{"rendered":"https:\/\/defabrica.com.mx\/defabrica\/?post_type=product&#038;p=104905"},"modified":"2023-03-11T15:15:39","modified_gmt":"2023-03-11T21:15:39","slug":"mueble-escritorio-en-l-moderno-c-cajones-radial","status":"publish","type":"product","link":"https:\/\/defabrica.com.mx\/defabrica\/producto\/mueble-escritorio-en-l-moderno-c-cajones-radial\/","title":{"rendered":"Mueble Escritorio En L Moderno C\/cajones Radial"},"content":{"rendered":"<p>Escritorio de metal y madera cuenta con un caj\u00f3n de almacenamiento con gu\u00edas de metal y topes de seguridad para guardar los elementos esenciales de su escritorio como bol\u00edgrafos, papel y su engrapadora. El caj\u00f3n inferior de este escritorio de oficina en casa incluye diapositivas de extensiones completas y contiene archivos colgantes de tama\u00f1o carta, para que sus documentos importantes est\u00e9n organizados y sean f\u00e1ciles de encontrar cuando los necesite. El retorno del escritorio se puede sujetar en el lado izquierdo o derecho de este escritorio en forma de L para su personalizaci\u00f3n.<\/p>\n<p>Los detalles adicionales de este moderno escritorio de metal incluyen un estructura de metal con recubrimiento en polvo, un panel superior perforado y un canal de administraci\u00f3n de cables que se suman al estilo y la funci\u00f3n de este art\u00edculo. Con un acabado en Umber Wood, este moderno escritorio para computadora en forma de L combina un dise\u00f1o industrial y contempor\u00e1neo inspirado en el glamour nost\u00e1lgico para un escritorio hermoso y funcional para su hogar.<\/p>\n<p>Listo para Armar, Fabricado en Paneles de Madera industrializada (MDP Y MDF) con acabados en melamina, para uso exclusivo de interiores.<\/p>\n<p>Limpiar con pa\u00f1o seco, no usar solventes ni abrasivos<\/p>\n<p>\u201cREQUIERE EMSAMBLAJE POR PARTE DEL CLIENTE, INCLUYE MANUAL DE ARMADO Y TORNILLERIA NECESARIA, NO INCLUYE ACCESORIOS DE DECORACION.\u201d<\/p>\n","protected":false},"excerpt":{"rendered":"<p>Escritorio de metal y madera cuenta con un caj\u00f3n de almacenamiento con gu\u00edas de metal y topes de seguridad para guardar los elementos esenciales de su escritorio como bol\u00edgrafos, papel<\/p>\n","protected":false},"featured_media":104906,"comment_status":"open","ping_status":"closed","template":"","meta":{"_acf_changed":false,"_joinchat":[]},"product_brand":[],"product_cat":[1827,1823,1824],"product_tag":[],"class_list":{"0":"post-104905","1":"product","2":"type-product","3":"status-publish","4":"has-post-thumbnail","6":"product_cat-escritorios","7":"product_cat-muebles","8":"product_cat-muebles-hogar","10":"first","11":"instock","12":"sale","13":"shipping-taxable","14":"purchasable","15":"product-type-simple"},"acf":[],"_links":{"self":[{"href":"https:\/\/defabrica.com.mx\/defabrica\/wp-json\/wp\/v2\/product\/104905","targetHints":{"allow":["GET"]}}],"collection":[{"href":"https:\/\/defabrica.com.mx\/defabrica\/wp-json\/wp\/v2\/product"}],"about":[{"href":"https:\/\/defabrica.com.mx\/defabrica\/wp-json\/wp\/v2\/types\/product"}],"replies":[{"embeddable":true,"href":"https:\/\/defabrica.com.mx\/defabrica\/wp-json\/wp\/v2\/comments?post=104905"}],"wp:featuredmedia":[{"embeddable":true,"href":"https:\/\/defabrica.com.mx\/defabrica\/wp-json\/wp\/v2\/media\/104906"}],"wp:attachment":[{"href":"https:\/\/defabrica.com.mx\/defabrica\/wp-json\/wp\/v2\/media?parent=104905"}],"wp:term":[{"taxonomy":"product_brand","embeddable":true,"href":"https:\/\/defabrica.com.mx\/defabrica\/wp-json\/wp\/v2\/product_brand?post=104905"},{"taxonomy":"product_cat","embeddable":true,"href":"https:\/\/defabrica.com.mx\/defabrica\/wp-json\/wp\/v2\/product_cat?post=104905"},{"taxonomy":"product_tag","embeddable":true,"href":"https:\/\/defabrica.com.mx\/defabrica\/wp-json\/wp\/v2\/product_tag?post=104905"}],"curies":[{"name":"wp","href":"https:\/\/api.w.org\/{rel}","templated":true}]}}