{"id":104899,"date":"2023-03-11T15:13:42","date_gmt":"2023-03-11T21:13:42","guid":{"rendered":"https:\/\/defabrica.com.mx\/defabrica\/?post_type=product&#038;p=104899"},"modified":"2023-03-11T15:13:43","modified_gmt":"2023-03-11T21:13:43","slug":"escritorio-l-con-repisas-y-nichos","status":"publish","type":"product","link":"https:\/\/defabrica.com.mx\/defabrica\/producto\/escritorio-l-con-repisas-y-nichos\/","title":{"rendered":"Escritorio L Con Repisas Y Nichos"},"content":{"rendered":"<p>Mueble para Armar Importado RTA (Ready to Assemble).<br \/>\nIncluye todos los tornillos, herrajes e instructivo en espa\u00f1ol.<br \/>\nNo incluye los art\u00edculos de decoraci\u00f3n ni los accesorios.<\/p>\n<p><strong>CARACTER\u00cdSTICAS PRINCIPALES:<\/strong><\/p>\n<p><strong>&#8211; Mueble tipo escritorio<\/strong><br \/>\n<strong>&#8211; Organizador de ambientes<\/strong><br \/>\n<strong>&#8211; 4 Nichos<\/strong><br \/>\n<strong>&#8211; Color Caf\u00e9<\/strong><\/p>\n<p><strong>M\u00c1S DETALLES:<\/strong><\/p>\n<ul>\n<li><strong>Peso del paquete: 22.5 kg<\/strong><\/li>\n<li><strong>Medidas: 79.8 x 37.5 x 121.5 cm<\/strong><\/li>\n<li><strong>Material: melamina<\/strong><\/li>\n<li><strong>Modelo: 2562.0006<\/strong><\/li>\n<li><strong>Condici\u00f3n: Nuevo<\/strong><\/li>\n<li><strong>Color: Caf\u00e9<\/strong><\/li>\n<\/ul>\n<p>EVITE EXPONERLO A LA HUMEDAD. ESTE MUEBLE ES SOLO PARA USO INTERIOR. NO LO EXPONGA EL CALOR EXTREMO. LIMPELO COM UM PA\u00d1O LIMPIO Y SECO.<\/p>\n","protected":false},"excerpt":{"rendered":"<p>Mueble para Armar Importado RTA (Ready to Assemble). Incluye todos los tornillos, herrajes e instructivo en espa\u00f1ol. No incluye los art\u00edculos de decoraci\u00f3n ni los accesorios. CARACTER\u00cdSTICAS PRINCIPALES: &#8211; Mueble<\/p>\n","protected":false},"featured_media":104900,"comment_status":"open","ping_status":"closed","template":"","meta":{"_acf_changed":false,"_joinchat":[]},"product_brand":[],"product_cat":[1827,1823,1824],"product_tag":[],"class_list":{"0":"post-104899","1":"product","2":"type-product","3":"status-publish","4":"has-post-thumbnail","6":"product_cat-escritorios","7":"product_cat-muebles","8":"product_cat-muebles-hogar","10":"first","11":"instock","12":"sale","13":"shipping-taxable","14":"purchasable","15":"product-type-simple"},"acf":[],"_links":{"self":[{"href":"https:\/\/defabrica.com.mx\/defabrica\/wp-json\/wp\/v2\/product\/104899","targetHints":{"allow":["GET"]}}],"collection":[{"href":"https:\/\/defabrica.com.mx\/defabrica\/wp-json\/wp\/v2\/product"}],"about":[{"href":"https:\/\/defabrica.com.mx\/defabrica\/wp-json\/wp\/v2\/types\/product"}],"replies":[{"embeddable":true,"href":"https:\/\/defabrica.com.mx\/defabrica\/wp-json\/wp\/v2\/comments?post=104899"}],"wp:featuredmedia":[{"embeddable":true,"href":"https:\/\/defabrica.com.mx\/defabrica\/wp-json\/wp\/v2\/media\/104900"}],"wp:attachment":[{"href":"https:\/\/defabrica.com.mx\/defabrica\/wp-json\/wp\/v2\/media?parent=104899"}],"wp:term":[{"taxonomy":"product_brand","embeddable":true,"href":"https:\/\/defabrica.com.mx\/defabrica\/wp-json\/wp\/v2\/product_brand?post=104899"},{"taxonomy":"product_cat","embeddable":true,"href":"https:\/\/defabrica.com.mx\/defabrica\/wp-json\/wp\/v2\/product_cat?post=104899"},{"taxonomy":"product_tag","embeddable":true,"href":"https:\/\/defabrica.com.mx\/defabrica\/wp-json\/wp\/v2\/product_tag?post=104899"}],"curies":[{"name":"wp","href":"https:\/\/api.w.org\/{rel}","templated":true}]}}