{"id":104887,"date":"2023-03-10T15:54:44","date_gmt":"2023-03-10T21:54:44","guid":{"rendered":"https:\/\/defabrica.com.mx\/defabrica\/?post_type=product&#038;p=104887"},"modified":"2023-03-10T15:54:44","modified_gmt":"2023-03-10T21:54:44","slug":"mueble-escritorio-mesa-p-computadora-beginnings","status":"publish","type":"product","link":"https:\/\/defabrica.com.mx\/defabrica\/producto\/mueble-escritorio-mesa-p-computadora-beginnings\/","title":{"rendered":"Mueble Escritorio\/mesa P\/computadora Beginnings"},"content":{"rendered":"<p>Este peque\u00f1o escritorio ofrece una superficie superior espaciosa que le brinda todo el espacio que necesita para los elementos esenciales del escritorio, como su computadora port\u00e1til, pilas de cuadernos, carpetas y su taza de caf\u00e9 caliente. Incluso tiene espacio para una peque\u00f1a decoraci\u00f3n del hogar, como una l\u00e1mpara de mesa o una planta decorativa. Este escritorio tiene un caj\u00f3n que se abre y se cierra sobre rieles de metal liso e incluye topes de seguridad. Este caj\u00f3n de almacenamiento es ideal para guardar todos sus suministros diversos como bol\u00edgrafos, l\u00e1pices y tijeras. Su dise\u00f1o simple y su aspecto encantador hacen de esta peque\u00f1a mesa de escritura una gran adici\u00f3n a cualquier habitaci\u00f3n de su hogar. Acabado en Silver Sycamore y detallado con atractivos herrajes, este escritorio de madera es justo lo que ha estado buscando.<\/p>\n<p>Listo para Armar, Fabricado en Paneles de Madera industrializada (MDP Y MDF) con acabados en melamina, para uso exclusivo de interiores.<\/p>\n<p>Limpiar con pa\u00f1o seco, no usar solventes ni abrasivos<\/p>\n<p>\u201cREQUIERE EMSAMBLAJE POR PARTE DEL CLIENTE, INCLUYE MANUAL DE ARMADO Y TORNILLERIA NECESARIA, NO INCLUYE ACCESORIOS DE DECORACION.\u201d<\/p>\n","protected":false},"excerpt":{"rendered":"<p>Este peque\u00f1o escritorio ofrece una superficie superior espaciosa que le brinda todo el espacio que necesita para los elementos esenciales del escritorio, como su computadora port\u00e1til, pilas de cuadernos, carpetas<\/p>\n","protected":false},"featured_media":104889,"comment_status":"open","ping_status":"closed","template":"","meta":{"_acf_changed":false,"_joinchat":[]},"product_brand":[],"product_cat":[1827,1823,1824],"product_tag":[],"class_list":{"0":"post-104887","1":"product","2":"type-product","3":"status-publish","4":"has-post-thumbnail","6":"product_cat-escritorios","7":"product_cat-muebles","8":"product_cat-muebles-hogar","10":"first","11":"instock","12":"sale","13":"shipping-taxable","14":"purchasable","15":"product-type-simple"},"acf":[],"_links":{"self":[{"href":"https:\/\/defabrica.com.mx\/defabrica\/wp-json\/wp\/v2\/product\/104887","targetHints":{"allow":["GET"]}}],"collection":[{"href":"https:\/\/defabrica.com.mx\/defabrica\/wp-json\/wp\/v2\/product"}],"about":[{"href":"https:\/\/defabrica.com.mx\/defabrica\/wp-json\/wp\/v2\/types\/product"}],"replies":[{"embeddable":true,"href":"https:\/\/defabrica.com.mx\/defabrica\/wp-json\/wp\/v2\/comments?post=104887"}],"wp:featuredmedia":[{"embeddable":true,"href":"https:\/\/defabrica.com.mx\/defabrica\/wp-json\/wp\/v2\/media\/104889"}],"wp:attachment":[{"href":"https:\/\/defabrica.com.mx\/defabrica\/wp-json\/wp\/v2\/media?parent=104887"}],"wp:term":[{"taxonomy":"product_brand","embeddable":true,"href":"https:\/\/defabrica.com.mx\/defabrica\/wp-json\/wp\/v2\/product_brand?post=104887"},{"taxonomy":"product_cat","embeddable":true,"href":"https:\/\/defabrica.com.mx\/defabrica\/wp-json\/wp\/v2\/product_cat?post=104887"},{"taxonomy":"product_tag","embeddable":true,"href":"https:\/\/defabrica.com.mx\/defabrica\/wp-json\/wp\/v2\/product_tag?post=104887"}],"curies":[{"name":"wp","href":"https:\/\/api.w.org\/{rel}","templated":true}]}}