{"id":104879,"date":"2023-03-10T15:43:07","date_gmt":"2023-03-10T21:43:07","guid":{"rendered":"https:\/\/defabrica.com.mx\/defabrica\/?post_type=product&#038;p=104879"},"modified":"2023-03-10T15:43:08","modified_gmt":"2023-03-10T21:43:08","slug":"mueble-escritorio-en-l-con-1-cajon","status":"publish","type":"product","link":"https:\/\/defabrica.com.mx\/defabrica\/producto\/mueble-escritorio-en-l-con-1-cajon\/","title":{"rendered":"Mueble Escritorio En L Con 1 Cajon"},"content":{"rendered":"<p>Mueble tipo escritorio color blanco, consta de 1 caj\u00f3n para colocar tus accesorios, en forma de L tipo esquinero, la amplia cubierta te brinda un gran espacio de trabajo.<\/p>\n<p>Listo para Armar, Fabricado en Paneles de Madera industrializada grosor 15 mm (MDP Y MDF), acabados con recubrimiento en melamina.<br \/>\nLimpiar con pa\u00f1o seco, no usar solventes ni abrasivos.<\/p>\n<p>\u201cREQUIERE EMSAMBLAJE POR PARTE DEL CLIENTE, INCLUYE MANUAL DE ARMADO Y TORNILLERIA NECESARIA, NO INCLUYE ACCESORIOS DE DECORACION.\u201d<\/p>\n<p>L\u00ednea exclusiva de Muebles para armar (RTA), ofrecen bienestar en el mueble de forma creativa, siempre en armon\u00eda con el consumidor y el medio ambiente, muebles de calidad con dise\u00f1o moderno.<\/p>\n","protected":false},"excerpt":{"rendered":"<p>Mueble tipo escritorio color blanco, consta de 1 caj\u00f3n para colocar tus accesorios, en forma de L tipo esquinero, la amplia cubierta te brinda un gran espacio de trabajo. Listo<\/p>\n","protected":false},"featured_media":104880,"comment_status":"open","ping_status":"closed","template":"","meta":{"_acf_changed":false,"_joinchat":[]},"product_brand":[],"product_cat":[1826,1823,1824],"product_tag":[],"class_list":{"0":"post-104879","1":"product","2":"type-product","3":"status-publish","4":"has-post-thumbnail","6":"product_cat-libreros","7":"product_cat-muebles","8":"product_cat-muebles-hogar","10":"first","11":"instock","12":"sale","13":"shipping-taxable","14":"purchasable","15":"product-type-simple"},"acf":[],"_links":{"self":[{"href":"https:\/\/defabrica.com.mx\/defabrica\/wp-json\/wp\/v2\/product\/104879","targetHints":{"allow":["GET"]}}],"collection":[{"href":"https:\/\/defabrica.com.mx\/defabrica\/wp-json\/wp\/v2\/product"}],"about":[{"href":"https:\/\/defabrica.com.mx\/defabrica\/wp-json\/wp\/v2\/types\/product"}],"replies":[{"embeddable":true,"href":"https:\/\/defabrica.com.mx\/defabrica\/wp-json\/wp\/v2\/comments?post=104879"}],"wp:featuredmedia":[{"embeddable":true,"href":"https:\/\/defabrica.com.mx\/defabrica\/wp-json\/wp\/v2\/media\/104880"}],"wp:attachment":[{"href":"https:\/\/defabrica.com.mx\/defabrica\/wp-json\/wp\/v2\/media?parent=104879"}],"wp:term":[{"taxonomy":"product_brand","embeddable":true,"href":"https:\/\/defabrica.com.mx\/defabrica\/wp-json\/wp\/v2\/product_brand?post=104879"},{"taxonomy":"product_cat","embeddable":true,"href":"https:\/\/defabrica.com.mx\/defabrica\/wp-json\/wp\/v2\/product_cat?post=104879"},{"taxonomy":"product_tag","embeddable":true,"href":"https:\/\/defabrica.com.mx\/defabrica\/wp-json\/wp\/v2\/product_tag?post=104879"}],"curies":[{"name":"wp","href":"https:\/\/api.w.org\/{rel}","templated":true}]}}