{"id":104834,"date":"2023-03-10T14:22:47","date_gmt":"2023-03-10T20:22:47","guid":{"rendered":"https:\/\/defabrica.com.mx\/defabrica\/?post_type=product&#038;p=104834"},"modified":"2023-03-10T14:22:48","modified_gmt":"2023-03-10T20:22:48","slug":"mueble-escritorio-mesa-gamer-negro-azul","status":"publish","type":"product","link":"https:\/\/defabrica.com.mx\/defabrica\/producto\/mueble-escritorio-mesa-gamer-negro-azul\/","title":{"rendered":"Mueble Escritorio\/mesa Gamer Negro\/azul"},"content":{"rendered":"<p>ofrecen bienestar en el mueble de forma creativa, flexible y rentable, siempre en armon\u00eda con el consumidor y el medio ambiente, muebles de calidad con dise\u00f1o moderno.<\/p>\n<p>Dale a tu hogar un toque especial con este Mueble de dise\u00f1o \u00fanico, Fabricado con panel de madera industrializada de 15 mm y acabado con revestimiento melam\u00ednico de Baja Presi\u00f3n (BP) termo fundido con presi\u00f3n y calor, color Negro<\/p>\n<p>Caracter\u00edsticas<br \/>\nMueble Escritorio Gamer<br \/>\n2 Estantes<br \/>\nCubierta de 2 niveles<br \/>\nColor Negro<br \/>\nSolo tiene una forma de armado, como se muestra en las im\u00e1genes.<br \/>\nRequiere ensamblaje por parte del cliente.<br \/>\nIncluye Instructivo para armar, tornillos y herrajes.<\/p>\n<p>Muebles f\u00e1ciles de armar que Combinan con su estilo y su manera de vivir.<br \/>\nLa limpieza debe realizarse con un pa\u00f1o suave o una franela seca para la retirada del polvo y una vez al mes una limpieza con el mismo tipo de pa\u00f1o suave, o franela, humedecido, sec\u00e1ndose enseguida para evitar la absorci\u00f3n y humedad.<\/p>\n","protected":false},"excerpt":{"rendered":"<p>ofrecen bienestar en el mueble de forma creativa, flexible y rentable, siempre en armon\u00eda con el consumidor y el medio ambiente, muebles de calidad con dise\u00f1o moderno. Dale a tu<\/p>\n","protected":false},"featured_media":104835,"comment_status":"open","ping_status":"closed","template":"","meta":{"_acf_changed":false,"_joinchat":[]},"product_brand":[],"product_cat":[1827,1823,1824],"product_tag":[],"class_list":{"0":"post-104834","1":"product","2":"type-product","3":"status-publish","4":"has-post-thumbnail","6":"product_cat-escritorios","7":"product_cat-muebles","8":"product_cat-muebles-hogar","10":"first","11":"instock","12":"sale","13":"shipping-taxable","14":"purchasable","15":"product-type-simple"},"acf":[],"_links":{"self":[{"href":"https:\/\/defabrica.com.mx\/defabrica\/wp-json\/wp\/v2\/product\/104834","targetHints":{"allow":["GET"]}}],"collection":[{"href":"https:\/\/defabrica.com.mx\/defabrica\/wp-json\/wp\/v2\/product"}],"about":[{"href":"https:\/\/defabrica.com.mx\/defabrica\/wp-json\/wp\/v2\/types\/product"}],"replies":[{"embeddable":true,"href":"https:\/\/defabrica.com.mx\/defabrica\/wp-json\/wp\/v2\/comments?post=104834"}],"wp:featuredmedia":[{"embeddable":true,"href":"https:\/\/defabrica.com.mx\/defabrica\/wp-json\/wp\/v2\/media\/104835"}],"wp:attachment":[{"href":"https:\/\/defabrica.com.mx\/defabrica\/wp-json\/wp\/v2\/media?parent=104834"}],"wp:term":[{"taxonomy":"product_brand","embeddable":true,"href":"https:\/\/defabrica.com.mx\/defabrica\/wp-json\/wp\/v2\/product_brand?post=104834"},{"taxonomy":"product_cat","embeddable":true,"href":"https:\/\/defabrica.com.mx\/defabrica\/wp-json\/wp\/v2\/product_cat?post=104834"},{"taxonomy":"product_tag","embeddable":true,"href":"https:\/\/defabrica.com.mx\/defabrica\/wp-json\/wp\/v2\/product_tag?post=104834"}],"curies":[{"name":"wp","href":"https:\/\/api.w.org\/{rel}","templated":true}]}}