{"id":104828,"date":"2023-03-10T14:17:43","date_gmt":"2023-03-10T20:17:43","guid":{"rendered":"https:\/\/defabrica.com.mx\/defabrica\/?post_type=product&#038;p=104828"},"modified":"2023-03-10T14:17:43","modified_gmt":"2023-03-10T20:17:43","slug":"mueble-escritorio-gamer-moderno-negro-rojo","status":"publish","type":"product","link":"https:\/\/defabrica.com.mx\/defabrica\/producto\/mueble-escritorio-gamer-moderno-negro-rojo\/","title":{"rendered":"Mueble Escritorio Gamer Moderno Negro\/rojo"},"content":{"rendered":"<p>ofrecen bienestar en el mueble de forma creativa, flexible y rentable, siempre en armon\u00eda con el consumidor y el medio ambiente, muebles de calidad con dise\u00f1o moderno.<\/p>\n<p>Dale un toque especial a tu Recamara o Sala de entretenimiento con este moderno Escritorio Gamer, es tama\u00f1o individual lo cual lo hace optimo para adecuar en cualquier habitaci\u00f3n, consta de 1 nicho para CPU est\u00e1ndar y 1 nicho superior para colocar accesorios, su incre\u00edble acabado con tono en color rojo le brindara a tu hogar una est\u00e9tica y una vista espectacular. Solo tiene una forma de Armado con los nichos al lado derecho.<\/p>\n<p>Fabricado con panel de madera industrializada de 15 mm y acabado con revestimiento melam\u00ednico de Baja Presi\u00f3n (BP) termo fundido con presi\u00f3n y calor, color Negro.<\/p>\n<p>\u201cREQUIERE ENSAMBLAJE POR PARTE DEL CLIENTE, INCLUYE MANUAL DE ARMADO Y TORNILLERIA NECESARIA, NO INCLUYE ACCESORIOS DE DECORACI\u00d3N.\u201d<\/p>\n<p>La limpieza debe realizarse con un pa\u00f1o suave o una franela seca para la retirada del polvo y una vez al mes una limpieza con el mismo tipo de pa\u00f1o suave, o franela, humedecido, sec\u00e1ndose enseguida para evitar la absorci\u00f3n y humedad.<\/p>\n","protected":false},"excerpt":{"rendered":"<p>ofrecen bienestar en el mueble de forma creativa, flexible y rentable, siempre en armon\u00eda con el consumidor y el medio ambiente, muebles de calidad con dise\u00f1o moderno. Dale un toque<\/p>\n","protected":false},"featured_media":104829,"comment_status":"open","ping_status":"closed","template":"","meta":{"_acf_changed":false,"_joinchat":[]},"product_brand":[],"product_cat":[1827,1823,1824],"product_tag":[],"class_list":{"0":"post-104828","1":"product","2":"type-product","3":"status-publish","4":"has-post-thumbnail","6":"product_cat-escritorios","7":"product_cat-muebles","8":"product_cat-muebles-hogar","10":"first","11":"instock","12":"sale","13":"shipping-taxable","14":"purchasable","15":"product-type-simple"},"acf":[],"_links":{"self":[{"href":"https:\/\/defabrica.com.mx\/defabrica\/wp-json\/wp\/v2\/product\/104828","targetHints":{"allow":["GET"]}}],"collection":[{"href":"https:\/\/defabrica.com.mx\/defabrica\/wp-json\/wp\/v2\/product"}],"about":[{"href":"https:\/\/defabrica.com.mx\/defabrica\/wp-json\/wp\/v2\/types\/product"}],"replies":[{"embeddable":true,"href":"https:\/\/defabrica.com.mx\/defabrica\/wp-json\/wp\/v2\/comments?post=104828"}],"wp:featuredmedia":[{"embeddable":true,"href":"https:\/\/defabrica.com.mx\/defabrica\/wp-json\/wp\/v2\/media\/104829"}],"wp:attachment":[{"href":"https:\/\/defabrica.com.mx\/defabrica\/wp-json\/wp\/v2\/media?parent=104828"}],"wp:term":[{"taxonomy":"product_brand","embeddable":true,"href":"https:\/\/defabrica.com.mx\/defabrica\/wp-json\/wp\/v2\/product_brand?post=104828"},{"taxonomy":"product_cat","embeddable":true,"href":"https:\/\/defabrica.com.mx\/defabrica\/wp-json\/wp\/v2\/product_cat?post=104828"},{"taxonomy":"product_tag","embeddable":true,"href":"https:\/\/defabrica.com.mx\/defabrica\/wp-json\/wp\/v2\/product_tag?post=104828"}],"curies":[{"name":"wp","href":"https:\/\/api.w.org\/{rel}","templated":true}]}}